{"id":78,"date":"2021-11-16T05:43:07","date_gmt":"2021-11-16T05:43:07","guid":{"rendered":"http:\/\/localhost\/ark-vn\/?post_type=product&#038;p=78"},"modified":"2025-10-30T23:48:58","modified_gmt":"2025-10-30T16:48:58","slug":"diaphragm-metering-pump","status":"publish","type":"product","link":"https:\/\/arkvietnam.com\/en\/san-pham\/bom-dinh-luong\/may-bom-dinh-luong-mang\/","title":{"rendered":"DIAPHRAGM METERING PUMP"},"content":{"rendered":"<p>ARK diaphragm metering pump is the leading product in the market. It is manufactured on production lines imported from Korea. Guaranteed quality, competitive price, and the best sales service. The product has two color options are: <span style=\"color: #0000ff;\">blue \u2013 violet<\/span> and <span style=\"color: #f99b1c;\">bright yellow <\/span>with many models with different flow rate and capacity.<\/p>\n<h3><strong>Overview of ARK Diaphragm Metering Pump<\/strong><\/h3>\n<table style=\"width: 100%;\">\n<tbody>\n<tr>\n<td><strong>Production line<\/strong><\/td>\n<td>the Republic of Korea<\/td>\n<\/tr>\n<tr>\n<td><strong>Design<\/strong><\/td>\n<td>compact, easy to install<\/td>\n<\/tr>\n<tr>\n<td><strong>Pump head<\/strong><\/td>\n<td>ABS, STS304<\/td>\n<\/tr>\n<tr>\n<td><strong>Filter Membrane<\/strong><\/td>\n<td>PTFE<\/td>\n<\/tr>\n<tr>\n<td><strong>Other materials<\/strong><\/td>\n<td>CERAMIC, STS304<\/td>\n<\/tr>\n<tr>\n<td><strong>Ability<\/strong><\/td>\n<td>all kinds of liquids, corrosive, thickened fluids, viscous<\/td>\n<\/tr>\n<tr>\n<td><strong>Idling<\/strong><\/td>\n<td>Yes<\/td>\n<\/tr>\n<\/tbody>\n<\/table>\n<p>&nbsp;<\/p>\n<h3><strong>What is the diaphragm metering pump?<\/strong><\/h3>\n<p>ARK diaphragm metering pump was born mainly to serve the needs of business customers. It is a modern metering pump. It can regulate the liquid flow during pumping. Therefore, the pumping process is easily controlled. Outstanding advantages with high pressure in the pump head. Therefore, there are many special applications compared with other metering pumps of other manufacturers.<\/p>\n<p>The basic principle of this kind of pump is not complicated. Only different from conventional pumps is the ability to quantify liquid flow.<\/p>\n<h3><strong>C\u1ea5u t\u1ea1o\u00a0<\/strong><\/h3>\n<p>The structure of the metering pump is quite simple, consisting of 4 parts:<\/p>\n<ol>\n<li>The pump port or connection port connects to the liquid tube. This part includes 2 tubes, which have the role of pumping and discharging liquid. They have the flexibility to move in many different directions. Besides, the metering pump port is simple to use and install easily. There are two main types of pump ports: double pump port and single pump port.<\/li>\n<li>Pump chamber: The pump chamber or pump body consists of two chambers, used to store liquids. This is the part interacts the most with liquid, so it is resistant to rust, corrosion\u2026<\/li>\n<li>Diaphragm pump and ball pump valve. The diaphragm pump consists of 2 membranes. This is a part used to separate liquids from the air. They are operated alternately to pressurize the air chamber, pushing and sucking liquid. Besides, the ball valve is responsible for regulating the flow of liquid, cyclically.<\/li>\n<li>Diaphragm pump air valves are used to disperse compressed air to either side of the air chamber. This leads to the activity of the pump diaphragm. In particular, they are capable of self-lubricating.<\/li>\n<\/ol>\n<h3><strong>Advantages\u00a0<\/strong><\/h3>\n<ul>\n<li>The most noticeable advantage of the pump is its small size. It is easy to operate, move, install and maintain.<\/li>\n<li>ARK Diaphragm metering pump is constructed of high-quality raw materials. Therefore it is durable and resistant to highly corrosive liquids. Some components can be mentioned as PTFE <em>(Polytetrafluoroethylene)<\/em> make filter. ABS plastic, STS304 stainless steel and ceramic balls pump valve.<\/li>\n<li>Fully meet all demands and pumping needs of different types of liquids. For example: acids, alkalis, sludge, solvents, toxic substances, polymers, detergents, dyes, catalysts, cosmetic chemicals, foods, pharmaceuticals, paints, inks, glues, gasoline, pulp, ... Even the viscous solutions does not make this pump difficult. Therefore, it has diverse applications in many manufacturing industries.<\/li>\n<li>Can be idling. The pump can still work normally even liquid shortage. Motor or the internal components are not being damaged, for a certain period of time.<\/li>\n<\/ul>\n<h3>CALL \ud83d\udcde<span style=\"color: #ff0000;\"><strong>0977 675 754 <\/strong><\/span>NOW FOR CONSULTING, FREE TRIAL RUN<\/h3>","protected":false},"excerpt":{"rendered":"<ul>\n<li>Thi\u1ebft k\u1ebf: nh\u1ecf g\u1ecdn<\/li>\n<li>\u0110\u1ed9 b\u1ec1n: cao<\/li>\n<li>\u0110\u1ea7u b\u01a1m: ABS, STS304<\/li>\n<li>M\u00e0ng l\u1ecdc: PTFE<\/li>\n<li>B\u00f3ng: CERAMIC, STS304<\/li>\n<\/ul>\n<div class=\"ff_form_modal\"><button data-lity data-lity-target=\"#ff_modal_instance_1\" class=\"ff_modal_btn hidden-fluent-trigger button primary\"><span>Th\u00eam v\u00e0o gi\u1ecf h\u00e0ng<\/span><\/button><div style=\"display: none\" class=\"ff_form_modal_body\"><div style=\"background-color: white\" class=\"ff_modal_container lity-hide\" id=\"ff_modal_instance_1\"><div class='fluentform ff-default fluentform_wrapper_10 ffs_default_wrap'><form data-form_id=\"10\" id=\"fluentform_10\" class=\"frm-fluent-form fluent_form_10 ff-el-form-top ff_form_instance_10_1 ff-form-loading ff_has_v3_recptcha ffs_default\" data-form_instance=\"ff_form_instance_10_1\" method=\"POST\" data-recptcha_key=\"6Lco2PQrAAAAAOjXGpzyXZJlq47xxkolKJ45tCGI\" ><fieldset  style=\"border: none!important;margin: 0!important;padding: 0!important;background-color: transparent!important;box-shadow: none!important;outline: none!important; min-inline-size: 100%;\">\n                    <legend class=\"ff_screen_reader_title\" style=\"display: block; margin: 0!important;padding: 0!important;height: 0!important;text-indent: -999999px;width: 0!important;overflow:hidden;\">PUMP<\/legend><p style=\"display: none !important;\" class=\"akismet-fields-container\" data-prefix=\"ak_\"><label>&#916;<textarea name=\"ak_hp_textarea\" cols=\"45\" rows=\"8\" maxlength=\"100\"><\/textarea><\/label><input type=\"hidden\" id=\"ak_js_1\" name=\"ak_js\" value=\"106\"\/><script>document.getElementById( \"ak_js_1\" ).setAttribute( \"value\", ( new Date() ).getTime() );<\/script><\/p>        <div\n                style=\"display: none!important; position: absolute!important; transform: translateX(1000%)!important;\"\n                class=\"ff-el-group ff-hpsf-container\"\n        >\n            <div class=\"ff-el-input--label asterisk-right\">\n                <label for=\"ff_10_item_sf\" aria-label=\"Notify\">\n                    Notify                <\/label>\n            <\/div>\n            <div class=\"ff-el-input--content\">\n                <input type=\"text\"\n                       name=\"item_10__fluent_sf\"\n                       class=\"ff-el-form-control\"\n                       id=\"ff_10_item_sf\"\n                \/>\n            <\/div>\n        <\/div>\n                <input type=\"hidden\" id=\"__fluent_protection_token_10\" class=\"fluent-form-token-field\" name=\"__fluent_protection_token_10\">\n        <input type='hidden' name='__fluent_form_embded_post_id' value='78' \/><input type=\"hidden\" id=\"_fluentform_10_fluentformnonce\" name=\"_fluentform_10_fluentformnonce\" value=\"f88043c076\" \/><input type=\"hidden\" name=\"_wp_http_referer\" value=\"\/en\/wp-json\/wp\/v2\/product\/78\" \/><div class='ff-el-group  ff-custom_html' tabindex='-1' data-name=\"custom_html-10_1\" ><h2><span style=\"color: #3a1e7f\">DOWNLOAD<\/span><\/h2>\n<p>Ch\u00fang t\u00f4i s\u1ebd s\u1eb5n l\u00f2ng tr\u1ee3 gi\u00fap b\u1ea1n! Ch\u00fang t\u00f4i s\u1ebd c\u00f3 th\u1ec3 \u0111\u00e1p \u1ee9ng y\u00eau c\u1ea7u b\u00e1o gi\u00e1 c\u1ee7a b\u1ea1n ngay khi nh\u1eadn th\u00f4ng tin.<\/p><\/div><div data-name=\"ff_cn_id_1\"  class='ff-t-container ff-column-container ff_columns_total_1 '><div class='ff-t-cell ff-t-column-1' style='flex-basis: 100%;'><div class='ff-el-group hiddens'><div class=\"ff-el-input--label asterisk-right\"><label for='ff_10_input_text_1' id='label_ff_10_input_text_1' aria-label=\"Product name\">Product name<\/label><\/div><div class='ff-el-input--content'><input type=\"text\" name=\"input_text_1\" value=\"M\u00c1Y B\u01a0M \u0110\u1ecaNH L\u01af\u1ee2NG M\u00c0NG\" class=\"ff-el-form-control\" placeholder=\"Product name\" data-name=\"input_text_1\" id=\"ff_10_input_text_1\"  aria-invalid=\"false\" aria-required=false><\/div><\/div><div class='ff-el-group hiddens ff_list_inline'><div class=\"ff-el-input--label asterisk-right\"><label   aria-label=\"Selected Type(M\u00c1Y \u00c9P B\u00d9N TR\u1ee4C V\u00cdT \u0110A \u0110\u0128A)\">Selected Type(M\u00c1Y \u00c9P B\u00d9N TR\u1ee4C V\u00cdT \u0110A \u0110\u0128A)<\/label><\/div><div class='ff-el-input--content'><div class='ff-el-form-check ff-el-form-check-'><label class='ff-el-form-check-label' for='selected_type_d44d5b2480f924b7f360b082235c046b'><input  type=\"radio\" name=\"selected_type\" data-name=\"selected_type\" class=\"ff-el-form-check-input ff-el-form-check-radio\" value=\"blue-violet\"  id='selected_type_d44d5b2480f924b7f360b082235c046b' aria-label='PURPLE' aria-invalid='false' aria-required=false> <span>PURPLE<\/span><\/label><\/div><div class='ff-el-form-check ff-el-form-check-'><label class='ff-el-form-check-label' for='selected_type_db65c4c014e58164cdc8f2ada9ebd51b'><input  type=\"radio\" name=\"selected_type\" data-name=\"selected_type\" class=\"ff-el-form-check-input ff-el-form-check-radio\" value=\"bright-yellow\"  id='selected_type_db65c4c014e58164cdc8f2ada9ebd51b' aria-label='YELLOW' aria-invalid='false' aria-required=false> <span>YELLOW<\/span><\/label><\/div><\/div><\/div><div class='ff-el-group hiddens ff_list_inline'><div class=\"ff-el-input--label ff-el-is-required asterisk-right\"><label   aria-label=\"Selected models(PUMP)\">Selected models(PUMP)<\/label><\/div><div class='ff-el-input--content'><div class='ff-el-form-check ff-el-form-check- ff_item_selected'><label class='ff-el-form-check-label' for='selected_models_102d00fa838b50369cd18c266427e242'><input  type=\"radio\" name=\"selected_models\" data-name=\"selected_models\" class=\"ff-el-form-check-input ff-el-form-check-radio\" checked=\"1\" value=\"ARMP-50\"  id='selected_models_102d00fa838b50369cd18c266427e242' aria-label='ARMP-50' aria-invalid='false' aria-required=true> <span>ARMP-50<\/span><\/label><\/div><div class='ff-el-form-check ff-el-form-check-'><label class='ff-el-form-check-label' for='selected_models_745fae555a5eed4f2f6f07b29899629b'><input  type=\"radio\" name=\"selected_models\" data-name=\"selected_models\" class=\"ff-el-form-check-input ff-el-form-check-radio\" value=\"ARMP-100\"  id='selected_models_745fae555a5eed4f2f6f07b29899629b' aria-label='ARMP-100' aria-invalid='false' aria-required=true> <span>ARMP-100<\/span><\/label><\/div><div class='ff-el-form-check ff-el-form-check-'><label class='ff-el-form-check-label' for='selected_models_a3eb05a2d7f6367307423969c24261bb'><input  type=\"radio\" name=\"selected_models\" data-name=\"selected_models\" class=\"ff-el-form-check-input ff-el-form-check-radio\" value=\"ARMP-300\"  id='selected_models_a3eb05a2d7f6367307423969c24261bb' aria-label='ARMP-300' aria-invalid='false' aria-required=true> <span>ARMP-300<\/span><\/label><\/div><div class='ff-el-form-check ff-el-form-check-'><label class='ff-el-form-check-label' for='selected_models_3b41554e5fedcf2aa486d0f069397aaf'><input  type=\"radio\" name=\"selected_models\" data-name=\"selected_models\" class=\"ff-el-form-check-input ff-el-form-check-radio\" value=\"ARMP-500\"  id='selected_models_3b41554e5fedcf2aa486d0f069397aaf' aria-label='ARMP-500' aria-invalid='false' aria-required=true> <span>ARMP-500<\/span><\/label><\/div><div class='ff-el-form-check ff-el-form-check-'><label class='ff-el-form-check-label' for='selected_models_9f27733df9c04f81e1ee41964115dcf3'><input  type=\"radio\" name=\"selected_models\" data-name=\"selected_models\" class=\"ff-el-form-check-input ff-el-form-check-radio\" value=\"ARMP-1200\"  id='selected_models_9f27733df9c04f81e1ee41964115dcf3' aria-label='ARMP-1200' aria-invalid='false' aria-required=true> <span>ARMP-1200<\/span><\/label><\/div><div class='ff-el-form-check ff-el-form-check-'><label class='ff-el-form-check-label' for='selected_models_f16d957bc69dde274acdf26a29dc9848'><input  type=\"radio\" name=\"selected_models\" data-name=\"selected_models\" class=\"ff-el-form-check-input ff-el-form-check-radio\" value=\"ARMP-1800\"  id='selected_models_f16d957bc69dde274acdf26a29dc9848' aria-label='ARMP-1800' aria-invalid='false' aria-required=true> <span>ARMP-1800<\/span><\/label><\/div><div class='ff-el-form-check ff-el-form-check-'><label class='ff-el-form-check-label' for='selected_models_4544ef80c997de54ded827dcecacfcef'><input  type=\"radio\" name=\"selected_models\" data-name=\"selected_models\" class=\"ff-el-form-check-input ff-el-form-check-radio\" value=\"ARMP-2300\"  id='selected_models_4544ef80c997de54ded827dcecacfcef' aria-label='ARMP-2300' aria-invalid='false' aria-required=true> <span>ARMP-2300<\/span><\/label><\/div><div class='ff-el-form-check ff-el-form-check-'><label class='ff-el-form-check-label' for='selected_models_7509ac73e075223440c13d3bdde006e7'><input  type=\"radio\" name=\"selected_models\" data-name=\"selected_models\" class=\"ff-el-form-check-input ff-el-form-check-radio\" value=\"ARMP-2800\"  id='selected_models_7509ac73e075223440c13d3bdde006e7' aria-label='ARMP-2800' aria-invalid='false' aria-required=true> <span>ARMP-2800<\/span><\/label><\/div><div class='ff-el-form-check ff-el-form-check-'><label class='ff-el-form-check-label' for='selected_models_42ab96a15a3e6cfa7c811a5a85adafc8'><input  type=\"radio\" name=\"selected_models\" data-name=\"selected_models\" class=\"ff-el-form-check-input ff-el-form-check-radio\" value=\"ARMP-3400\"  id='selected_models_42ab96a15a3e6cfa7c811a5a85adafc8' aria-label='ARMP-3400' aria-invalid='false' aria-required=true> <span>ARMP-3400<\/span><\/label><\/div><div class='ff-el-form-check ff-el-form-check-'><label class='ff-el-form-check-label' for='selected_models_ce83bd2bde591e3a3619685e149d3319'><input  type=\"radio\" name=\"selected_models\" data-name=\"selected_models\" class=\"ff-el-form-check-input ff-el-form-check-radio\" value=\"ARMP-4000\"  id='selected_models_ce83bd2bde591e3a3619685e149d3319' aria-label='ARMP-4000' aria-invalid='false' aria-required=true> <span>ARMP-4000<\/span><\/label><\/div><div class='ff-el-form-check ff-el-form-check-'><label class='ff-el-form-check-label' for='selected_models_be0f53143458fb064a04ec62064728ff'><input  type=\"radio\" name=\"selected_models\" data-name=\"selected_models\" class=\"ff-el-form-check-input ff-el-form-check-radio\" value=\"ARMP-4600\"  id='selected_models_be0f53143458fb064a04ec62064728ff' aria-label='ARMP-4600' aria-invalid='false' aria-required=true> <span>ARMP-4600<\/span><\/label><\/div><div class='ff-el-form-check ff-el-form-check-'><label class='ff-el-form-check-label' for='selected_models_aa6b1c033821aff9899baf8cc5f78be3'><input  type=\"radio\" name=\"selected_models\" data-name=\"selected_models\" class=\"ff-el-form-check-input ff-el-form-check-radio\" value=\"ARMP-5200\"  id='selected_models_aa6b1c033821aff9899baf8cc5f78be3' aria-label='ARMP-5200' aria-invalid='false' aria-required=true> <span>ARMP-5200<\/span><\/label><\/div><div class='ff-el-form-check ff-el-form-check-'><label class='ff-el-form-check-label' for='selected_models_32f859600fef860cc71df03c0b78c217'><input  type=\"radio\" name=\"selected_models\" data-name=\"selected_models\" class=\"ff-el-form-check-input ff-el-form-check-radio\" value=\"ARMP-5800\"  id='selected_models_32f859600fef860cc71df03c0b78c217' aria-label='ARMP-5800' aria-invalid='false' aria-required=true> <span>ARMP-5800<\/span><\/label><\/div><div class='ff-el-form-check ff-el-form-check-'><label class='ff-el-form-check-label' for='selected_models_e5798f115f21f4cd14c0eb255fa17429'><input  type=\"radio\" name=\"selected_models\" data-name=\"selected_models\" class=\"ff-el-form-check-input ff-el-form-check-radio\" value=\"ARMP-6200\"  id='selected_models_e5798f115f21f4cd14c0eb255fa17429' aria-label='ARMP-6200' aria-invalid='false' aria-required=true> <span>ARMP-6200<\/span><\/label><\/div><div class='ff-el-form-check ff-el-form-check-'><label class='ff-el-form-check-label' for='selected_models_5107b0eb7c508f4dbcbf48ef7a9ab834'><input  type=\"radio\" name=\"selected_models\" data-name=\"selected_models\" class=\"ff-el-form-check-input ff-el-form-check-radio\" value=\"ARMP-6700\"  id='selected_models_5107b0eb7c508f4dbcbf48ef7a9ab834' aria-label='ARMP-6700' aria-invalid='false' aria-required=true> <span>ARMP-6700<\/span><\/label><\/div><\/div><\/div><div data-type=\"name-element\" data-name=\"names\" class=\" ff-field_container ff-name-field-wrapper\" ><div class='ff-t-container'><div class='ff-t-cell '><div class='ff-el-group  ff-el-form-hide_label'><div class=\"ff-el-input--label ff-el-is-required asterisk-right\"><label for='ff_10_names_last_name_' id='label_ff_10_names_last_name_' >Name<\/label><\/div><div class='ff-el-input--content'><input type=\"text\" name=\"names[last_name]\" id=\"ff_10_names_last_name_\" class=\"ff-el-form-control\" placeholder=\"H\u1ecd v\u00e0 t\u00ean\" aria-invalid=\"false\" aria-required=true><\/div><\/div><\/div><\/div><\/div><div class='ff-el-group ff-el-form-hide_label'><div class=\"ff-el-input--label ff-el-is-required asterisk-right\"><label for='ff_10_input_text' id='label_ff_10_input_text' aria-label=\"Company name\">Company name<\/label><\/div><div class='ff-el-input--content'><input type=\"text\" name=\"input_text\" class=\"ff-el-form-control\" placeholder=\"C\u00f4ng ty\" data-name=\"input_text\" id=\"ff_10_input_text\"  aria-invalid=\"false\" aria-required=true><\/div><\/div><div class='ff-el-group ff-el-form-hide_label'><div class=\"ff-el-input--label ff-el-is-required asterisk-right\"><label for='ff_10_email_1' id='label_ff_10_email_1' aria-label=\"Email\">Email<\/label><\/div><div class='ff-el-input--content'><input type=\"email\" name=\"email_1\" id=\"ff_10_email_1\" class=\"ff-el-form-control\" placeholder=\"Email Address\" data-name=\"email_1\"  aria-invalid=\"false\" aria-required=true><\/div><\/div><div class='ff-el-group ff-el-form-hide_label'><div class=\"ff-el-input--label ff-el-is-required asterisk-right\"><label for='ff_10_phone' id='label_ff_10_phone' aria-label=\"S\u1ed1 \u0111i\u1ec7n tho\u1ea1i\">S\u1ed1 \u0111i\u1ec7n tho\u1ea1i<\/label><\/div><div class='ff-el-input--content'><input name=\"phone\" class=\"ff-el-form-control ff-el-phone\" type=\"tel\" placeholder=\"S\u1ed1 \u0111i\u1ec7n tho\u1ea1i\" data-name=\"phone\" id=\"ff_10_phone\" inputmode=\"tel\"  aria-invalid='false' aria-required=true><\/div><\/div><div class='ff-el-group ff-el-form-hide_label'><div class=\"ff-el-input--label asterisk-right\"><label for='ff_10_description' id='label_ff_10_description' aria-label=\"Ghi ch\u00fa\">Ghi ch\u00fa<\/label><\/div><div class='ff-el-input--content'><textarea aria-required=\"false\" aria-labelledby=\"label_ff_10_description\" name=\"description\" id=\"ff_10_description\" class=\"ff-el-form-control\" placeholder=\"Ghi ch\u00fa\" rows=\"3\" cols=\"2\" data-name=\"description\" ><\/textarea><\/div><\/div><\/div><\/div><div class='ff-el-group ff-text-center ff_submit_btn_wrapper'><button type=\"submit\" class=\"ff-btn ff-btn-submit ff-btn-md ff_btn_style wpf_has_custom_css\"  aria-label=\"DOWNLOAD\">DOWNLOAD<\/button><\/div><\/fieldset><\/form><div id='fluentform_10_errors' class='ff-errors-in-stack ff_form_instance_10_1 ff-form-loading_errors ff_form_instance_10_1_errors'><\/div><\/div>            <script type=\"text\/javascript\">\n                window.fluent_form_ff_form_instance_10_1 = {\"id\":\"10\",\"ajaxUrl\":\"https:\\\/\\\/arkvietnam.com\\\/wp-admin\\\/admin-ajax.php\",\"settings\":{\"layout\":{\"labelPlacement\":\"top\",\"helpMessagePlacement\":\"with_label\",\"errorMessagePlacement\":\"inline\",\"cssClassName\":\"\",\"asteriskPlacement\":\"asterisk-right\"},\"restrictions\":{\"denyEmptySubmission\":{\"enabled\":false}}},\"form_instance\":\"ff_form_instance_10_1\",\"form_id_selector\":\"fluentform_10\",\"rules\":{\"input_text_1\":{\"required\":{\"value\":false,\"message\":\"Tr\\u01b0\\u1eddng n\\u00e0y l\\u00e0 b\\u1eaft bu\\u1ed9c\",\"global_message\":\"Tr\\u01b0\\u1eddng n\\u00e0y l\\u00e0 b\\u1eaft bu\\u1ed9c\",\"global\":true}},\"selected_type\":{\"required\":{\"value\":false,\"message\":\"Tr\\u01b0\\u1eddng n\\u00e0y l\\u00e0 b\\u1eaft bu\\u1ed9c\",\"global_message\":\"Tr\\u01b0\\u1eddng n\\u00e0y l\\u00e0 b\\u1eaft bu\\u1ed9c\",\"global\":true}},\"selected_models\":{\"required\":{\"value\":true,\"message\":\"Tr\\u01b0\\u1eddng n\\u00e0y l\\u00e0 b\\u1eaft bu\\u1ed9c\",\"global_message\":\"Tr\\u01b0\\u1eddng n\\u00e0y l\\u00e0 b\\u1eaft bu\\u1ed9c\",\"global\":true}},\"names[first_name]\":{\"required\":{\"value\":false,\"message\":\"This field is required\",\"global\":false,\"global_message\":\"Tr\\u01b0\\u1eddng n\\u00e0y l\\u00e0 b\\u1eaft bu\\u1ed9c\"}},\"names[middle_name]\":{\"required\":{\"value\":false,\"message\":\"This field is required\",\"global\":false,\"global_message\":\"Tr\\u01b0\\u1eddng n\\u00e0y l\\u00e0 b\\u1eaft bu\\u1ed9c\"}},\"names[last_name]\":{\"required\":{\"value\":true,\"message\":\"This field is required\",\"global\":false,\"global_message\":\"Tr\\u01b0\\u1eddng n\\u00e0y l\\u00e0 b\\u1eaft bu\\u1ed9c\"}},\"input_text\":{\"required\":{\"value\":true,\"message\":\"Tr\\u01b0\\u1eddng n\\u00e0y l\\u00e0 b\\u1eaft bu\\u1ed9c\",\"global_message\":\"Tr\\u01b0\\u1eddng n\\u00e0y l\\u00e0 b\\u1eaft bu\\u1ed9c\",\"global\":true}},\"email_1\":{\"required\":{\"value\":true,\"message\":\"Tr\\u01b0\\u1eddng n\\u00e0y l\\u00e0 b\\u1eaft bu\\u1ed9c\",\"global_message\":\"Tr\\u01b0\\u1eddng n\\u00e0y l\\u00e0 b\\u1eaft bu\\u1ed9c\",\"global\":true},\"email\":{\"value\":true,\"message\":\"Tr\\u01b0\\u1eddng n\\u00e0y ph\\u1ea3i ch\\u1ee9a m\\u1ed9t email h\\u1ee3p l\\u1ec7\",\"global_message\":\"Tr\\u01b0\\u1eddng n\\u00e0y ph\\u1ea3i ch\\u1ee9a m\\u1ed9t email h\\u1ee3p l\\u1ec7\",\"global\":true}},\"phone\":{\"required\":{\"value\":true,\"global\":true,\"message\":\"Tr\\u01b0\\u1eddng n\\u00e0y l\\u00e0 b\\u1eaft bu\\u1ed9c\",\"global_message\":\"Tr\\u01b0\\u1eddng n\\u00e0y l\\u00e0 b\\u1eaft bu\\u1ed9c\"},\"valid_phone_number\":{\"value\":false,\"global\":true,\"message\":\"S\\u1ed1 \\u0111i\\u1ec7n tho\\u1ea1i kh\\u00f4ng h\\u1ee3p l\\u1ec7\",\"global_message\":\"S\\u1ed1 \\u0111i\\u1ec7n tho\\u1ea1i kh\\u00f4ng h\\u1ee3p l\\u1ec7\"}},\"description\":{\"required\":{\"value\":false,\"message\":\"Tr\\u01b0\\u1eddng n\\u00e0y l\\u00e0 b\\u1eaft bu\\u1ed9c\",\"global_message\":\"Tr\\u01b0\\u1eddng n\\u00e0y l\\u00e0 b\\u1eaft bu\\u1ed9c\",\"global\":true}},\"g-recaptcha-response\":[]},\"debounce_time\":300};\n                            <\/script>\n            <\/div><\/div><\/div>\n","protected":false},"featured_media":949,"comment_status":"open","ping_status":"closed","template":"","meta":{"_acf_changed":false,"_gspb_post_css":""},"product_brand":[],"product_cat":[49],"product_tag":[134],"class_list":{"0":"post-78","1":"product","2":"type-product","3":"status-publish","4":"has-post-thumbnail","6":"product_cat-bom-dinh-luong","7":"product_tag-may-bom-hoa-chat","9":"first","10":"instock","11":"featured","12":"shipping-taxable","13":"product-type-variable","14":"has-default-attributes"},"acf":[],"_links":{"self":[{"href":"https:\/\/arkvietnam.com\/en\/wp-json\/wp\/v2\/product\/78","targetHints":{"allow":["GET"]}}],"collection":[{"href":"https:\/\/arkvietnam.com\/en\/wp-json\/wp\/v2\/product"}],"about":[{"href":"https:\/\/arkvietnam.com\/en\/wp-json\/wp\/v2\/types\/product"}],"replies":[{"embeddable":true,"href":"https:\/\/arkvietnam.com\/en\/wp-json\/wp\/v2\/comments?post=78"}],"wp:featuredmedia":[{"embeddable":true,"href":"https:\/\/arkvietnam.com\/en\/wp-json\/wp\/v2\/media\/949"}],"wp:attachment":[{"href":"https:\/\/arkvietnam.com\/en\/wp-json\/wp\/v2\/media?parent=78"}],"wp:term":[{"taxonomy":"product_brand","embeddable":true,"href":"https:\/\/arkvietnam.com\/en\/wp-json\/wp\/v2\/product_brand?post=78"},{"taxonomy":"product_cat","embeddable":true,"href":"https:\/\/arkvietnam.com\/en\/wp-json\/wp\/v2\/product_cat?post=78"},{"taxonomy":"product_tag","embeddable":true,"href":"https:\/\/arkvietnam.com\/en\/wp-json\/wp\/v2\/product_tag?post=78"}],"curies":[{"name":"wp","href":"https:\/\/api.w.org\/{rel}","templated":true}]}}