{"id":76,"date":"2021-11-16T05:42:10","date_gmt":"2021-11-16T05:42:10","guid":{"rendered":"http:\/\/localhost\/ark-vn\/?post_type=product&#038;p=76"},"modified":"2025-11-23T12:36:32","modified_gmt":"2025-11-23T05:36:32","slug":"thiet-bi-hoa-tan-polyme-tu-dong-freeta-%ce%b1","status":"publish","type":"product","link":"https:\/\/arkvietnam.com\/en\/san-pham\/thiet-bi-hoa-tan-polyme\/thiet-bi-hoa-tan-polyme-tu-dong-freeta-%ce%b1\/","title":{"rendered":"POLYMER MIXING TANK FREETA-\u03b1"},"content":{"rendered":"<h3><strong>Product Overview<\/strong><\/h3>\n<table style=\"width: 100%;\">\n<tbody>\n<tr>\n<td><strong>Material<\/strong><\/td>\n<td>304 stainless steel, anti-corrosion, durable<\/td>\n<\/tr>\n<tr>\n<td><strong>Ability<\/strong><\/td>\n<td>completely dissolve polymer<\/td>\n<\/tr>\n<tr>\n<td><strong>Suitable for<\/strong><\/td>\n<td>powder, emulsion, solution polymers<\/td>\n<\/tr>\n<tr>\n<td><strong>Advantage<\/strong><\/td>\n<td>large capacity, continuous polymer supply<\/td>\n<\/tr>\n<tr>\n<td><strong>Product range<\/strong><\/td>\n<td>variety, many options<\/td>\n<\/tr>\n<\/tbody>\n<\/table>\n<p><strong>FREETA-\u03b1<\/strong> is a 3-stages emulsion and powder dissolving equipment. This device is made from high corrosion-resistant SS304 stainless steel material. It consists of 3 chambers with 3 motors. Each motor controls a separate impeller system in each chamber. This helps maximize polymer dissolution. Especially powdered form is insoluble.<\/p>\n<p>Three compartments include a primary dissolving chamber, secondary dissolving chamber, and final dissolving chamber. The polymer solution is fed into the machine (for decanter centrifuge), or through reaction tank to create sludge precipitation (for others). All compartments have an interconnected valve, which helps to maintain a constant concentration of the polymer solution. They feed to sludge dewatering to work continuously.<\/p>\n<h3><strong>Solubility of polymers<\/strong><\/h3>\n<p>Polymers exist in three forms: solid, emulsion, and soluble solution. The soluble form is the result of dissolving powder and emulsion polymers. Among them, powder polymer is the most popular, because of its easy storage, preservation, and transportation convenience.<\/p>\n<p>However, the characteristic of this polymer is that it is difficult to dissolve. That polymer is only soluble in water at very low concentrations. The stirring system creates whirlpools that interact with polymer particles many times. The complete wetting process covers the entire polymer particles with a cover of water. With this surrounding cover, the polymer will be more soluble in water. Without this, surface tension would limit the interaction of the polymer particles with water, making it more difficult for dissolving completely.<\/p>\n<h3><strong>Advantages of FREETA-\u03b1<\/strong><\/h3>\n<p>The main factor of the dissolution is agitation. If agitation is too slow, the polymer cannot dissolve in water. If it is too fast, the fibrous structure of the polymer will break down and inactivate. To solve this problem, the FREETA-\u03b1 is designed to control the stirring motor. In addition, the structure with many chambers constant the retention time for the fibrous structure of the polymer solution. The aim is to dissolve completely.<\/p>\n<p>The long fibrous structure of the polymer after dissolution must undergo a certain waiting time, for this twisted structure to be stretched. FREETA-\u03b1 allows incubation in the optimal time from 30-60 minutes depending on the capacity of each model. Dissolved polymer solution has a high viscosity, no air bubbles, and no undissolved polymer particles. Concentration in the range 0.15 - 0.2%.<\/p>\n<p>FREETA-\u03b1 has many versions with diverse volumes to suit all needs of customers.<\/p>\n<h3>CALL \ud83d\udcde<span style=\"color: #ff0000;\"><strong>0977 675 754 <\/strong><\/span>NOW FOR CONSULTING, FREE TRIAL RUN<\/h3>","protected":false},"excerpt":{"rendered":"<ul>\n<li>Thi\u1ebft k\u1ebf 3 ng\u0103n, h\u00f2a tan 3 giai \u0111o\u1ea1n<\/li>\n<li>Ph\u00f9 h\u1ee3p v\u1edbi c\u1ea3 polyme d\u1ea1ng b\u1ed9t, nh\u0169 t\u01b0\u01a1ng<\/li>\n<li>Dung t\u00edch l\u1edbn, ch\u1ea5t li\u1ec7u th\u00e9p kh\u00f4ng g\u1ec9<\/li>\n<li>3 \u0111\u1ed9ng c\u01a1 khu\u1ea5y, duy tr\u00ec, ki\u1ec3m so\u00e1t n\u1ed3ng \u0111\u1ed9 polyme<\/li>\n<li>Cung c\u1ea5p dung d\u1ecbch polyme li\u00ean t\u1ee5c, hi\u1ec7u qu\u1ea3<\/li>\n<\/ul>\n<div class=\"ff_form_modal\"><button data-lity data-lity-target=\"#ff_modal_instance_1\" class=\"ff_modal_btn hidden-fluent-trigger button primary\"><span>Th\u00eam v\u00e0o gi\u1ecf h\u00e0ng<\/span><\/button><div style=\"display: none\" class=\"ff_form_modal_body\"><div style=\"background-color: white\" class=\"ff_modal_container lity-hide\" id=\"ff_modal_instance_1\"><div class='fluentform ff-default fluentform_wrapper_8 ffs_default_wrap'><form data-form_id=\"8\" id=\"fluentform_8\" class=\"frm-fluent-form fluent_form_8 ff-el-form-top ff_form_instance_8_1 ff-form-loading ff_has_v3_recptcha ffs_default\" data-form_instance=\"ff_form_instance_8_1\" method=\"POST\" data-recptcha_key=\"6Lco2PQrAAAAAOjXGpzyXZJlq47xxkolKJ45tCGI\" ><fieldset  style=\"border: none!important;margin: 0!important;padding: 0!important;background-color: transparent!important;box-shadow: none!important;outline: none!important; min-inline-size: 100%;\">\n                    <legend class=\"ff_screen_reader_title\" style=\"display: block; margin: 0!important;padding: 0!important;height: 0!important;text-indent: -999999px;width: 0!important;overflow:hidden;\">FREETA-\u03b1<\/legend><p style=\"display: none !important;\" class=\"akismet-fields-container\" data-prefix=\"ak_\"><label>&#916;<textarea name=\"ak_hp_textarea\" cols=\"45\" rows=\"8\" maxlength=\"100\"><\/textarea><\/label><input type=\"hidden\" id=\"ak_js_1\" name=\"ak_js\" value=\"159\"\/><script>document.getElementById( \"ak_js_1\" ).setAttribute( \"value\", ( new Date() ).getTime() );<\/script><\/p>        <div\n                style=\"display: none!important; position: absolute!important; transform: translateX(1000%)!important;\"\n                class=\"ff-el-group ff-hpsf-container\"\n        >\n            <div class=\"ff-el-input--label asterisk-right\">\n                <label for=\"ff_8_item_sf\" aria-label=\"Updates\">\n                    Updates                <\/label>\n            <\/div>\n            <div class=\"ff-el-input--content\">\n                <input type=\"text\"\n                       name=\"item_8__fluent_sf\"\n                       class=\"ff-el-form-control\"\n                       id=\"ff_8_item_sf\"\n                \/>\n            <\/div>\n        <\/div>\n                <input type=\"hidden\" id=\"__fluent_protection_token_8\" class=\"fluent-form-token-field\" name=\"__fluent_protection_token_8\">\n        <input type='hidden' name='__fluent_form_embded_post_id' value='76' \/><input type=\"hidden\" id=\"_fluentform_8_fluentformnonce\" name=\"_fluentform_8_fluentformnonce\" value=\"f88043c076\" \/><input type=\"hidden\" name=\"_wp_http_referer\" value=\"\/en\/wp-json\/wp\/v2\/product\/76\" \/><div class='ff-el-group  ff-custom_html' tabindex='-1' data-name=\"custom_html-8_1\" ><h2><span style=\"color: #3a1e7f\">DOWNLOAD<\/span><\/h2>\n<p>Ch\u00fang t\u00f4i s\u1ebd s\u1eb5n l\u00f2ng tr\u1ee3 gi\u00fap b\u1ea1n! Ch\u00fang t\u00f4i s\u1ebd c\u00f3 th\u1ec3 \u0111\u00e1p \u1ee9ng y\u00eau c\u1ea7u b\u00e1o gi\u00e1 c\u1ee7a b\u1ea1n ngay khi nh\u1eadn th\u00f4ng tin.<\/p><\/div><div data-name=\"ff_cn_id_1\"  class='ff-t-container ff-column-container ff_columns_total_1 '><div class='ff-t-cell ff-t-column-1' style='flex-basis: 100%;'><div class='ff-el-group hiddens'><div class=\"ff-el-input--label asterisk-right\"><label for='ff_8_input_text_1' id='label_ff_8_input_text_1' aria-label=\"Product name\">Product name<\/label><\/div><div class='ff-el-input--content'><input type=\"text\" name=\"input_text_1\" value=\"THI\u1ebeT B\u1eca H\u00d2A TAN POLYME T\u1ef0 \u0110\u1ed8NG FREETA-\u03b1\" class=\"ff-el-form-control\" placeholder=\"Product name\" data-name=\"input_text_1\" id=\"ff_8_input_text_1\"  aria-invalid=\"false\" aria-required=false><\/div><\/div><div class='ff-el-group hiddens ff_list_inline'><div class=\"ff-el-input--label ff-el-is-required asterisk-right\"><label   aria-label=\"Selected models(FREETA-\u03b1)\">Selected models(FREETA-\u03b1)<\/label><\/div><div class='ff-el-input--content'><div class='ff-el-form-check ff-el-form-check-'><label class='ff-el-form-check-label' for='selected_models_1d59b0d8682a17d23b94047aed19b70d'><input  type=\"radio\" name=\"selected_models\" data-name=\"selected_models\" class=\"ff-el-form-check-input ff-el-form-check-radio\" value=\"FT\u03b1-P\/E-1\"  id='selected_models_1d59b0d8682a17d23b94047aed19b70d' aria-label='FT\u03b1-P\/E-1' aria-invalid='false' aria-required=true> <span>FT\u03b1-P\/E-1<\/span><\/label><\/div><div class='ff-el-form-check ff-el-form-check-'><label class='ff-el-form-check-label' for='selected_models_0094c6a64e0f62badfcec3cd8d8d36a5'><input  type=\"radio\" name=\"selected_models\" data-name=\"selected_models\" class=\"ff-el-form-check-input ff-el-form-check-radio\" value=\"FT\u03b1-P\/E-2\"  id='selected_models_0094c6a64e0f62badfcec3cd8d8d36a5' aria-label='FT\u03b1-P\/E-2' aria-invalid='false' aria-required=true> <span>FT\u03b1-P\/E-2<\/span><\/label><\/div><div class='ff-el-form-check ff-el-form-check-'><label class='ff-el-form-check-label' for='selected_models_b4f0967fa1bef677b646a046f9d68af5'><input  type=\"radio\" name=\"selected_models\" data-name=\"selected_models\" class=\"ff-el-form-check-input ff-el-form-check-radio\" value=\"FT\u03b1-P\/E-3\"  id='selected_models_b4f0967fa1bef677b646a046f9d68af5' aria-label='FT\u03b1-P\/E-3' aria-invalid='false' aria-required=true> <span>FT\u03b1-P\/E-3<\/span><\/label><\/div><div class='ff-el-form-check ff-el-form-check-'><label class='ff-el-form-check-label' for='selected_models_469460eb8765a7640bfc8fb694f3f5df'><input  type=\"radio\" name=\"selected_models\" data-name=\"selected_models\" class=\"ff-el-form-check-input ff-el-form-check-radio\" value=\"FT\u03b1-P\/E-4\"  id='selected_models_469460eb8765a7640bfc8fb694f3f5df' aria-label='FT\u03b1-P\/E-4' aria-invalid='false' aria-required=true> <span>FT\u03b1-P\/E-4<\/span><\/label><\/div><div class='ff-el-form-check ff-el-form-check-'><label class='ff-el-form-check-label' for='selected_models_9c75a263cfa5f1687e3c365ec4c07505'><input  type=\"radio\" name=\"selected_models\" data-name=\"selected_models\" class=\"ff-el-form-check-input ff-el-form-check-radio\" value=\"FT\u03b1-P\/E-5\"  id='selected_models_9c75a263cfa5f1687e3c365ec4c07505' aria-label='FT\u03b1-P\/E-5' aria-invalid='false' aria-required=true> <span>FT\u03b1-P\/E-5<\/span><\/label><\/div><div class='ff-el-form-check ff-el-form-check-'><label class='ff-el-form-check-label' for='selected_models_d10f8aff2de10be30ab65e18b094aaf0'><input  type=\"radio\" name=\"selected_models\" data-name=\"selected_models\" class=\"ff-el-form-check-input ff-el-form-check-radio\" value=\"FT\u03b1-P\/E-6\"  id='selected_models_d10f8aff2de10be30ab65e18b094aaf0' aria-label='FT\u03b1-P\/E-6' aria-invalid='false' aria-required=true> <span>FT\u03b1-P\/E-6<\/span><\/label><\/div><\/div><\/div><div data-type=\"name-element\" data-name=\"names\" class=\" ff-field_container ff-name-field-wrapper\" ><div class='ff-t-container'><div class='ff-t-cell '><div class='ff-el-group  ff-el-form-hide_label'><div class=\"ff-el-input--label ff-el-is-required asterisk-right\"><label for='ff_8_names_last_name_' id='label_ff_8_names_last_name_' >Name<\/label><\/div><div class='ff-el-input--content'><input type=\"text\" name=\"names[last_name]\" id=\"ff_8_names_last_name_\" class=\"ff-el-form-control\" placeholder=\"H\u1ecd v\u00e0 t\u00ean\" aria-invalid=\"false\" aria-required=true><\/div><\/div><\/div><\/div><\/div><div class='ff-el-group ff-el-form-hide_label'><div class=\"ff-el-input--label ff-el-is-required asterisk-right\"><label for='ff_8_input_text' id='label_ff_8_input_text' aria-label=\"Company name\">Company name<\/label><\/div><div class='ff-el-input--content'><input type=\"text\" name=\"input_text\" class=\"ff-el-form-control\" placeholder=\"C\u00f4ng ty\" data-name=\"input_text\" id=\"ff_8_input_text\"  aria-invalid=\"false\" aria-required=true><\/div><\/div><div class='ff-el-group ff-el-form-hide_label'><div class=\"ff-el-input--label ff-el-is-required asterisk-right\"><label for='ff_8_email_1' id='label_ff_8_email_1' aria-label=\"Email\">Email<\/label><\/div><div class='ff-el-input--content'><input type=\"email\" name=\"email_1\" id=\"ff_8_email_1\" class=\"ff-el-form-control\" placeholder=\"Email Address\" data-name=\"email_1\"  aria-invalid=\"false\" aria-required=true><\/div><\/div><div class='ff-el-group ff-el-form-hide_label'><div class=\"ff-el-input--label ff-el-is-required asterisk-right\"><label for='ff_8_phone' id='label_ff_8_phone' aria-label=\"S\u1ed1 \u0111i\u1ec7n tho\u1ea1i\">S\u1ed1 \u0111i\u1ec7n tho\u1ea1i<\/label><\/div><div class='ff-el-input--content'><input name=\"phone\" class=\"ff-el-form-control ff-el-phone\" type=\"tel\" placeholder=\"Phone\/Mobile\" data-name=\"phone\" id=\"ff_8_phone\" inputmode=\"tel\"  aria-invalid='false' aria-required=true><\/div><\/div><div class='ff-el-group ff-el-form-hide_label'><div class=\"ff-el-input--label asterisk-right\"><label for='ff_8_description' id='label_ff_8_description' aria-label=\"Ghi ch\u00fa\">Ghi ch\u00fa<\/label><\/div><div class='ff-el-input--content'><textarea aria-required=\"false\" aria-labelledby=\"label_ff_8_description\" name=\"description\" id=\"ff_8_description\" class=\"ff-el-form-control\" placeholder=\"Ghi ch\u00fa\" rows=\"3\" cols=\"2\" data-name=\"description\" ><\/textarea><\/div><\/div><\/div><\/div><div class='ff-el-group ff-text-center ff_submit_btn_wrapper'><button type=\"submit\" class=\"ff-btn ff-btn-submit ff-btn-md ff_btn_style wpf_has_custom_css\"  aria-label=\"DOWNLOAD\">DOWNLOAD<\/button><\/div><\/fieldset><\/form><div id='fluentform_8_errors' class='ff-errors-in-stack ff_form_instance_8_1 ff-form-loading_errors ff_form_instance_8_1_errors'><\/div><\/div>            <script type=\"text\/javascript\">\n                window.fluent_form_ff_form_instance_8_1 = {\"id\":\"8\",\"ajaxUrl\":\"https:\\\/\\\/arkvietnam.com\\\/wp-admin\\\/admin-ajax.php\",\"settings\":{\"layout\":{\"labelPlacement\":\"top\",\"helpMessagePlacement\":\"with_label\",\"errorMessagePlacement\":\"inline\",\"cssClassName\":\"\",\"asteriskPlacement\":\"asterisk-right\"},\"restrictions\":{\"denyEmptySubmission\":{\"enabled\":false}}},\"form_instance\":\"ff_form_instance_8_1\",\"form_id_selector\":\"fluentform_8\",\"rules\":{\"input_text_1\":{\"required\":{\"value\":false,\"message\":\"Tr\\u01b0\\u1eddng n\\u00e0y l\\u00e0 b\\u1eaft bu\\u1ed9c\",\"global_message\":\"Tr\\u01b0\\u1eddng n\\u00e0y l\\u00e0 b\\u1eaft bu\\u1ed9c\",\"global\":true}},\"selected_models\":{\"required\":{\"value\":true,\"message\":\"Tr\\u01b0\\u1eddng n\\u00e0y l\\u00e0 b\\u1eaft bu\\u1ed9c\",\"global_message\":\"Tr\\u01b0\\u1eddng n\\u00e0y l\\u00e0 b\\u1eaft bu\\u1ed9c\",\"global\":true}},\"names[first_name]\":{\"required\":{\"value\":false,\"message\":\"This field is required\",\"global\":false,\"global_message\":\"Tr\\u01b0\\u1eddng n\\u00e0y l\\u00e0 b\\u1eaft bu\\u1ed9c\"}},\"names[middle_name]\":{\"required\":{\"value\":false,\"message\":\"This field is required\",\"global\":false,\"global_message\":\"Tr\\u01b0\\u1eddng n\\u00e0y l\\u00e0 b\\u1eaft bu\\u1ed9c\"}},\"names[last_name]\":{\"required\":{\"value\":true,\"message\":\"This field is required\",\"global\":false,\"global_message\":\"Tr\\u01b0\\u1eddng n\\u00e0y l\\u00e0 b\\u1eaft bu\\u1ed9c\"}},\"input_text\":{\"required\":{\"value\":true,\"message\":\"Tr\\u01b0\\u1eddng n\\u00e0y l\\u00e0 b\\u1eaft bu\\u1ed9c\",\"global_message\":\"Tr\\u01b0\\u1eddng n\\u00e0y l\\u00e0 b\\u1eaft bu\\u1ed9c\",\"global\":true}},\"email_1\":{\"required\":{\"value\":true,\"message\":\"Tr\\u01b0\\u1eddng n\\u00e0y l\\u00e0 b\\u1eaft bu\\u1ed9c\",\"global_message\":\"Tr\\u01b0\\u1eddng n\\u00e0y l\\u00e0 b\\u1eaft bu\\u1ed9c\",\"global\":true},\"email\":{\"value\":true,\"message\":\"Tr\\u01b0\\u1eddng n\\u00e0y ph\\u1ea3i ch\\u1ee9a m\\u1ed9t email h\\u1ee3p l\\u1ec7\",\"global_message\":\"Tr\\u01b0\\u1eddng n\\u00e0y ph\\u1ea3i ch\\u1ee9a m\\u1ed9t email h\\u1ee3p l\\u1ec7\",\"global\":true}},\"phone\":{\"required\":{\"value\":true,\"global\":true,\"message\":\"Tr\\u01b0\\u1eddng n\\u00e0y l\\u00e0 b\\u1eaft bu\\u1ed9c\",\"global_message\":\"Tr\\u01b0\\u1eddng n\\u00e0y l\\u00e0 b\\u1eaft bu\\u1ed9c\"},\"valid_phone_number\":{\"value\":false,\"global\":true,\"message\":\"S\\u1ed1 \\u0111i\\u1ec7n tho\\u1ea1i kh\\u00f4ng h\\u1ee3p l\\u1ec7\",\"global_message\":\"S\\u1ed1 \\u0111i\\u1ec7n tho\\u1ea1i kh\\u00f4ng h\\u1ee3p l\\u1ec7\"}},\"description\":{\"required\":{\"value\":false,\"message\":\"Tr\\u01b0\\u1eddng n\\u00e0y l\\u00e0 b\\u1eaft bu\\u1ed9c\",\"global_message\":\"Tr\\u01b0\\u1eddng n\\u00e0y l\\u00e0 b\\u1eaft bu\\u1ed9c\",\"global\":true}},\"g-recaptcha-response\":[]},\"debounce_time\":300};\n                            <\/script>\n            <\/div><\/div><\/div>\n","protected":false},"featured_media":953,"comment_status":"open","ping_status":"closed","template":"","meta":{"_acf_changed":false,"_gspb_post_css":""},"product_brand":[],"product_cat":[15],"product_tag":[69],"class_list":{"0":"post-76","1":"product","2":"type-product","3":"status-publish","4":"has-post-thumbnail","6":"product_cat-thiet-bi-hoa-tan-polyme","7":"product_tag-be-khuay-polyme","9":"first","10":"instock","11":"featured","12":"shipping-taxable","13":"product-type-variable","14":"has-default-attributes"},"acf":[],"_links":{"self":[{"href":"https:\/\/arkvietnam.com\/en\/wp-json\/wp\/v2\/product\/76","targetHints":{"allow":["GET"]}}],"collection":[{"href":"https:\/\/arkvietnam.com\/en\/wp-json\/wp\/v2\/product"}],"about":[{"href":"https:\/\/arkvietnam.com\/en\/wp-json\/wp\/v2\/types\/product"}],"replies":[{"embeddable":true,"href":"https:\/\/arkvietnam.com\/en\/wp-json\/wp\/v2\/comments?post=76"}],"wp:featuredmedia":[{"embeddable":true,"href":"https:\/\/arkvietnam.com\/en\/wp-json\/wp\/v2\/media\/953"}],"wp:attachment":[{"href":"https:\/\/arkvietnam.com\/en\/wp-json\/wp\/v2\/media?parent=76"}],"wp:term":[{"taxonomy":"product_brand","embeddable":true,"href":"https:\/\/arkvietnam.com\/en\/wp-json\/wp\/v2\/product_brand?post=76"},{"taxonomy":"product_cat","embeddable":true,"href":"https:\/\/arkvietnam.com\/en\/wp-json\/wp\/v2\/product_cat?post=76"},{"taxonomy":"product_tag","embeddable":true,"href":"https:\/\/arkvietnam.com\/en\/wp-json\/wp\/v2\/product_tag?post=76"}],"curies":[{"name":"wp","href":"https:\/\/api.w.org\/{rel}","templated":true}]}}