{"id":71,"date":"2021-11-16T05:38:59","date_gmt":"2021-11-16T05:38:59","guid":{"rendered":"http:\/\/localhost\/ark-vn\/?post_type=product&#038;p=71"},"modified":"2025-10-27T23:26:49","modified_gmt":"2025-10-27T16:26:49","slug":"belt-press","status":"publish","type":"product","link":"https:\/\/arkvietnam.com\/en\/san-pham\/may-ep-bun\/may-ep-bun-bang-tai\/","title":{"rendered":"BELT-PRESS"},"content":{"rendered":"<p><strong>Belt-press<\/strong> is a product that uses the pressure of rollers on conveyor belts to press sludge. Sludge is pressed into thin thickness, has a low moisture content, and quick drying. The main components of the belt press include conveyor belts, rollers, etc.<\/p>\n<h3><strong>Overview of ARK Belt-Press<\/strong><\/h3>\n<table style=\"width: 100%;\">\n<tbody>\n<tr>\n<td><strong>Production technology<\/strong><\/td>\n<td>the Republic of Korea<\/td>\n<\/tr>\n<tr>\n<td><strong>Assembled<\/strong><\/td>\n<td>Manufactured and assembled in Vietnam<\/td>\n<\/tr>\n<tr>\n<td><strong>Sludge<\/strong><\/td>\n<td>Low humidity, reduced to 65% with high-pressure belt-press<\/td>\n<\/tr>\n<tr>\n<td><strong>Price<\/strong><\/td>\n<td>Affordable cost<\/td>\n<\/tr>\n<tr>\n<td><strong>Structure<\/strong><\/td>\n<td>Durable structure, outstanding longevity<\/td>\n<\/tr>\n<tr>\n<td><strong>Operation<\/strong><\/td>\n<td>Simple, automatic, easy cleaning<\/td>\n<\/tr>\n<tr>\n<td><strong>Repair and maintenance<br \/>\n<\/strong><\/td>\n<td>Fast, replacement components available in Vietnam<\/td>\n<\/tr>\n<\/tbody>\n<\/table>\n<p>In recent years, the demand for sludge presses has increased. Companies are increasingly aware of the importance of sustainable development.<\/p>\n<p>Growth in production scale must go hand in hand with environmental protection. Not only serving the Vietnamese domestic market, but ARK is also a reliable and strategic partner of many foreign enterprises.<\/p>\n<p><img loading=\"lazy\" decoding=\"async\" class=\"aligncenter wp-image-2206 size-full\" src=\"https:\/\/arkvietnam.com\/wp-content\/uploads\/2022\/01\/may-ep-bun-bang-tai-ark_NHO2.jpg\" alt=\"belt press\" width=\"1000\" height=\"620\" srcset=\"https:\/\/arkvietnam.com\/wp-content\/uploads\/2022\/01\/may-ep-bun-bang-tai-ark_NHO2.jpg 1000w, https:\/\/arkvietnam.com\/wp-content\/uploads\/2022\/01\/may-ep-bun-bang-tai-ark_NHO2-510x316.jpg 510w, https:\/\/arkvietnam.com\/wp-content\/uploads\/2022\/01\/may-ep-bun-bang-tai-ark_NHO2-300x186.jpg 300w, https:\/\/arkvietnam.com\/wp-content\/uploads\/2022\/01\/may-ep-bun-bang-tai-ark_NHO2-768x476.jpg 768w, https:\/\/arkvietnam.com\/wp-content\/uploads\/2022\/01\/may-ep-bun-bang-tai-ark_NHO2-18x12.jpg 18w, https:\/\/arkvietnam.com\/wp-content\/uploads\/2022\/01\/may-ep-bun-bang-tai-ark_NHO2-600x372.jpg 600w\" sizes=\"auto, (max-width: 1000px) 100vw, 1000px\" \/><\/p>\n<h3><strong>About ARK Decanter Centrifuge\u00a0<\/strong><\/h3>\n<p><strong>Belt-press <em>(Belt-press dewartering machine)<\/em><\/strong> is one of the most important products that ARK Vietnam manufactures and distributes. Belt press of ARK is a new generation of sludge dewatering machines.<\/p>\n<p>We inherit Korean achievement. The machine is manufactured and assembled in Vietnam. The modern production line is directly imported from the land of kimchi. The working principle of belt-press is quite simple. Water shall be pressed out of the sludge under the pressure of the rollers on conveyors.<\/p>\n<p>We have many decades of experience in homeland South Korea, and more than 10 years of presence in the Vietnamese market.<\/p>\n<p>ARK sludge dewatering plays a pivotal role in dozens of large and small wastewater treatment projects. Continuous and durable operation in different environments. Suitable for many types of wastewater with complex physicochemical properties.<\/p>\n<p>Belt-press in particular and other ARK sludge dewatering machines in general, are optimally designed.<\/p>\n<p>It could operates effectively in the treatment of municipal wastewater, feedwater, industrial zones, factories of food processing, slaughtering livestock, poultry, seafood, paper-making, dyeing, tanning, metal plating, mining ...<\/p>\n<h3><strong>Principle of operation\u00a0<\/strong><\/h3>\n<p>The Belt-press uses the pressure of the rollers on the conveyor to extract the water. Sludge is pressed into thin sheets, low moisture content. The main components of the machine include the conveyor belt, the rollers that press the sludge between the belts.<\/p>\n<p>Other parts are alignment devices, gears to help to stretch the conveyors. The goal is to keep them from sagging. The high-pressure belt-press version has a hydraulic booster system that increases the pressure on the conveyor. Therefore, finished pressed sludge would have humidity is 60-65%, it is better to compare with conventional belt-press.<\/p>\n<p>The machine has an open structure. The sludge-polymer reaction tank for sludge precipitation is designed separately. The first stage requires the sludge must be concentrated, flocculated by polymers.<\/p>\n<p>Then exceed water is extracted by gravitation before being fed into the pressing rollers. This initial process increases the sludge concentration from 0.5 - 3% to 5 - 15% by volume. The pressed sludge cake has a moisture content of 60-85%. It depends on the properties of the inlet sludge, the high-pressure version, or the normal version of belt-press.<\/p>\n<h3><strong>Advantages of ARK Belt-press<\/strong><\/h3>\n<ul>\n<li>ARK belt-press is simple to operate and easy to clean. The machine has more sludge pressing rollers than similar products on the market. In addition, the machine also has a large diameter roller, drilled with a drainage hole, which helps to increase the time of sludge pressing and the ability of dewatering.<\/li>\n<li>The rollers are hot-coated with a special material (exclusive invention of ARK), which increases the resistance to corrosion and abrasion.<\/li>\n<li>The machine body is mechanized from high-quality steel. This material is resistant to abrasion and many highly corrosive chemicals contained in wastewater. Complying to ISO 9001:2015 standard.<\/li>\n<li>Machine parts are easy to maintain, repair, and replace. ARK factory locates in Vietnam, thus, minimizing the waiting time of customers.<\/li>\n<li>The machine works stably, continuously, serving for a long time.<\/li>\n<li>The pressed sludge can reach 60% humidity by using the high-pressure belt-press version.<\/li>\n<\/ul>\n<h3><strong>Economic benefits when using ARK Belt-press\u00a0<\/strong><\/h3>\n<p>In certain aspects, ARK-branded belt-press has outstanding advantages. Sludge dewatering technology by conveyor pressure requires frequent belt tension adjustment. The machine is not immune to the odor generated due to its open structure. However, it brings many economic benefits.<\/p>\n<p>The initial investment is affordable. The machine is capable of handling large volumes of wastewater continuously and efficiently.<\/p>\n<p>The machine does not require highly qualified workers because of its simple operation. The humidity of pressed sludge and the capacity can be easily adjusted. At the same time, it allows customers to replace and upgrade machines without affecting the whole wastewater treatment system.<\/p>\n<h3><strong>Quality guarantee and after-sales service<\/strong><\/h3>\n<p>The prestige and efficiency of customers are always our top priority. With the help of ARK, customers will be released from the concern of the expensive costs incurred.<\/p>\n<p>In addition to the cost of the belt press (depending on each model\/version), customers only have to pay a negligible amount related to operational guidance.<\/p>\n<p>ARK owns a team of professional technicians, dedicated to customer support before and after buying the machine. We maintain strict quality control during design and manufacturing. As well as ensuring quality standards in the wastewater treatment industry.<\/p>\n<p>ARK directly supply, design, manufactures sludge press in Vietnam, and set-up the sludge dewatering machine in your factory. We provide consultant service to help customers to choose the most suitable model. Further is the test run, operation training after set-up the machines. Our hotline is always available.<\/p>\n<h3><strong>Auxiliary equipment for ARK Belt-press\u00a0<\/strong><\/h3>\n<p>The system includes a sludge-polymer reaction tank and a sludge supply pump system.<\/p>\n<p>ARK also provides many types of polymer for sludge treatment at favorable price. Coagulants and flocculants are available in large quantity.<\/p>\n<p><span style=\"color: #0000ff;\"><em>Contact us now for a <span style=\"color: #ff0000;\">FREE<\/span> trial run with enthusiastic and quick advice:<\/em><\/span><\/p>\n<strong><b> Phone number: <\/b><\/strong> <a href=\"tel:0977675754\">0977.675.754<\/a> (Mr Truc)<br>\r\n\r\n<strong>Website:<\/strong> <span style=\"color: #0000ff;\"><a href=\"https:\/\/arkvietnam.com\/en\/\">www.arkvietnam.com<\/a><\/span><br>\r\n\r\n<strong>Email:<\/strong> <span style=\"color: #0000ff;\">arkvn234@gmail.com<\/span><br>\r\n\r\n<strong>Hanoi Office:<\/strong> 5th floor, N03-T7 Diplomatic Urban Area, Xuan Tao Ward, Bac Tu Liem District, Hanoi.<br>\r\n\r\n<strong>HCMC Office:<\/strong> 68 - 70 Hoang Dieu Street, Ward 13, District 4, HCM City.<br>","protected":false},"excerpt":{"rendered":"<ul>\n<li>S\u1ea3n xu\u1ea5t: theo ti\u00eau chu\u1ea9n H\u00e0n Qu\u1ed1c<\/li>\n<li>L\u1eafp r\u00e1p: tr\u1ef1c ti\u1ebfp t\u1ea1i Vi\u1ec7t Nam<\/li>\n<li>\u0110\u1ed9 \u1ea9m: b\u00f9n th\u00e0nh ph\u1ea9m th\u1ea5p<\/li>\n<li>Gi\u00e1 th\u00e0nh: h\u1ee3p l\u00fd, ti\u1ebft ki\u1ec7m chi ph\u00ed<\/li>\n<li>K\u1ebft c\u1ea5u: b\u1ec1n v\u1eefng, tu\u1ed5i th\u1ecd v\u01b0\u1ee3t tr\u1ed9i<\/li>\n<\/ul>\n<div class=\"ff_form_modal\"><button data-lity data-lity-target=\"#ff_modal_instance_1\" class=\"ff_modal_btn hidden-fluent-trigger button primary\"><span>Th\u00eam v\u00e0o gi\u1ecf h\u00e0ng<\/span><\/button><div style=\"display: none\" class=\"ff_form_modal_body\"><div style=\"background-color: white\" class=\"ff_modal_container lity-hide\" id=\"ff_modal_instance_1\"><div class='fluentform ff-default fluentform_wrapper_7 ffs_default_wrap'><form data-form_id=\"7\" id=\"fluentform_7\" class=\"frm-fluent-form fluent_form_7 ff-el-form-top ff_form_instance_7_1 ff-form-loading ff_has_v3_recptcha ffs_default\" data-form_instance=\"ff_form_instance_7_1\" method=\"POST\" data-recptcha_key=\"6Lco2PQrAAAAAOjXGpzyXZJlq47xxkolKJ45tCGI\" ><fieldset  style=\"border: none!important;margin: 0!important;padding: 0!important;background-color: transparent!important;box-shadow: none!important;outline: none!important; min-inline-size: 100%;\">\n                    <legend class=\"ff_screen_reader_title\" style=\"display: block; margin: 0!important;padding: 0!important;height: 0!important;text-indent: -999999px;width: 0!important;overflow:hidden;\">BELT PRESS<\/legend><p style=\"display: none !important;\" class=\"akismet-fields-container\" data-prefix=\"ak_\"><label>&#916;<textarea name=\"ak_hp_textarea\" cols=\"45\" rows=\"8\" maxlength=\"100\"><\/textarea><\/label><input type=\"hidden\" id=\"ak_js_1\" name=\"ak_js\" value=\"111\"\/><script>document.getElementById( \"ak_js_1\" ).setAttribute( \"value\", ( new Date() ).getTime() );<\/script><\/p>        <div\n                style=\"display: none!important; position: absolute!important; transform: translateX(1000%)!important;\"\n                class=\"ff-el-group ff-hpsf-container\"\n        >\n            <div class=\"ff-el-input--label asterisk-right\">\n                <label for=\"ff_7_item_sf\" aria-label=\"Notify\">\n                    Notify                <\/label>\n            <\/div>\n            <div class=\"ff-el-input--content\">\n                <input type=\"text\"\n                       name=\"item_7__fluent_sf\"\n                       class=\"ff-el-form-control\"\n                       id=\"ff_7_item_sf\"\n                \/>\n            <\/div>\n        <\/div>\n                <input type=\"hidden\" id=\"__fluent_protection_token_7\" class=\"fluent-form-token-field\" name=\"__fluent_protection_token_7\">\n        <input type='hidden' name='__fluent_form_embded_post_id' value='71' \/><input type=\"hidden\" id=\"_fluentform_7_fluentformnonce\" name=\"_fluentform_7_fluentformnonce\" value=\"f88043c076\" \/><input type=\"hidden\" name=\"_wp_http_referer\" value=\"\/en\/wp-json\/wp\/v2\/product\/71\" \/><div class='ff-el-group  ff-custom_html' tabindex='-1' data-name=\"custom_html-7_1\" ><h2><span style=\"color: #3a1e7f\">DOWNLOAD<\/span><\/h2>\n<p>Ch\u00fang t\u00f4i s\u1ebd s\u1eb5n l\u00f2ng tr\u1ee3 gi\u00fap b\u1ea1n! Ch\u00fang t\u00f4i s\u1ebd c\u00f3 th\u1ec3 \u0111\u00e1p \u1ee9ng y\u00eau c\u1ea7u b\u00e1o gi\u00e1 c\u1ee7a b\u1ea1n ngay khi nh\u1eadn th\u00f4ng tin.<\/p><\/div><div data-name=\"ff_cn_id_1\"  class='ff-t-container ff-column-container ff_columns_total_1 '><div class='ff-t-cell ff-t-column-1' style='flex-basis: 100%;'><div class='ff-el-group hiddens'><div class=\"ff-el-input--label asterisk-right\"><label for='ff_7_input_text_1' id='label_ff_7_input_text_1' aria-label=\"Product name\">Product name<\/label><\/div><div class='ff-el-input--content'><input type=\"text\" name=\"input_text_1\" value=\"M\u00c1Y \u00c9P B\u00d9N B\u0102NG T\u1ea2I\" class=\"ff-el-form-control\" placeholder=\"Product name\" data-name=\"input_text_1\" id=\"ff_7_input_text_1\"  aria-invalid=\"false\" aria-required=false><\/div><\/div><div class='ff-el-group hiddens ff_list_inline'><div class=\"ff-el-input--label ff-el-is-required asterisk-right\"><label   aria-label=\"Selected models(M\u00c1Y \u00c9P B\u00d9N B\u0102NG T\u1ea2I)\">Selected models(M\u00c1Y \u00c9P B\u00d9N B\u0102NG T\u1ea2I)<\/label><\/div><div class='ff-el-input--content'><div class='ff-el-form-check ff-el-form-check-'><label class='ff-el-form-check-label' for='selected_models_a7391da5f8fc602f9b56337a11dc87f1'><input  type=\"radio\" name=\"selected_models\" data-name=\"selected_models\" class=\"ff-el-form-check-input ff-el-form-check-radio\" value=\"W650\"  id='selected_models_a7391da5f8fc602f9b56337a11dc87f1' aria-label='W650' aria-invalid='false' aria-required=true> <span>W650<\/span><\/label><\/div><div class='ff-el-form-check ff-el-form-check-'><label class='ff-el-form-check-label' for='selected_models_ed3a48e292a1d63e1dad320d6ca64962'><input  type=\"radio\" name=\"selected_models\" data-name=\"selected_models\" class=\"ff-el-form-check-input ff-el-form-check-radio\" value=\"W1000\"  id='selected_models_ed3a48e292a1d63e1dad320d6ca64962' aria-label='W1000' aria-invalid='false' aria-required=true> <span>W1000<\/span><\/label><\/div><div class='ff-el-form-check ff-el-form-check-'><label class='ff-el-form-check-label' for='selected_models_a4f9082f68197f354e32e796e7a0c16a'><input  type=\"radio\" name=\"selected_models\" data-name=\"selected_models\" class=\"ff-el-form-check-input ff-el-form-check-radio\" value=\"W1500\"  id='selected_models_a4f9082f68197f354e32e796e7a0c16a' aria-label='W1500' aria-invalid='false' aria-required=true> <span>W1500<\/span><\/label><\/div><div class='ff-el-form-check ff-el-form-check-'><label class='ff-el-form-check-label' for='selected_models_462f6631138c4fd2fe38b18afb135c22'><input  type=\"radio\" name=\"selected_models\" data-name=\"selected_models\" class=\"ff-el-form-check-input ff-el-form-check-radio\" value=\"W2000\"  id='selected_models_462f6631138c4fd2fe38b18afb135c22' aria-label='W2000' aria-invalid='false' aria-required=true> <span>W2000<\/span><\/label><\/div><div class='ff-el-form-check ff-el-form-check-'><label class='ff-el-form-check-label' for='selected_models_89608a7a096ba8b960b9bbc68c6513f2'><input  type=\"radio\" name=\"selected_models\" data-name=\"selected_models\" class=\"ff-el-form-check-input ff-el-form-check-radio\" value=\"W2000\"  id='selected_models_89608a7a096ba8b960b9bbc68c6513f2' aria-label='W2000' aria-invalid='false' aria-required=true> <span>W2000<\/span><\/label><\/div><div class='ff-el-form-check ff-el-form-check-'><label class='ff-el-form-check-label' for='selected_models_f42c5a2919b1e5ab01156f8c7e1a9683'><input  type=\"radio\" name=\"selected_models\" data-name=\"selected_models\" class=\"ff-el-form-check-input ff-el-form-check-radio\" value=\"W2500\"  id='selected_models_f42c5a2919b1e5ab01156f8c7e1a9683' aria-label='W2500' aria-invalid='false' aria-required=true> <span>W2500<\/span><\/label><\/div><div class='ff-el-form-check ff-el-form-check-'><label class='ff-el-form-check-label' for='selected_models_564b0807db9eb2ed5c41ce014b96e759'><input  type=\"radio\" name=\"selected_models\" data-name=\"selected_models\" class=\"ff-el-form-check-input ff-el-form-check-radio\" value=\"W3000\"  id='selected_models_564b0807db9eb2ed5c41ce014b96e759' aria-label='W3000' aria-invalid='false' aria-required=true> <span>W3000<\/span><\/label><\/div><\/div><\/div><div data-type=\"name-element\" data-name=\"names\" class=\" ff-field_container ff-name-field-wrapper\" ><div class='ff-t-container'><div class='ff-t-cell '><div class='ff-el-group  ff-el-form-hide_label'><div class=\"ff-el-input--label ff-el-is-required asterisk-right\"><label for='ff_7_names_last_name_' id='label_ff_7_names_last_name_' >Name<\/label><\/div><div class='ff-el-input--content'><input type=\"text\" name=\"names[last_name]\" id=\"ff_7_names_last_name_\" class=\"ff-el-form-control\" placeholder=\"H\u1ecd v\u00e0 t\u00ean\" aria-invalid=\"false\" aria-required=true><\/div><\/div><\/div><\/div><\/div><div class='ff-el-group ff-el-form-hide_label'><div class=\"ff-el-input--label ff-el-is-required asterisk-right\"><label for='ff_7_input_text' id='label_ff_7_input_text' aria-label=\"Company name\">Company name<\/label><\/div><div class='ff-el-input--content'><input type=\"text\" name=\"input_text\" class=\"ff-el-form-control\" placeholder=\"C\u00f4ng ty\" data-name=\"input_text\" id=\"ff_7_input_text\"  aria-invalid=\"false\" aria-required=true><\/div><\/div><div class='ff-el-group ff-el-form-hide_label'><div class=\"ff-el-input--label ff-el-is-required asterisk-right\"><label for='ff_7_email_1' id='label_ff_7_email_1' aria-label=\"Email\">Email<\/label><\/div><div class='ff-el-input--content'><input type=\"email\" name=\"email_1\" id=\"ff_7_email_1\" class=\"ff-el-form-control\" placeholder=\"Email Address\" data-name=\"email_1\"  aria-invalid=\"false\" aria-required=true><\/div><\/div><div class='ff-el-group ff-el-form-hide_label'><div class=\"ff-el-input--label ff-el-is-required asterisk-right\"><label for='ff_7_phone' id='label_ff_7_phone' aria-label=\"S\u1ed1 \u0111i\u1ec7n tho\u1ea1i\">S\u1ed1 \u0111i\u1ec7n tho\u1ea1i<\/label><\/div><div class='ff-el-input--content'><input name=\"phone\" class=\"ff-el-form-control ff-el-phone\" type=\"tel\" placeholder=\"S\u1ed1 \u0111i\u1ec7n tho\u1ea1i\" data-name=\"phone\" id=\"ff_7_phone\" inputmode=\"tel\"  aria-invalid='false' aria-required=true><\/div><\/div><div class='ff-el-group ff-el-form-hide_label'><div class=\"ff-el-input--label asterisk-right\"><label for='ff_7_description' id='label_ff_7_description' aria-label=\"Ghi ch\u00fa\">Ghi ch\u00fa<\/label><\/div><div class='ff-el-input--content'><textarea aria-required=\"false\" aria-labelledby=\"label_ff_7_description\" name=\"description\" id=\"ff_7_description\" class=\"ff-el-form-control\" placeholder=\"Ghi ch\u00fa\" rows=\"3\" cols=\"2\" data-name=\"description\" ><\/textarea><\/div><\/div><\/div><\/div><div class='ff-el-group ff-text-center ff_submit_btn_wrapper'><button type=\"submit\" class=\"ff-btn ff-btn-submit ff-btn-md ff_btn_style wpf_has_custom_css\"  aria-label=\"DOWNLOAD\">DOWNLOAD<\/button><\/div><\/fieldset><\/form><div id='fluentform_7_errors' class='ff-errors-in-stack ff_form_instance_7_1 ff-form-loading_errors ff_form_instance_7_1_errors'><\/div><\/div>            <script type=\"text\/javascript\">\n                window.fluent_form_ff_form_instance_7_1 = {\"id\":\"7\",\"ajaxUrl\":\"https:\\\/\\\/arkvietnam.com\\\/wp-admin\\\/admin-ajax.php\",\"settings\":{\"layout\":{\"labelPlacement\":\"top\",\"helpMessagePlacement\":\"with_label\",\"errorMessagePlacement\":\"inline\",\"cssClassName\":\"\",\"asteriskPlacement\":\"asterisk-right\"},\"restrictions\":{\"denyEmptySubmission\":{\"enabled\":false}}},\"form_instance\":\"ff_form_instance_7_1\",\"form_id_selector\":\"fluentform_7\",\"rules\":{\"input_text_1\":{\"required\":{\"value\":false,\"message\":\"Tr\\u01b0\\u1eddng n\\u00e0y l\\u00e0 b\\u1eaft bu\\u1ed9c\",\"global_message\":\"Tr\\u01b0\\u1eddng n\\u00e0y l\\u00e0 b\\u1eaft bu\\u1ed9c\",\"global\":true}},\"selected_models\":{\"required\":{\"value\":true,\"message\":\"Tr\\u01b0\\u1eddng n\\u00e0y l\\u00e0 b\\u1eaft bu\\u1ed9c\",\"global_message\":\"Tr\\u01b0\\u1eddng n\\u00e0y l\\u00e0 b\\u1eaft bu\\u1ed9c\",\"global\":true}},\"names[first_name]\":{\"required\":{\"value\":false,\"message\":\"This field is required\",\"global\":false,\"global_message\":\"Tr\\u01b0\\u1eddng n\\u00e0y l\\u00e0 b\\u1eaft bu\\u1ed9c\"}},\"names[middle_name]\":{\"required\":{\"value\":false,\"message\":\"This field is required\",\"global\":false,\"global_message\":\"Tr\\u01b0\\u1eddng n\\u00e0y l\\u00e0 b\\u1eaft bu\\u1ed9c\"}},\"names[last_name]\":{\"required\":{\"value\":true,\"message\":\"This field is required\",\"global\":false,\"global_message\":\"Tr\\u01b0\\u1eddng n\\u00e0y l\\u00e0 b\\u1eaft bu\\u1ed9c\"}},\"input_text\":{\"required\":{\"value\":true,\"message\":\"Tr\\u01b0\\u1eddng n\\u00e0y l\\u00e0 b\\u1eaft bu\\u1ed9c\",\"global_message\":\"Tr\\u01b0\\u1eddng n\\u00e0y l\\u00e0 b\\u1eaft bu\\u1ed9c\",\"global\":true}},\"email_1\":{\"required\":{\"value\":true,\"message\":\"Tr\\u01b0\\u1eddng n\\u00e0y l\\u00e0 b\\u1eaft bu\\u1ed9c\",\"global_message\":\"Tr\\u01b0\\u1eddng n\\u00e0y l\\u00e0 b\\u1eaft bu\\u1ed9c\",\"global\":true},\"email\":{\"value\":true,\"message\":\"Tr\\u01b0\\u1eddng n\\u00e0y ph\\u1ea3i ch\\u1ee9a m\\u1ed9t email h\\u1ee3p l\\u1ec7\",\"global_message\":\"Tr\\u01b0\\u1eddng n\\u00e0y ph\\u1ea3i ch\\u1ee9a m\\u1ed9t email h\\u1ee3p l\\u1ec7\",\"global\":true}},\"phone\":{\"required\":{\"value\":true,\"global\":true,\"message\":\"Tr\\u01b0\\u1eddng n\\u00e0y l\\u00e0 b\\u1eaft bu\\u1ed9c\",\"global_message\":\"Tr\\u01b0\\u1eddng n\\u00e0y l\\u00e0 b\\u1eaft bu\\u1ed9c\"},\"valid_phone_number\":{\"value\":false,\"global\":true,\"message\":\"S\\u1ed1 \\u0111i\\u1ec7n tho\\u1ea1i kh\\u00f4ng h\\u1ee3p l\\u1ec7\",\"global_message\":\"S\\u1ed1 \\u0111i\\u1ec7n tho\\u1ea1i kh\\u00f4ng h\\u1ee3p l\\u1ec7\"}},\"description\":{\"required\":{\"value\":false,\"message\":\"Tr\\u01b0\\u1eddng n\\u00e0y l\\u00e0 b\\u1eaft bu\\u1ed9c\",\"global_message\":\"Tr\\u01b0\\u1eddng n\\u00e0y l\\u00e0 b\\u1eaft bu\\u1ed9c\",\"global\":true}},\"g-recaptcha-response\":[]},\"debounce_time\":300};\n                            <\/script>\n            <\/div><\/div><\/div>\n","protected":false},"featured_media":950,"comment_status":"open","ping_status":"closed","template":"","meta":{"_acf_changed":false,"_gspb_post_css":""},"product_brand":[],"product_cat":[17],"product_tag":[141],"class_list":{"0":"post-71","1":"product","2":"type-product","3":"status-publish","4":"has-post-thumbnail","6":"product_cat-may-ep-bun","7":"product_tag-may-ep-bun-do-kho-cao","9":"first","10":"instock","11":"featured","12":"shipping-taxable","13":"product-type-variable","14":"has-default-attributes"},"acf":[],"_links":{"self":[{"href":"https:\/\/arkvietnam.com\/en\/wp-json\/wp\/v2\/product\/71","targetHints":{"allow":["GET"]}}],"collection":[{"href":"https:\/\/arkvietnam.com\/en\/wp-json\/wp\/v2\/product"}],"about":[{"href":"https:\/\/arkvietnam.com\/en\/wp-json\/wp\/v2\/types\/product"}],"replies":[{"embeddable":true,"href":"https:\/\/arkvietnam.com\/en\/wp-json\/wp\/v2\/comments?post=71"}],"wp:featuredmedia":[{"embeddable":true,"href":"https:\/\/arkvietnam.com\/en\/wp-json\/wp\/v2\/media\/950"}],"wp:attachment":[{"href":"https:\/\/arkvietnam.com\/en\/wp-json\/wp\/v2\/media?parent=71"}],"wp:term":[{"taxonomy":"product_brand","embeddable":true,"href":"https:\/\/arkvietnam.com\/en\/wp-json\/wp\/v2\/product_brand?post=71"},{"taxonomy":"product_cat","embeddable":true,"href":"https:\/\/arkvietnam.com\/en\/wp-json\/wp\/v2\/product_cat?post=71"},{"taxonomy":"product_tag","embeddable":true,"href":"https:\/\/arkvietnam.com\/en\/wp-json\/wp\/v2\/product_tag?post=71"}],"curies":[{"name":"wp","href":"https:\/\/api.w.org\/{rel}","templated":true}]}}