{"id":964,"date":"2021-12-18T02:11:18","date_gmt":"2021-12-18T02:11:18","guid":{"rendered":"https:\/\/arkvietnam.com\/?page_id=964"},"modified":"2021-12-27T07:41:18","modified_gmt":"2021-12-27T07:41:18","slug":"r-d-center","status":"publish","type":"page","link":"https:\/\/arkvietnam.com\/en\/trung-tam-rd\/","title":{"rendered":"Trung T\u00e2m R&#038;D"},"content":{"rendered":"<h1 style=\"text-align: center;\"><strong>RESEARCH AND DEVELOPMENT CENTER<\/strong><\/h1>\n<p><strong>ARK Vietnam<\/strong> has been placing importance of R&amp;D <em>(research and development)<\/em> on the top of the priority since its foundation. The main purpose is to encourage creativity, deepen the application of the latest advanced science and technology in product design, manufacturing, sales to after-sales service. Change and improvement are necessary but must be harmonious, suitable, and appropriate. Those are core principles. ARK can proudly say that we harmonized this requirement, thanks to our policy of continuously investing in knowledge and people. Therefore, ARK not only provides reliable products to customers but also advises them on optimal solutions in the most creative and appropriate way.<\/p>\n<p><img loading=\"lazy\" decoding=\"async\" class=\"aligncenter wp-image-1267 size-medium\" src=\"https:\/\/arkvietnam.com\/wp-content\/uploads\/2021\/12\/66260-300x200.jpg\" alt=\"\" width=\"300\" height=\"200\" srcset=\"https:\/\/arkvietnam.com\/wp-content\/uploads\/2021\/12\/66260-300x200.jpg 300w, https:\/\/arkvietnam.com\/wp-content\/uploads\/2021\/12\/66260-scaled-510x339.jpg 510w, https:\/\/arkvietnam.com\/wp-content\/uploads\/2021\/12\/66260-1024x681.jpg 1024w, https:\/\/arkvietnam.com\/wp-content\/uploads\/2021\/12\/66260-768x511.jpg 768w, https:\/\/arkvietnam.com\/wp-content\/uploads\/2021\/12\/66260-1536x1022.jpg 1536w, https:\/\/arkvietnam.com\/wp-content\/uploads\/2021\/12\/66260-2048x1363.jpg 2048w, https:\/\/arkvietnam.com\/wp-content\/uploads\/2021\/12\/66260-18x12.jpg 18w, https:\/\/arkvietnam.com\/wp-content\/uploads\/2021\/12\/66260-600x399.jpg 600w\" sizes=\"auto, (max-width: 300px) 100vw, 300px\" \/><\/p>\n<p>The most important is we provide environmental solutions for customers, suggesting they build a synchronous wastewater treatment system. These initiatives have all been researched at ARK Vietnam's laboratory, as well as based on ARK Korea's long experience in wastewater treatment. Our solutions are diverse and highly applicable in manufacturing industries such as chemistry, machinery, electronics, environment, food, industry, computers, and mechatronics. This is reflected in the fact that the ARK-branded sludge dewatering is highly suitable for a variety of working environments. In addition, our success is also contributed by the inheritance of research and projects of top universities in developed countries. During the past decade, we have continued to apply them in Vietnam.<\/p>\n<h3>Mission of ARK's R&amp;D Center<\/h3>\n<p>From the first days we set foot on <a href=\"https:\/\/en.wikipedia.org\/wiki\/Vietnam\" target=\"_blank\" rel=\"noopener\">S-shaped country<\/a>, ARK is ready on the path of innovation by establishing \"<em><strong>R&amp;D Center<\/strong><\/em>\u201c. From 2011, our R&amp;D center has completed hundreds of projects, taking advantage of R&amp;D resources from Vietnam and the Republic of Korea. Our research staff worked all day long, optimized new technology, and more efficient design models, creatively. ARK's R&amp;D Center also organizes enhancement training courses for staff.<\/p>\n<p>We tested machines during working in factories, collected data, analyzed for improvement of machinery and maintenance. After that, the collected data will be used to design new machines if necessary.<\/p>\n<p>Softwares <a href=\"https:\/\/www.solidworks.com\/\" target=\"_blank\" rel=\"noopener\">Solidworks<\/a>, <a href=\"https:\/\/en.wikipedia.org\/wiki\/AutoCAD\" target=\"_blank\" rel=\"noopener\">Autodesk AutoCAD<\/a> and <a href=\"https:\/\/en.wikipedia.org\/wiki\/Autodesk_Revit\" target=\"_blank\" rel=\"noopener\">Revit<\/a> are used for the design and operation processes of the center. Softwares <a href=\"https:\/\/www.ansys.com\/\" target=\"_blank\" rel=\"noopener\">Ansys<\/a> is used for simulation. Errors and external influences while operating machines are predicted in advance, demonstrated through computer simulation. Thereby calculating remedial measures and making appropriate adjustments in the design phase, immediately.<\/p>\n<h3>Future planning<\/h3>\n<p><img loading=\"lazy\" decoding=\"async\" class=\"aligncenter wp-image-1268 size-full\" src=\"https:\/\/arkvietnam.com\/wp-content\/uploads\/2021\/12\/231215043bdbf185a8ca.jpg\" alt=\"\" width=\"600\" height=\"338\" srcset=\"https:\/\/arkvietnam.com\/wp-content\/uploads\/2021\/12\/231215043bdbf185a8ca.jpg 600w, https:\/\/arkvietnam.com\/wp-content\/uploads\/2021\/12\/231215043bdbf185a8ca-510x287.jpg 510w, https:\/\/arkvietnam.com\/wp-content\/uploads\/2021\/12\/231215043bdbf185a8ca-300x169.jpg 300w, https:\/\/arkvietnam.com\/wp-content\/uploads\/2021\/12\/231215043bdbf185a8ca-18x10.jpg 18w\" sizes=\"auto, (max-width: 600px) 100vw, 600px\" \/><\/p>\n<p>Being aware of the fact that today is the era of Industry 4.0. ARK is still trying to improve ourselves. Our concern is to harmonize the product range, in parallel with infrastructure development, and integrate the most advanced and modern technologies. At the same time, it is still necessary to maintain and promote inherent achievements and successes.<\/p>\n<p>The R&amp;D center can be considered as the backbone of the development of ARK Vietnam. Contribute to planning the future and realization our goals, laying a solid foundation from the beginning.<\/p>\n\t<div id=\"gap-256048227\" class=\"gap-element clearfix\" style=\"display:block; height:auto;\">\n\t\t\n<style>\n#gap-256048227 {\n  padding-top: 30px;\n}\n<\/style>\n\t<\/div>\n\t\n\n<div class=\"container section-title-container\" ><h3 class=\"section-title section-title-center\"><b aria-hidden=\"true\"><\/b><span class=\"section-title-main\" style=\"color:rgb(58, 30, 127);\">ARK Vietnam<\/span><b aria-hidden=\"true\"><\/b><\/h3><\/div>\n\n\t<div id=\"text-2409599050\" class=\"text\">\n\t\t\n\n<p style=\"text-align: center;\"><span style=\"font-size: 130%;\">How can we help you ?<\/span><\/p>\n\t\t\n<style>\n#text-2409599050 {\n  text-align: center;\n}\n<\/style>\n\t<\/div>\n\t\n<div class=\"row\"  id=\"row-1104380548\">\n\n\n\t<div id=\"col-1449031300\" class=\"col medium-4 small-12 large-4\"  >\n\t\t\t\t<div class=\"col-inner\"  >\n\t\t\t\n\t\t\t\n\n\t<div id=\"text-3079864319\" class=\"text\">\n\t\t\n\n<h3>Get a quote<\/h3>\n\t\t\n<style>\n#text-3079864319 {\n  text-align: center;\n}\n<\/style>\n\t<\/div>\n\t\n\n\t<a class=\"plain\" href=\"#tai-bao-gia\" >\t<div class=\"icon-box featured-box icon-box-center text-center\"  >\n\t\t\t\t\t<div class=\"icon-box-img\" style=\"width: 110px\">\n\t\t\t\t<div class=\"icon\">\n\t\t\t\t\t<div class=\"icon-inner\" >\n\t\t\t\t\t\t<img loading=\"lazy\" decoding=\"async\" width=\"300\" height=\"300\" src=\"https:\/\/arkvietnam.com\/wp-content\/uploads\/2021\/11\/z2961890500249_6a943e6102309506536c5e9a12322ddd-300x300.jpg\" class=\"attachment-medium size-medium\" alt=\"\" srcset=\"https:\/\/arkvietnam.com\/wp-content\/uploads\/2021\/11\/z2961890500249_6a943e6102309506536c5e9a12322ddd-300x300.jpg 300w, https:\/\/arkvietnam.com\/wp-content\/uploads\/2021\/11\/z2961890500249_6a943e6102309506536c5e9a12322ddd-100x100.jpg 100w, https:\/\/arkvietnam.com\/wp-content\/uploads\/2021\/11\/z2961890500249_6a943e6102309506536c5e9a12322ddd-510x510.jpg 510w, https:\/\/arkvietnam.com\/wp-content\/uploads\/2021\/11\/z2961890500249_6a943e6102309506536c5e9a12322ddd-150x150.jpg 150w, https:\/\/arkvietnam.com\/wp-content\/uploads\/2021\/11\/z2961890500249_6a943e6102309506536c5e9a12322ddd-12x12.jpg 12w, https:\/\/arkvietnam.com\/wp-content\/uploads\/2021\/11\/z2961890500249_6a943e6102309506536c5e9a12322ddd.jpg 600w\" sizes=\"auto, (max-width: 300px) 100vw, 300px\" \/>\t\t\t\t\t<\/div>\n\t\t\t\t<\/div>\n\t\t\t<\/div>\n\t\t\t\t<div class=\"icon-box-text last-reset\">\n\t\t\t\t\t\t\t\t\t\n\n<p style=\"text-align: center;\">Receive a quote for our products and services.<\/p>\n\n\t\t<\/div>\n\t<\/div>\n\t<\/a>\n\t\n\n\t\t<\/div>\n\t\t\t\t\t<\/div>\n\n\t\n\n\t<div id=\"col-901179988\" class=\"col medium-4 small-12 large-4\"  >\n\t\t\t\t<div class=\"col-inner\"  >\n\t\t\t\n\t\t\t\n\n\t<div id=\"text-3460013849\" class=\"text\">\n\t\t\n\n<h3>Offices &amp; Factory<\/h3>\n\t\t\n<style>\n#text-3460013849 {\n  text-align: center;\n}\n<\/style>\n\t<\/div>\n\t\n\n\t<a class=\"plain\" href=\"\/en\/contact\/\" >\t<div class=\"icon-box featured-box icon-box-center text-center\"  >\n\t\t\t\t\t<div class=\"icon-box-img\" style=\"width: 110px\">\n\t\t\t\t<div class=\"icon\">\n\t\t\t\t\t<div class=\"icon-inner\" >\n\t\t\t\t\t\t<img loading=\"lazy\" decoding=\"async\" width=\"300\" height=\"300\" src=\"https:\/\/arkvietnam.com\/wp-content\/uploads\/2021\/11\/z2961890505060_57359896b05e32cf5594f2e6232d2934-300x300.jpg\" class=\"attachment-medium size-medium\" alt=\"\" srcset=\"https:\/\/arkvietnam.com\/wp-content\/uploads\/2021\/11\/z2961890505060_57359896b05e32cf5594f2e6232d2934-300x300.jpg 300w, https:\/\/arkvietnam.com\/wp-content\/uploads\/2021\/11\/z2961890505060_57359896b05e32cf5594f2e6232d2934-100x100.jpg 100w, https:\/\/arkvietnam.com\/wp-content\/uploads\/2021\/11\/z2961890505060_57359896b05e32cf5594f2e6232d2934-510x510.jpg 510w, https:\/\/arkvietnam.com\/wp-content\/uploads\/2021\/11\/z2961890505060_57359896b05e32cf5594f2e6232d2934-150x150.jpg 150w, https:\/\/arkvietnam.com\/wp-content\/uploads\/2021\/11\/z2961890505060_57359896b05e32cf5594f2e6232d2934-12x12.jpg 12w, https:\/\/arkvietnam.com\/wp-content\/uploads\/2021\/11\/z2961890505060_57359896b05e32cf5594f2e6232d2934.jpg 600w\" sizes=\"auto, (max-width: 300px) 100vw, 300px\" \/>\t\t\t\t\t<\/div>\n\t\t\t\t<\/div>\n\t\t\t<\/div>\n\t\t\t\t<div class=\"icon-box-text last-reset\">\n\t\t\t\t\t\t\t\t\t\n\n\t<div id=\"text-1966449193\" class=\"text\">\n\t\t\n\n<p style=\"text-align: center;\">Receive our address and phone numbers.<\/p>\n\t\t\n<style>\n#text-1966449193 {\n  text-align: center;\n}\n<\/style>\n\t<\/div>\n\t\n\n\t\t<\/div>\n\t<\/div>\n\t<\/a>\n\t\n\n\t\t<\/div>\n\t\t\t\t\t<\/div>\n\n\t\n\n\t<div id=\"col-1891721774\" class=\"col medium-4 small-12 large-4\"  >\n\t\t\t\t<div class=\"col-inner\"  >\n\t\t\t\n\t\t\t\n\n\t<div id=\"text-1792737983\" class=\"text\">\n\t\t\n\n<h3>About us<\/h3>\n\t\t\n<style>\n#text-1792737983 {\n  text-align: center;\n}\n<\/style>\n\t<\/div>\n\t\n\n\t<a class=\"plain\" href=\"\/en\/about-us\/\" >\t<div class=\"icon-box featured-box icon-box-center text-center\"  >\n\t\t\t\t\t<div class=\"icon-box-img\" style=\"width: 110px\">\n\t\t\t\t<div class=\"icon\">\n\t\t\t\t\t<div class=\"icon-inner\" >\n\t\t\t\t\t\t<img loading=\"lazy\" decoding=\"async\" width=\"300\" height=\"300\" src=\"https:\/\/arkvietnam.com\/wp-content\/uploads\/2021\/11\/z2961890505067_071d10ca2381b68349e61538694528cf-300x300.jpg\" class=\"attachment-medium size-medium\" alt=\"\" srcset=\"https:\/\/arkvietnam.com\/wp-content\/uploads\/2021\/11\/z2961890505067_071d10ca2381b68349e61538694528cf-300x300.jpg 300w, https:\/\/arkvietnam.com\/wp-content\/uploads\/2021\/11\/z2961890505067_071d10ca2381b68349e61538694528cf-100x100.jpg 100w, https:\/\/arkvietnam.com\/wp-content\/uploads\/2021\/11\/z2961890505067_071d10ca2381b68349e61538694528cf-510x510.jpg 510w, https:\/\/arkvietnam.com\/wp-content\/uploads\/2021\/11\/z2961890505067_071d10ca2381b68349e61538694528cf-150x150.jpg 150w, https:\/\/arkvietnam.com\/wp-content\/uploads\/2021\/11\/z2961890505067_071d10ca2381b68349e61538694528cf-12x12.jpg 12w, https:\/\/arkvietnam.com\/wp-content\/uploads\/2021\/11\/z2961890505067_071d10ca2381b68349e61538694528cf.jpg 600w\" sizes=\"auto, (max-width: 300px) 100vw, 300px\" \/>\t\t\t\t\t<\/div>\n\t\t\t\t<\/div>\n\t\t\t<\/div>\n\t\t\t\t<div class=\"icon-box-text last-reset\">\n\t\t\t\t\t\t\t\t\t\n\n\t<div id=\"text-1247621013\" class=\"text\">\n\t\t\n\n<p style=\"text-align: center;\">Learn more about us.<\/p>\n\t\t\n<style>\n#text-1247621013 {\n  text-align: center;\n}\n<\/style>\n\t<\/div>\n\t\n\n\t\t<\/div>\n\t<\/div>\n\t<\/a>\n\t\n\n\t\t<\/div>\n\t\t\t\t\t<\/div>\n\n\t\n\n<\/div>\n<div class=\"container section-title-container\" ><h3 class=\"section-title section-title-center\"><b aria-hidden=\"true\"><\/b><span class=\"section-title-main\" style=\"color:rgb(58, 30, 127);\">PROTECT THE ENVIRONMENT WITH ARK VIETNAM<\/span><b aria-hidden=\"true\"><\/b><\/h3><\/div>","protected":false},"excerpt":{"rendered":"<p>TRUNG T\u00c2M NGHI\u00caN C\u1ee8U V\u00c0 PH\u00c1T TRI\u1ec2N ARK VI\u1ec6T NAM ARK Vi\u1ec7t Nam \u0111\u00e3 \u0111\u1eb7t t\u1ea7m quan tr\u1ecdng c\u1ee7a R&amp;D (nghi\u00ean c\u1ee9u &#8211; ph\u00e1t tri\u1ec3n) l\u00ean h\u00e0ng \u0111\u1ea7u k\u1ec3 t\u1eeb khi th\u00e0nh l\u1eadp. M\u1ee5c \u0111\u00edch ch\u00ednh l\u00e0 nh\u1eb1m khuy\u1ebfn kh\u00edch s\u1ef1 s\u00e1ng t\u1ea1o, \u0111\u00e0o s\u00e2u t\u00ednh \u1ee9ng d\u1ee5ng khoa h\u1ecdc &#8211; c\u00f4ng ngh\u1ec7 ti\u00ean ti\u1ebfn&#8230;<\/p>","protected":false},"author":1,"featured_media":0,"parent":0,"menu_order":0,"comment_status":"closed","ping_status":"closed","template":"","meta":{"_acf_changed":false,"_gspb_post_css":"","footnotes":""},"class_list":["post-964","page","type-page","status-publish","hentry"],"acf":[],"_links":{"self":[{"href":"https:\/\/arkvietnam.com\/en\/wp-json\/wp\/v2\/pages\/964","targetHints":{"allow":["GET"]}}],"collection":[{"href":"https:\/\/arkvietnam.com\/en\/wp-json\/wp\/v2\/pages"}],"about":[{"href":"https:\/\/arkvietnam.com\/en\/wp-json\/wp\/v2\/types\/page"}],"author":[{"embeddable":true,"href":"https:\/\/arkvietnam.com\/en\/wp-json\/wp\/v2\/users\/1"}],"replies":[{"embeddable":true,"href":"https:\/\/arkvietnam.com\/en\/wp-json\/wp\/v2\/comments?post=964"}],"version-history":[{"count":0,"href":"https:\/\/arkvietnam.com\/en\/wp-json\/wp\/v2\/pages\/964\/revisions"}],"wp:attachment":[{"href":"https:\/\/arkvietnam.com\/en\/wp-json\/wp\/v2\/media?parent=964"}],"curies":[{"name":"wp","href":"https:\/\/api.w.org\/{rel}","templated":true}]}}