{"id":636,"date":"2021-11-26T09:00:25","date_gmt":"2021-11-26T09:00:25","guid":{"rendered":"https:\/\/arkvietnam.com\/?page_id=636"},"modified":"2022-01-08T09:14:29","modified_gmt":"2022-01-08T02:14:29","slug":"occupational-safety-and-health","status":"publish","type":"page","link":"https:\/\/arkvietnam.com\/en\/suc-khoe-va-an-toan-lao-dong\/","title":{"rendered":"Occupational Safety and Health"},"content":{"rendered":"<h1 style=\"text-align: center;\"><strong>OCCUPATIONAL SAFETY AND HEALTH<\/strong><\/h1>\n<p>The health and safety of employees and business partners are one of the most important and concerned issues of<strong> ARK Vietnam<\/strong>.<\/p>\n<p><strong> ARK Vietnam<\/strong> regularly organizes training and retraining on occupational safety for employees, and at the same time set up working regulations to ensure the highest level of safety. In addition, we also organize a collective kitchen and an emergency clinic to ensure the safety, hygiene, and health of all employees working at ARK Vietnam. ARK also ensures that its activities follow the principle of minimizing negative impacts on the environment.<\/p>\n<p><img loading=\"lazy\" decoding=\"async\" class=\"aligncenter wp-image-641 size-medium\" src=\"https:\/\/arkvietnam.com\/wp-content\/uploads\/2021\/11\/Mesa-de-trabajo-1-300x188.png\" alt=\"\" width=\"300\" height=\"188\" srcset=\"https:\/\/arkvietnam.com\/wp-content\/uploads\/2021\/11\/Mesa-de-trabajo-1-300x188.png 300w, https:\/\/arkvietnam.com\/wp-content\/uploads\/2021\/11\/Mesa-de-trabajo-1-510x319.png 510w, https:\/\/arkvietnam.com\/wp-content\/uploads\/2021\/11\/Mesa-de-trabajo-1-768x480.png 768w, https:\/\/arkvietnam.com\/wp-content\/uploads\/2021\/11\/Mesa-de-trabajo-1-18x12.png 18w, https:\/\/arkvietnam.com\/wp-content\/uploads\/2021\/11\/Mesa-de-trabajo-1-600x375.png 600w, https:\/\/arkvietnam.com\/wp-content\/uploads\/2021\/11\/Mesa-de-trabajo-1.png 801w\" sizes=\"auto, (max-width: 300px) 100vw, 300px\" \/><\/p>\n<h3>Our goals<\/h3>\n<ul>\n<li>All individuals must be trained and checked in safety regulations to work safely with high efficiency, avoiding risks to all employees of the company.<\/li>\n<li>No one was injured or weakened while working or visiting our facilities.<\/li>\n<li>Minimize incidents and accidents.<\/li>\n<li>We want all individuals and employees to contribute to building a clean, quiet, secure, and durable working environment.<\/li>\n<\/ul>\n<h3>Mandatory safety requirements<\/h3>\n<ul>\n<li>The manager or supervisor is responsible for controlling the workplace, directly, taking reasonable resolutions to ensure a safe working area, and avoiding health and safety risks to employees and equipment.<\/li>\n<li>Technical supervisor and HSE staff (Health Safety Environment) must be present at all times.<\/li>\n<li>Master the processes directly related to the task being supervised.<\/li>\n<li>When detecting a dangerous case that threatens life or unsafe equipment, supervisor has to suspend it and employees have to follow the instructions.<\/li>\n<li>All employees are responsible for performing work in the workplace in accordance with the safety standards set by the employer and relevant laws and regulations.<\/li>\n<li>For temporary workers must comply with standards at the workplace and follow the instructions of people working at the factory.<\/li>\n<\/ul>\n<h3>Personal protective equipment<\/h3>\n<p>All employees when working at the construction site or factory must comply with the following requirements:<\/p>\n<ul>\n<li>Long-sleeved and collared workwear.<\/li>\n<li>Safety pants (cloth shoes) and must be replaced with new ones when damaged.<\/li>\n<li>Safety helmets with straps.<\/li>\n<li>Always use personal protective equipment properly.<\/li>\n<li>Safety glasses for eye protection when working especially in places where there is a possibility of accidents involving objects or flying at high speeds (eg welding, grinding, drilling).<\/li>\n<li>Punching concrete by drills, pneumatic tools, inspecting glass or using chemicals, etc.<\/li>\n<li>Ear protection: Ear protection must be worn when the working environment is noisy.<\/li>\n<li>Protective Gloves: Work-appropriate hand protection should be worn when a risk to the hands is considered in the absence of gloves.<\/li>\n<\/ul>\n<h3>Activities for occupational health and safety:<\/h3>\n<ul>\n<li>Provide and maintain a healthy and safe working environment for the company's employees.<\/li>\n<li>Protect the health and safety of employees, contractors, and company visitors.<\/li>\n<li>Minimize negative impacts on the environment through pollution prevention and proper waste management.<\/li>\n<li>Comply with the health, safety, and environmental laws and regulations of the Socialist Republic of Vietnam.<\/li>\n<li>Provide information, guidance, training and supervision to employees on health, safety and the environment.<\/li>\n<li>Renovating the factory, equipping with hot exhaust fans, blowers, vacuum cleaners, etc. Workers working in places with chemical odors are equipped with full labor protection and toxic allowances.<\/li>\n<\/ul>\n<h3>Environmental hygiene<\/h3>\n<ul>\n<li>Indiscriminate workplaces can cause accidents, are inefficient and create hazards. The environment is not clean and safe will affect the health of each person, so cleaning will help each person feel comfortable and confident when working.<\/li>\n<li>Everyone has a responsibility to keep the workplace clean (if you make a mess, clean it up). Tools and working equipment must be placed in a safe and secure place.<\/li>\n<li>When grinding and welding metal pieces or small pieces must be properly contained to prevent falling.<\/li>\n<li>Work area must be checked and always clean and tidy before starting work.<\/li>\n<li>All work areas must be cleaned regularly, and excess material must be removed daily.<\/li>\n<li>All spills of fuel, grease, hazardous substances or chemicals must be disposed of and cleaned up. When smoking, cigarette butts and garbage must be put in trash bins.<\/li>\n<\/ul>\n\t<div id=\"gap-1483905881\" class=\"gap-element clearfix\" style=\"display:block; height:auto;\">\n\t\t\n<style>\n#gap-1483905881 {\n  padding-top: 30px;\n}\n<\/style>\n\t<\/div>\n\t\n\n<div class=\"container section-title-container\" ><h3 class=\"section-title section-title-center\"><b aria-hidden=\"true\"><\/b><span class=\"section-title-main\" style=\"color:rgb(58, 30, 127);\">ARK Vietnam<\/span><b aria-hidden=\"true\"><\/b><\/h3><\/div>\n\n\t<div id=\"text-3972287587\" class=\"text\">\n\t\t\n\n<p style=\"text-align: center;\"><span style=\"font-size: 130%;\">How can we help you ?<\/span><\/p>\n\t\t\n<style>\n#text-3972287587 {\n  text-align: center;\n}\n<\/style>\n\t<\/div>\n\t\n<div class=\"row\"  id=\"row-1621898820\">\n\n\n\t<div id=\"col-1045990963\" class=\"col medium-4 small-12 large-4\"  >\n\t\t\t\t<div class=\"col-inner\"  >\n\t\t\t\n\t\t\t\n\n\t<div id=\"text-3196688769\" class=\"text\">\n\t\t\n\n<h3>Get a quote<\/h3>\n\t\t\n<style>\n#text-3196688769 {\n  text-align: center;\n}\n<\/style>\n\t<\/div>\n\t\n\n\t<a class=\"plain\" href=\"#tai-bao-gia\" >\t<div class=\"icon-box featured-box icon-box-center text-center\"  >\n\t\t\t\t\t<div class=\"icon-box-img\" style=\"width: 110px\">\n\t\t\t\t<div class=\"icon\">\n\t\t\t\t\t<div class=\"icon-inner\" >\n\t\t\t\t\t\t<img loading=\"lazy\" decoding=\"async\" width=\"300\" height=\"300\" src=\"https:\/\/arkvietnam.com\/wp-content\/uploads\/2021\/11\/z2961890500249_6a943e6102309506536c5e9a12322ddd-300x300.jpg\" class=\"attachment-medium size-medium\" alt=\"\" srcset=\"https:\/\/arkvietnam.com\/wp-content\/uploads\/2021\/11\/z2961890500249_6a943e6102309506536c5e9a12322ddd-300x300.jpg 300w, https:\/\/arkvietnam.com\/wp-content\/uploads\/2021\/11\/z2961890500249_6a943e6102309506536c5e9a12322ddd-100x100.jpg 100w, https:\/\/arkvietnam.com\/wp-content\/uploads\/2021\/11\/z2961890500249_6a943e6102309506536c5e9a12322ddd-510x510.jpg 510w, https:\/\/arkvietnam.com\/wp-content\/uploads\/2021\/11\/z2961890500249_6a943e6102309506536c5e9a12322ddd-150x150.jpg 150w, https:\/\/arkvietnam.com\/wp-content\/uploads\/2021\/11\/z2961890500249_6a943e6102309506536c5e9a12322ddd-12x12.jpg 12w, https:\/\/arkvietnam.com\/wp-content\/uploads\/2021\/11\/z2961890500249_6a943e6102309506536c5e9a12322ddd.jpg 600w\" sizes=\"auto, (max-width: 300px) 100vw, 300px\" \/>\t\t\t\t\t<\/div>\n\t\t\t\t<\/div>\n\t\t\t<\/div>\n\t\t\t\t<div class=\"icon-box-text last-reset\">\n\t\t\t\t\t\t\t\t\t\n\n<p style=\"text-align: center;\">Receive a quote for our products and services.<\/p>\n\n\t\t<\/div>\n\t<\/div>\n\t<\/a>\n\t\n\n\t\t<\/div>\n\t\t\t\t\t<\/div>\n\n\t\n\n\t<div id=\"col-66348447\" class=\"col medium-4 small-12 large-4\"  >\n\t\t\t\t<div class=\"col-inner\"  >\n\t\t\t\n\t\t\t\n\n\t<div id=\"text-1048628484\" class=\"text\">\n\t\t\n\n<h3>Offices &amp; Factory<\/h3>\n\t\t\n<style>\n#text-1048628484 {\n  text-align: center;\n}\n<\/style>\n\t<\/div>\n\t\n\n\t<a class=\"plain\" href=\"\/en\/contact\/\" >\t<div class=\"icon-box featured-box icon-box-center text-center\"  >\n\t\t\t\t\t<div class=\"icon-box-img\" style=\"width: 110px\">\n\t\t\t\t<div class=\"icon\">\n\t\t\t\t\t<div class=\"icon-inner\" >\n\t\t\t\t\t\t<img loading=\"lazy\" decoding=\"async\" width=\"300\" height=\"300\" src=\"https:\/\/arkvietnam.com\/wp-content\/uploads\/2021\/11\/z2961890505060_57359896b05e32cf5594f2e6232d2934-300x300.jpg\" class=\"attachment-medium size-medium\" alt=\"\" srcset=\"https:\/\/arkvietnam.com\/wp-content\/uploads\/2021\/11\/z2961890505060_57359896b05e32cf5594f2e6232d2934-300x300.jpg 300w, https:\/\/arkvietnam.com\/wp-content\/uploads\/2021\/11\/z2961890505060_57359896b05e32cf5594f2e6232d2934-100x100.jpg 100w, https:\/\/arkvietnam.com\/wp-content\/uploads\/2021\/11\/z2961890505060_57359896b05e32cf5594f2e6232d2934-510x510.jpg 510w, https:\/\/arkvietnam.com\/wp-content\/uploads\/2021\/11\/z2961890505060_57359896b05e32cf5594f2e6232d2934-150x150.jpg 150w, https:\/\/arkvietnam.com\/wp-content\/uploads\/2021\/11\/z2961890505060_57359896b05e32cf5594f2e6232d2934-12x12.jpg 12w, https:\/\/arkvietnam.com\/wp-content\/uploads\/2021\/11\/z2961890505060_57359896b05e32cf5594f2e6232d2934.jpg 600w\" sizes=\"auto, (max-width: 300px) 100vw, 300px\" \/>\t\t\t\t\t<\/div>\n\t\t\t\t<\/div>\n\t\t\t<\/div>\n\t\t\t\t<div class=\"icon-box-text last-reset\">\n\t\t\t\t\t\t\t\t\t\n\n\t<div id=\"text-3883879230\" class=\"text\">\n\t\t\n\n<p style=\"text-align: center;\">Receive our address and phone numbers.<\/p>\n\t\t\n<style>\n#text-3883879230 {\n  text-align: center;\n}\n<\/style>\n\t<\/div>\n\t\n\n\t\t<\/div>\n\t<\/div>\n\t<\/a>\n\t\n\n\t\t<\/div>\n\t\t\t\t\t<\/div>\n\n\t\n\n\t<div id=\"col-1039771210\" class=\"col medium-4 small-12 large-4\"  >\n\t\t\t\t<div class=\"col-inner\"  >\n\t\t\t\n\t\t\t\n\n\t<div id=\"text-2874739250\" class=\"text\">\n\t\t\n\n<h3>About us<\/h3>\n\t\t\n<style>\n#text-2874739250 {\n  text-align: center;\n}\n<\/style>\n\t<\/div>\n\t\n\n\t<a class=\"plain\" href=\"\/en\/about-us\/\" >\t<div class=\"icon-box featured-box icon-box-center text-center\"  >\n\t\t\t\t\t<div class=\"icon-box-img\" style=\"width: 110px\">\n\t\t\t\t<div class=\"icon\">\n\t\t\t\t\t<div class=\"icon-inner\" >\n\t\t\t\t\t\t<img loading=\"lazy\" decoding=\"async\" width=\"300\" height=\"300\" src=\"https:\/\/arkvietnam.com\/wp-content\/uploads\/2021\/11\/z2961890505067_071d10ca2381b68349e61538694528cf-300x300.jpg\" class=\"attachment-medium size-medium\" alt=\"\" srcset=\"https:\/\/arkvietnam.com\/wp-content\/uploads\/2021\/11\/z2961890505067_071d10ca2381b68349e61538694528cf-300x300.jpg 300w, https:\/\/arkvietnam.com\/wp-content\/uploads\/2021\/11\/z2961890505067_071d10ca2381b68349e61538694528cf-100x100.jpg 100w, https:\/\/arkvietnam.com\/wp-content\/uploads\/2021\/11\/z2961890505067_071d10ca2381b68349e61538694528cf-510x510.jpg 510w, https:\/\/arkvietnam.com\/wp-content\/uploads\/2021\/11\/z2961890505067_071d10ca2381b68349e61538694528cf-150x150.jpg 150w, https:\/\/arkvietnam.com\/wp-content\/uploads\/2021\/11\/z2961890505067_071d10ca2381b68349e61538694528cf-12x12.jpg 12w, https:\/\/arkvietnam.com\/wp-content\/uploads\/2021\/11\/z2961890505067_071d10ca2381b68349e61538694528cf.jpg 600w\" sizes=\"auto, (max-width: 300px) 100vw, 300px\" \/>\t\t\t\t\t<\/div>\n\t\t\t\t<\/div>\n\t\t\t<\/div>\n\t\t\t\t<div class=\"icon-box-text last-reset\">\n\t\t\t\t\t\t\t\t\t\n\n\t<div id=\"text-1104195063\" class=\"text\">\n\t\t\n\n<p style=\"text-align: center;\">Learn more about us.<\/p>\n\t\t\n<style>\n#text-1104195063 {\n  text-align: center;\n}\n<\/style>\n\t<\/div>\n\t\n\n\t\t<\/div>\n\t<\/div>\n\t<\/a>\n\t\n\n\t\t<\/div>\n\t\t\t\t\t<\/div>\n\n\t\n\n<\/div>\n<div class=\"container section-title-container\" ><h3 class=\"section-title section-title-center\"><b aria-hidden=\"true\"><\/b><span class=\"section-title-main\" style=\"color:rgb(58, 30, 127);\">PROTECT THE ENVIRONMENT WITH ARK VIETNAM<\/span><b aria-hidden=\"true\"><\/b><\/h3><\/div>","protected":false},"excerpt":{"rendered":"<p>S\u1ee8C KH\u1eceE V\u00c0 AN TO\u00c0N LAO \u0110\u1ed8NG S\u1ee9c kho\u1ebb v\u00e0 s\u1ef1 an to\u00e0n c\u1ee7a nh\u00e2n vi\u00ean c\u00f4ng ty v\u00e0 \u0111\u1ed1i t\u00e1c l\u00e0 m\u1ed9t trong nh\u1eefng v\u1ea5n \u0111\u1ec1 quan tr\u1ecdng v\u00e0 \u0111\u01b0\u1ee3c quan t\u00e2m nh\u1ea5t c\u1ee7a ARK Vi\u1ec7t Nam. ARK Vi\u1ec7t Nam th\u01b0\u1eddng xuy\u00ean t\u1ed5 ch\u1ee9c \u0111\u00e0o t\u1ea1o, hu\u1ea5n luy\u1ec7n v\u00e0 hu\u1ea5n luy\u1ec7n l\u1ea1i v\u1ec1 an&#8230;<\/p>","protected":false},"author":1,"featured_media":641,"parent":0,"menu_order":0,"comment_status":"closed","ping_status":"closed","template":"","meta":{"_acf_changed":false,"_gspb_post_css":"","footnotes":""},"class_list":["post-636","page","type-page","status-publish","has-post-thumbnail","hentry"],"acf":[],"_links":{"self":[{"href":"https:\/\/arkvietnam.com\/en\/wp-json\/wp\/v2\/pages\/636","targetHints":{"allow":["GET"]}}],"collection":[{"href":"https:\/\/arkvietnam.com\/en\/wp-json\/wp\/v2\/pages"}],"about":[{"href":"https:\/\/arkvietnam.com\/en\/wp-json\/wp\/v2\/types\/page"}],"author":[{"embeddable":true,"href":"https:\/\/arkvietnam.com\/en\/wp-json\/wp\/v2\/users\/1"}],"replies":[{"embeddable":true,"href":"https:\/\/arkvietnam.com\/en\/wp-json\/wp\/v2\/comments?post=636"}],"version-history":[{"count":0,"href":"https:\/\/arkvietnam.com\/en\/wp-json\/wp\/v2\/pages\/636\/revisions"}],"wp:featuredmedia":[{"embeddable":true,"href":"https:\/\/arkvietnam.com\/en\/wp-json\/wp\/v2\/media\/641"}],"wp:attachment":[{"href":"https:\/\/arkvietnam.com\/en\/wp-json\/wp\/v2\/media?parent=636"}],"curies":[{"name":"wp","href":"https:\/\/api.w.org\/{rel}","templated":true}]}}