{"id":617,"date":"2021-11-26T08:30:18","date_gmt":"2021-11-26T08:30:18","guid":{"rendered":"https:\/\/arkvietnam.com\/?page_id=617"},"modified":"2022-01-07T14:41:57","modified_gmt":"2022-01-07T07:41:57","slug":"quality-policy","status":"publish","type":"page","link":"https:\/\/arkvietnam.com\/en\/chinh-sach-chat-luong\/","title":{"rendered":"Quality Policy"},"content":{"rendered":"<h1 style=\"text-align: center;\"><strong>QUALITY POLICY<\/strong><\/h1>\n<p>Customers can completely trust an effective quality management system of<strong> ARK Vietnam<\/strong>. We use production lines imported directly from Korea, products follow according to <a href=\"https:\/\/isoquocte.com\/cap-chung-nhan-ce-marking-tieu-chuan-ce-chau-au.html\" target=\"_blank\" rel=\"noopener\">CE certification of the European Union<\/a>, as well as the ISO standard. ARK Vietnam also continuously improves product quality. Processes and services are also updated and refreshed. We prove to our employees and customers that they are valued, always respected.<\/p>\n<p><img loading=\"lazy\" decoding=\"async\" class=\"aligncenter wp-image-623\" style=\"font-size: 14.4px;\" src=\"https:\/\/arkvietnam.com\/wp-content\/uploads\/2021\/11\/Chinh-sach-chat-luong-300x188.png\" alt=\"\" width=\"450\" height=\"282\" srcset=\"https:\/\/arkvietnam.com\/wp-content\/uploads\/2021\/11\/Chinh-sach-chat-luong-300x188.png 300w, https:\/\/arkvietnam.com\/wp-content\/uploads\/2021\/11\/Chinh-sach-chat-luong-510x319.png 510w, https:\/\/arkvietnam.com\/wp-content\/uploads\/2021\/11\/Chinh-sach-chat-luong-768x480.png 768w, https:\/\/arkvietnam.com\/wp-content\/uploads\/2021\/11\/Chinh-sach-chat-luong-18x12.png 18w, https:\/\/arkvietnam.com\/wp-content\/uploads\/2021\/11\/Chinh-sach-chat-luong-600x375.png 600w, https:\/\/arkvietnam.com\/wp-content\/uploads\/2021\/11\/Chinh-sach-chat-luong.png 800w\" sizes=\"auto, (max-width: 450px) 100vw, 450px\" \/><\/p>\n<h4>Our quality management system goals &amp; objectives:<\/h4>\n<ul>\n<li>Increase current market share, combines with the expansion of production scale and factory scale.<\/li>\n<li>We continuously receive feedback to calculate customer satisfaction, before, during, and after purchase. We remain that the expectation of the customer's requirements is always at the maximum level.<\/li>\n<li>Complete all of our business processes as well as we are updating innovation to make it simple and more convenient for customers. Ensure legality, protect the interests of customers.<\/li>\n<li>Preventing environmental pollution, managing wastewater in the factory, in each production stage.<\/li>\n<li>Natural resources using efficiently. Reduce waste and encourage waste recycling, saving electricity and water.<\/li>\n<li>Research and improve products to consume fewer resources, energy-efficient, efficient, and environmentally friendly.<\/li>\n<li>Minimize the risk of occupational accidents by using risk management software. Ensure the health of employees in the factory and office by building a friendly working environment. Our slogan is <em>\u201cARK - happy and safe\u201d<\/em>.<\/li>\n<li>Organize regular training for workers - employees for occupational hygiene and safety. Replace, renew, repair machinery to ensure maximum safety. Anticipate possible risks during or after the production of products or services.<\/li>\n<\/ul>\n<h4>ARK Vietnam expects all employees to strive towards the development mission of the whole company. We are committed to fully meeting all resources and best opportunities to complete the above strategies and goals.<\/h4>\n\n  \n    <div class=\"row large-columns-3 medium-columns- small-columns-2\" >\n  <div class=\"gallery-col col\" >\n          <div class=\"col-inner\">\n            <a class=\"image-lightbox lightbox-gallery\" href=\"https:\/\/arkvietnam.com\/wp-content\/uploads\/2021\/11\/Compliance-p32pgs7nik1722xxdh46tr0qc15iyniekw3e1ipb0y-1.jpg\" title=\"\">            <div class=\"box has-hover gallery-box box-none\">\n              <div class=\"box-image\" style=\"width:66%;\">\n                <img loading=\"lazy\" decoding=\"async\" width=\"400\" height=\"565\" src=\"https:\/\/arkvietnam.com\/wp-content\/uploads\/2021\/11\/Compliance-p32pgs7nik1722xxdh46tr0qc15iyniekw3e1ipb0y-1.jpg\" class=\"attachment-original size-original\" alt=\"\" ids=\"157,155,156\" style=\"none\" lightbox_image_size=\"original\" columns=\"3\" image_width=\"66\" image_size=\"original\" srcset=\"https:\/\/arkvietnam.com\/wp-content\/uploads\/2021\/11\/Compliance-p32pgs7nik1722xxdh46tr0qc15iyniekw3e1ipb0y-1.jpg 400w, https:\/\/arkvietnam.com\/wp-content\/uploads\/2021\/11\/Compliance-p32pgs7nik1722xxdh46tr0qc15iyniekw3e1ipb0y-1-212x300.jpg 212w\" sizes=\"auto, (max-width: 400px) 100vw, 400px\" \/>                                                              <\/div>\n              <div class=\"box-text text-left\" >\n                 <p><\/p>\n              <\/div>\n            <\/div>\n            <\/a>          <\/div>\n         <\/div><div class=\"gallery-col col\" >\n          <div class=\"col-inner\">\n            <a class=\"image-lightbox lightbox-gallery\" href=\"https:\/\/arkvietnam.com\/wp-content\/uploads\/2021\/11\/chungnhan9001.jpg\" title=\"\">            <div class=\"box has-hover gallery-box box-none\">\n              <div class=\"box-image\" style=\"width:66%;\">\n                <img loading=\"lazy\" decoding=\"async\" width=\"397\" height=\"562\" src=\"https:\/\/arkvietnam.com\/wp-content\/uploads\/2021\/11\/chungnhan9001.jpg\" class=\"attachment-original size-original\" alt=\"\" ids=\"157,155,156\" style=\"none\" lightbox_image_size=\"original\" columns=\"3\" image_width=\"66\" image_size=\"original\" srcset=\"https:\/\/arkvietnam.com\/wp-content\/uploads\/2021\/11\/chungnhan9001.jpg 397w, https:\/\/arkvietnam.com\/wp-content\/uploads\/2021\/11\/chungnhan9001-212x300.jpg 212w\" sizes=\"auto, (max-width: 397px) 100vw, 397px\" \/>                                                              <\/div>\n              <div class=\"box-text text-left\" >\n                 <p><\/p>\n              <\/div>\n            <\/div>\n            <\/a>          <\/div>\n         <\/div><div class=\"gallery-col col\" >\n          <div class=\"col-inner\">\n            <a class=\"image-lightbox lightbox-gallery\" href=\"https:\/\/arkvietnam.com\/wp-content\/uploads\/2021\/11\/chungnhan9001-2.jpg\" title=\"\">            <div class=\"box has-hover gallery-box box-none\">\n              <div class=\"box-image\" style=\"width:66%;\">\n                <img loading=\"lazy\" decoding=\"async\" width=\"398\" height=\"563\" src=\"https:\/\/arkvietnam.com\/wp-content\/uploads\/2021\/11\/chungnhan9001-2.jpg\" class=\"attachment-original size-original\" alt=\"\" ids=\"157,155,156\" style=\"none\" lightbox_image_size=\"original\" columns=\"3\" image_width=\"66\" image_size=\"original\" srcset=\"https:\/\/arkvietnam.com\/wp-content\/uploads\/2021\/11\/chungnhan9001-2.jpg 398w, https:\/\/arkvietnam.com\/wp-content\/uploads\/2021\/11\/chungnhan9001-2-212x300.jpg 212w\" sizes=\"auto, (max-width: 398px) 100vw, 398px\" \/>                                                              <\/div>\n              <div class=\"box-text text-left\" >\n                 <p><\/p>\n              <\/div>\n            <\/div>\n            <\/a>          <\/div>\n         <\/div><\/div>\n\t<div id=\"gap-1392040385\" class=\"gap-element clearfix\" style=\"display:block; height:auto;\">\n\t\t\n<style>\n#gap-1392040385 {\n  padding-top: 30px;\n}\n<\/style>\n\t<\/div>\n\t\n\n<div class=\"container section-title-container\" ><h3 class=\"section-title section-title-center\"><b aria-hidden=\"true\"><\/b><span class=\"section-title-main\" style=\"color:rgb(58, 30, 127);\">ARK Vietnam<\/span><b aria-hidden=\"true\"><\/b><\/h3><\/div>\n\n\t<div id=\"text-2972339848\" class=\"text\">\n\t\t\n\n<p style=\"text-align: center;\"><span style=\"font-size: 130%;\">How can we help you ?<\/span><\/p>\n\t\t\n<style>\n#text-2972339848 {\n  text-align: center;\n}\n<\/style>\n\t<\/div>\n\t\n<div class=\"row\"  id=\"row-1113902749\">\n\n\n\t<div id=\"col-1921990734\" class=\"col medium-4 small-12 large-4\"  >\n\t\t\t\t<div class=\"col-inner\"  >\n\t\t\t\n\t\t\t\n\n\t<div id=\"text-778778011\" class=\"text\">\n\t\t\n\n<h3>Get a quote<\/h3>\n\t\t\n<style>\n#text-778778011 {\n  text-align: center;\n}\n<\/style>\n\t<\/div>\n\t\n\n\t<a class=\"plain\" href=\"#tai-bao-gia\" >\t<div class=\"icon-box featured-box icon-box-center text-center\"  >\n\t\t\t\t\t<div class=\"icon-box-img\" style=\"width: 110px\">\n\t\t\t\t<div class=\"icon\">\n\t\t\t\t\t<div class=\"icon-inner\" >\n\t\t\t\t\t\t<img loading=\"lazy\" decoding=\"async\" width=\"300\" height=\"300\" src=\"https:\/\/arkvietnam.com\/wp-content\/uploads\/2021\/11\/z2961890500249_6a943e6102309506536c5e9a12322ddd-300x300.jpg\" class=\"attachment-medium size-medium\" alt=\"\" srcset=\"https:\/\/arkvietnam.com\/wp-content\/uploads\/2021\/11\/z2961890500249_6a943e6102309506536c5e9a12322ddd-300x300.jpg 300w, https:\/\/arkvietnam.com\/wp-content\/uploads\/2021\/11\/z2961890500249_6a943e6102309506536c5e9a12322ddd-100x100.jpg 100w, https:\/\/arkvietnam.com\/wp-content\/uploads\/2021\/11\/z2961890500249_6a943e6102309506536c5e9a12322ddd-510x510.jpg 510w, https:\/\/arkvietnam.com\/wp-content\/uploads\/2021\/11\/z2961890500249_6a943e6102309506536c5e9a12322ddd-150x150.jpg 150w, https:\/\/arkvietnam.com\/wp-content\/uploads\/2021\/11\/z2961890500249_6a943e6102309506536c5e9a12322ddd-12x12.jpg 12w, https:\/\/arkvietnam.com\/wp-content\/uploads\/2021\/11\/z2961890500249_6a943e6102309506536c5e9a12322ddd.jpg 600w\" sizes=\"auto, (max-width: 300px) 100vw, 300px\" \/>\t\t\t\t\t<\/div>\n\t\t\t\t<\/div>\n\t\t\t<\/div>\n\t\t\t\t<div class=\"icon-box-text last-reset\">\n\t\t\t\t\t\t\t\t\t\n\n<p style=\"text-align: center;\">Receive a quote for our products and services.<\/p>\n\n\t\t<\/div>\n\t<\/div>\n\t<\/a>\n\t\n\n\t\t<\/div>\n\t\t\t\t\t<\/div>\n\n\t\n\n\t<div id=\"col-1395419279\" class=\"col medium-4 small-12 large-4\"  >\n\t\t\t\t<div class=\"col-inner\"  >\n\t\t\t\n\t\t\t\n\n\t<div id=\"text-2044574973\" class=\"text\">\n\t\t\n\n<h3>Offices &amp; Factory<\/h3>\n\t\t\n<style>\n#text-2044574973 {\n  text-align: center;\n}\n<\/style>\n\t<\/div>\n\t\n\n\t<a class=\"plain\" href=\"\/en\/contact\/\" >\t<div class=\"icon-box featured-box icon-box-center text-center\"  >\n\t\t\t\t\t<div class=\"icon-box-img\" style=\"width: 110px\">\n\t\t\t\t<div class=\"icon\">\n\t\t\t\t\t<div class=\"icon-inner\" >\n\t\t\t\t\t\t<img loading=\"lazy\" decoding=\"async\" width=\"300\" height=\"300\" src=\"https:\/\/arkvietnam.com\/wp-content\/uploads\/2021\/11\/z2961890505060_57359896b05e32cf5594f2e6232d2934-300x300.jpg\" class=\"attachment-medium size-medium\" alt=\"\" srcset=\"https:\/\/arkvietnam.com\/wp-content\/uploads\/2021\/11\/z2961890505060_57359896b05e32cf5594f2e6232d2934-300x300.jpg 300w, https:\/\/arkvietnam.com\/wp-content\/uploads\/2021\/11\/z2961890505060_57359896b05e32cf5594f2e6232d2934-100x100.jpg 100w, https:\/\/arkvietnam.com\/wp-content\/uploads\/2021\/11\/z2961890505060_57359896b05e32cf5594f2e6232d2934-510x510.jpg 510w, https:\/\/arkvietnam.com\/wp-content\/uploads\/2021\/11\/z2961890505060_57359896b05e32cf5594f2e6232d2934-150x150.jpg 150w, https:\/\/arkvietnam.com\/wp-content\/uploads\/2021\/11\/z2961890505060_57359896b05e32cf5594f2e6232d2934-12x12.jpg 12w, https:\/\/arkvietnam.com\/wp-content\/uploads\/2021\/11\/z2961890505060_57359896b05e32cf5594f2e6232d2934.jpg 600w\" sizes=\"auto, (max-width: 300px) 100vw, 300px\" \/>\t\t\t\t\t<\/div>\n\t\t\t\t<\/div>\n\t\t\t<\/div>\n\t\t\t\t<div class=\"icon-box-text last-reset\">\n\t\t\t\t\t\t\t\t\t\n\n\t<div id=\"text-214483104\" class=\"text\">\n\t\t\n\n<p style=\"text-align: center;\">Receive our address and phone numbers.<\/p>\n\t\t\n<style>\n#text-214483104 {\n  text-align: center;\n}\n<\/style>\n\t<\/div>\n\t\n\n\t\t<\/div>\n\t<\/div>\n\t<\/a>\n\t\n\n\t\t<\/div>\n\t\t\t\t\t<\/div>\n\n\t\n\n\t<div id=\"col-1539710745\" class=\"col medium-4 small-12 large-4\"  >\n\t\t\t\t<div class=\"col-inner\"  >\n\t\t\t\n\t\t\t\n\n\t<div id=\"text-1690659460\" class=\"text\">\n\t\t\n\n<h3>About us<\/h3>\n\t\t\n<style>\n#text-1690659460 {\n  text-align: center;\n}\n<\/style>\n\t<\/div>\n\t\n\n\t<a class=\"plain\" href=\"\/en\/about-us\/\" >\t<div class=\"icon-box featured-box icon-box-center text-center\"  >\n\t\t\t\t\t<div class=\"icon-box-img\" style=\"width: 110px\">\n\t\t\t\t<div class=\"icon\">\n\t\t\t\t\t<div class=\"icon-inner\" >\n\t\t\t\t\t\t<img loading=\"lazy\" decoding=\"async\" width=\"300\" height=\"300\" src=\"https:\/\/arkvietnam.com\/wp-content\/uploads\/2021\/11\/z2961890505067_071d10ca2381b68349e61538694528cf-300x300.jpg\" class=\"attachment-medium size-medium\" alt=\"\" srcset=\"https:\/\/arkvietnam.com\/wp-content\/uploads\/2021\/11\/z2961890505067_071d10ca2381b68349e61538694528cf-300x300.jpg 300w, https:\/\/arkvietnam.com\/wp-content\/uploads\/2021\/11\/z2961890505067_071d10ca2381b68349e61538694528cf-100x100.jpg 100w, https:\/\/arkvietnam.com\/wp-content\/uploads\/2021\/11\/z2961890505067_071d10ca2381b68349e61538694528cf-510x510.jpg 510w, https:\/\/arkvietnam.com\/wp-content\/uploads\/2021\/11\/z2961890505067_071d10ca2381b68349e61538694528cf-150x150.jpg 150w, https:\/\/arkvietnam.com\/wp-content\/uploads\/2021\/11\/z2961890505067_071d10ca2381b68349e61538694528cf-12x12.jpg 12w, https:\/\/arkvietnam.com\/wp-content\/uploads\/2021\/11\/z2961890505067_071d10ca2381b68349e61538694528cf.jpg 600w\" sizes=\"auto, (max-width: 300px) 100vw, 300px\" \/>\t\t\t\t\t<\/div>\n\t\t\t\t<\/div>\n\t\t\t<\/div>\n\t\t\t\t<div class=\"icon-box-text last-reset\">\n\t\t\t\t\t\t\t\t\t\n\n\t<div id=\"text-1280533375\" class=\"text\">\n\t\t\n\n<p style=\"text-align: center;\">Learn more about us.<\/p>\n\t\t\n<style>\n#text-1280533375 {\n  text-align: center;\n}\n<\/style>\n\t<\/div>\n\t\n\n\t\t<\/div>\n\t<\/div>\n\t<\/a>\n\t\n\n\t\t<\/div>\n\t\t\t\t\t<\/div>\n\n\t\n\n<\/div>\n<div class=\"container section-title-container\" ><h3 class=\"section-title section-title-center\"><b aria-hidden=\"true\"><\/b><span class=\"section-title-main\" style=\"color:rgb(58, 30, 127);\">PROTECT THE ENVIRONMENT WITH ARK VIETNAM<\/span><b aria-hidden=\"true\"><\/b><\/h3><\/div>","protected":false},"excerpt":{"rendered":"<p>CH\u00cdNH S\u00c1CH CH\u1ea4T L\u01af\u1ee2NG Kh\u00e1ch h\u00e0ng ho\u00e0n to\u00e0n c\u00f3 th\u1ec3 tin t\u01b0\u1edfng v\u00e0o h\u1ec7 th\u1ed1ng qu\u1ea3n l\u00fd ch\u1ea5t l\u01b0\u1ee3ng hi\u1ec7u qu\u1ea3 c\u1ee7a ARK Vi\u1ec7t Nam. Ch\u00fang t\u00f4i s\u1eed d\u1ee5ng d\u00e2y chuy\u1ec1n s\u1ea3n xu\u1ea5t nh\u1eadp kh\u1ea9u tr\u1ef1c ti\u1ebfp t\u1eeb H\u00e0n Qu\u1ed1c, s\u1ea3n ph\u1ea9m \u0111\u00e1p \u1ee9ng theo ch\u1ee9ng nh\u1eadn CE c\u1ee7a Li\u00ean minh ch\u00e2u \u00c2u, c\u0169ng nh\u01b0&#8230;<\/p>","protected":false},"author":1,"featured_media":623,"parent":0,"menu_order":0,"comment_status":"closed","ping_status":"closed","template":"","meta":{"_acf_changed":false,"_gspb_post_css":"","footnotes":""},"class_list":["post-617","page","type-page","status-publish","has-post-thumbnail","hentry"],"acf":[],"_links":{"self":[{"href":"https:\/\/arkvietnam.com\/en\/wp-json\/wp\/v2\/pages\/617","targetHints":{"allow":["GET"]}}],"collection":[{"href":"https:\/\/arkvietnam.com\/en\/wp-json\/wp\/v2\/pages"}],"about":[{"href":"https:\/\/arkvietnam.com\/en\/wp-json\/wp\/v2\/types\/page"}],"author":[{"embeddable":true,"href":"https:\/\/arkvietnam.com\/en\/wp-json\/wp\/v2\/users\/1"}],"replies":[{"embeddable":true,"href":"https:\/\/arkvietnam.com\/en\/wp-json\/wp\/v2\/comments?post=617"}],"version-history":[{"count":0,"href":"https:\/\/arkvietnam.com\/en\/wp-json\/wp\/v2\/pages\/617\/revisions"}],"wp:featuredmedia":[{"embeddable":true,"href":"https:\/\/arkvietnam.com\/en\/wp-json\/wp\/v2\/media\/623"}],"wp:attachment":[{"href":"https:\/\/arkvietnam.com\/en\/wp-json\/wp\/v2\/media?parent=617"}],"curies":[{"name":"wp","href":"https:\/\/api.w.org\/{rel}","templated":true}]}}