{"id":609,"date":"2021-11-26T07:39:23","date_gmt":"2021-11-26T07:39:23","guid":{"rendered":"https:\/\/arkvietnam.com\/?page_id=609"},"modified":"2021-12-27T07:22:42","modified_gmt":"2021-12-27T07:22:42","slug":"environmental-policy","status":"publish","type":"page","link":"https:\/\/arkvietnam.com\/en\/chinh-sach-moi-truong\/","title":{"rendered":"Environmental Policy"},"content":{"rendered":"<h1 style=\"text-align: center;\"><strong>ENVIRONMENTAL POLICY<\/strong><\/h1>\n<p><strong>ARK Vietnam<\/strong> commit to comply with applicable laws and regulations of the environment of the Socialist Republic of Vietnam. Our operational goals and business philosophy are built on the desire to improve the living environment.<\/p>\n<p><img loading=\"lazy\" decoding=\"async\" class=\"aligncenter wp-image-629 size-full\" src=\"https:\/\/arkvietnam.com\/wp-content\/uploads\/2021\/11\/chinh-sach-moi-truong-1.jpg\" alt=\"\" width=\"800\" height=\"500\" srcset=\"https:\/\/arkvietnam.com\/wp-content\/uploads\/2021\/11\/chinh-sach-moi-truong-1.jpg 800w, https:\/\/arkvietnam.com\/wp-content\/uploads\/2021\/11\/chinh-sach-moi-truong-1-510x319.jpg 510w, https:\/\/arkvietnam.com\/wp-content\/uploads\/2021\/11\/chinh-sach-moi-truong-1-300x188.jpg 300w, https:\/\/arkvietnam.com\/wp-content\/uploads\/2021\/11\/chinh-sach-moi-truong-1-768x480.jpg 768w, https:\/\/arkvietnam.com\/wp-content\/uploads\/2021\/11\/chinh-sach-moi-truong-1-18x12.jpg 18w, https:\/\/arkvietnam.com\/wp-content\/uploads\/2021\/11\/chinh-sach-moi-truong-1-600x375.jpg 600w\" sizes=\"auto, (max-width: 800px) 100vw, 800px\" \/><\/p>\n<ul>\n<li>Minimize emissions of waste, toxic gas, and noise in production and business activities. We are constantly monitoring and checking for possible negative effects. Fix it immediately to minimize the consequences. Make sure the process is based on the best available technology.<\/li>\n<li>Comply with all applicable environmental laws.<\/li>\n<li>Incorporating environmental awareness into staff public training.<\/li>\n<li>Promote and propagate recycling in the company, customers and material suppliers and business partners.<\/li>\n<\/ul>\n<h3><span style=\"color: #282828;\">Constantly improving<\/span><\/h3>\n<ul>\n<li>Seeking material suppliers that are more environmentally friendly.<\/li>\n<li>Natural resources are used efficiently and prudently in all processes.<\/li>\n<li>Eliminate the possibility of an incident, negative impact, or risk to the environment. Applied at all stages including production, sales, transportation, and warranty.<\/li>\n<li>Improve energy efficiency and reduce <a href=\"https:\/\/en.wikipedia.org\/wiki\/Greenhouse_effect\" target=\"_blank\" rel=\"noopener\">Greenhouse effect<\/a>, when repairing, operating, investing in machinery and equipment.<\/li>\n<li>Waste is segregated and collected separately for recycling according to regulations.<\/li>\n<li>Regularly maintain all machinery and production equipment in the facility to use energy efficiently.<\/li>\n<\/ul>\n<h3><span style=\"color: #282828;\">Environmental standards<\/span><\/h3>\n<p><span style=\"color: #282828;\">ARK Vietnam's products comply with regulations in Circular No. 30\/2011\/TT-Ministry of Finance dated August 10, 2011 (Temporary regulation on permissible content limits of some hazardous chemicals in products, electrical products, effective from December 1, 2012, are circulated in the Vietnamese market).<\/span><\/p>\n<p><span style=\"color: #282828;\">Chemicals that pose a threat to the environment are classified. They are labeled, properly managed, transported, and safely stored during use and disposal.<\/span><\/p>\n<h3><span style=\"color: #282828;\">Concept <em>\u201ceco factory\u201d<\/em><\/span><\/h3>\n<p><span style=\"color: #282828;\"><em>\"Eco factory\"<\/em> is an action concretizing the commitment of ARK Vietnam. We promote environmental protection initiatives, contribute to a greener society. All our efforts are for the duty of sustainable production.<\/span><\/p>\n<h3><span style=\"color: #282828;\">Environmental activities<\/span><\/h3>\n<p><span style=\"color: #282828;\">ARK Vietnam Co., Ltd. aims to become <em>Creative Green Company<\/em> leading in manufacturing sludge dewatering machines in Vietnam. Put the environment at the center of activities. ARK has created a strong link between environmental plans and the development mission. Certification to ISO 14000 environmental management standard is proof. Concepts <em>\u201ceco products<\/em>\u201c, planting trees, protecting forests in the local area anually, factory without plastic bags, \u2026 are still being widely deployed by the company's Board Of Directors.<\/span><\/p>\n<p><span style=\"color: #282828;\">The health and safety of employees are very important. Environmental policies are correctly followed. ARK provides clean water, personal protective equipment, and builds a safe working environment for all employees.<\/span><\/p>\n\t<div id=\"gap-586746134\" class=\"gap-element clearfix\" style=\"display:block; height:auto;\">\n\t\t\n<style>\n#gap-586746134 {\n  padding-top: 30px;\n}\n<\/style>\n\t<\/div>\n\t\n\n<div class=\"container section-title-container\" ><h3 class=\"section-title section-title-center\"><b aria-hidden=\"true\"><\/b><span class=\"section-title-main\" style=\"color:rgb(58, 30, 127);\">ARK Vietnam<\/span><b aria-hidden=\"true\"><\/b><\/h3><\/div>\n\n\t<div id=\"text-3473107883\" class=\"text\">\n\t\t\n\n<p style=\"text-align: center;\"><span style=\"font-size: 130%;\">How can we help you ?<\/span><\/p>\n\t\t\n<style>\n#text-3473107883 {\n  text-align: center;\n}\n<\/style>\n\t<\/div>\n\t\n<div class=\"row\"  id=\"row-1786739263\">\n\n\n\t<div id=\"col-1001299706\" class=\"col medium-4 small-12 large-4\"  >\n\t\t\t\t<div class=\"col-inner\"  >\n\t\t\t\n\t\t\t\n\n\t<div id=\"text-4148105212\" class=\"text\">\n\t\t\n\n<h3>Get a quote<\/h3>\n\t\t\n<style>\n#text-4148105212 {\n  text-align: center;\n}\n<\/style>\n\t<\/div>\n\t\n\n\t<a class=\"plain\" href=\"#tai-bao-gia\" >\t<div class=\"icon-box featured-box icon-box-center text-center\"  >\n\t\t\t\t\t<div class=\"icon-box-img\" style=\"width: 110px\">\n\t\t\t\t<div class=\"icon\">\n\t\t\t\t\t<div class=\"icon-inner\" >\n\t\t\t\t\t\t<img loading=\"lazy\" decoding=\"async\" width=\"300\" height=\"300\" src=\"https:\/\/arkvietnam.com\/wp-content\/uploads\/2021\/11\/z2961890500249_6a943e6102309506536c5e9a12322ddd-300x300.jpg\" class=\"attachment-medium size-medium\" alt=\"\" srcset=\"https:\/\/arkvietnam.com\/wp-content\/uploads\/2021\/11\/z2961890500249_6a943e6102309506536c5e9a12322ddd-300x300.jpg 300w, https:\/\/arkvietnam.com\/wp-content\/uploads\/2021\/11\/z2961890500249_6a943e6102309506536c5e9a12322ddd-100x100.jpg 100w, https:\/\/arkvietnam.com\/wp-content\/uploads\/2021\/11\/z2961890500249_6a943e6102309506536c5e9a12322ddd-510x510.jpg 510w, https:\/\/arkvietnam.com\/wp-content\/uploads\/2021\/11\/z2961890500249_6a943e6102309506536c5e9a12322ddd-150x150.jpg 150w, https:\/\/arkvietnam.com\/wp-content\/uploads\/2021\/11\/z2961890500249_6a943e6102309506536c5e9a12322ddd-12x12.jpg 12w, https:\/\/arkvietnam.com\/wp-content\/uploads\/2021\/11\/z2961890500249_6a943e6102309506536c5e9a12322ddd.jpg 600w\" sizes=\"auto, (max-width: 300px) 100vw, 300px\" \/>\t\t\t\t\t<\/div>\n\t\t\t\t<\/div>\n\t\t\t<\/div>\n\t\t\t\t<div class=\"icon-box-text last-reset\">\n\t\t\t\t\t\t\t\t\t\n\n<p style=\"text-align: center;\">Receive a quote for our products and services.<\/p>\n\n\t\t<\/div>\n\t<\/div>\n\t<\/a>\n\t\n\n\t\t<\/div>\n\t\t\t\t\t<\/div>\n\n\t\n\n\t<div id=\"col-2144097009\" class=\"col medium-4 small-12 large-4\"  >\n\t\t\t\t<div class=\"col-inner\"  >\n\t\t\t\n\t\t\t\n\n\t<div id=\"text-1687999410\" class=\"text\">\n\t\t\n\n<h3>Offices &amp; Factory<\/h3>\n\t\t\n<style>\n#text-1687999410 {\n  text-align: center;\n}\n<\/style>\n\t<\/div>\n\t\n\n\t<a class=\"plain\" href=\"\/en\/contact\/\" >\t<div class=\"icon-box featured-box icon-box-center text-center\"  >\n\t\t\t\t\t<div class=\"icon-box-img\" style=\"width: 110px\">\n\t\t\t\t<div class=\"icon\">\n\t\t\t\t\t<div class=\"icon-inner\" >\n\t\t\t\t\t\t<img loading=\"lazy\" decoding=\"async\" width=\"300\" height=\"300\" src=\"https:\/\/arkvietnam.com\/wp-content\/uploads\/2021\/11\/z2961890505060_57359896b05e32cf5594f2e6232d2934-300x300.jpg\" class=\"attachment-medium size-medium\" alt=\"\" srcset=\"https:\/\/arkvietnam.com\/wp-content\/uploads\/2021\/11\/z2961890505060_57359896b05e32cf5594f2e6232d2934-300x300.jpg 300w, https:\/\/arkvietnam.com\/wp-content\/uploads\/2021\/11\/z2961890505060_57359896b05e32cf5594f2e6232d2934-100x100.jpg 100w, https:\/\/arkvietnam.com\/wp-content\/uploads\/2021\/11\/z2961890505060_57359896b05e32cf5594f2e6232d2934-510x510.jpg 510w, https:\/\/arkvietnam.com\/wp-content\/uploads\/2021\/11\/z2961890505060_57359896b05e32cf5594f2e6232d2934-150x150.jpg 150w, https:\/\/arkvietnam.com\/wp-content\/uploads\/2021\/11\/z2961890505060_57359896b05e32cf5594f2e6232d2934-12x12.jpg 12w, https:\/\/arkvietnam.com\/wp-content\/uploads\/2021\/11\/z2961890505060_57359896b05e32cf5594f2e6232d2934.jpg 600w\" sizes=\"auto, (max-width: 300px) 100vw, 300px\" \/>\t\t\t\t\t<\/div>\n\t\t\t\t<\/div>\n\t\t\t<\/div>\n\t\t\t\t<div class=\"icon-box-text last-reset\">\n\t\t\t\t\t\t\t\t\t\n\n\t<div id=\"text-2491399612\" class=\"text\">\n\t\t\n\n<p style=\"text-align: center;\">Receive our address and phone numbers.<\/p>\n\t\t\n<style>\n#text-2491399612 {\n  text-align: center;\n}\n<\/style>\n\t<\/div>\n\t\n\n\t\t<\/div>\n\t<\/div>\n\t<\/a>\n\t\n\n\t\t<\/div>\n\t\t\t\t\t<\/div>\n\n\t\n\n\t<div id=\"col-886332059\" class=\"col medium-4 small-12 large-4\"  >\n\t\t\t\t<div class=\"col-inner\"  >\n\t\t\t\n\t\t\t\n\n\t<div id=\"text-3930510599\" class=\"text\">\n\t\t\n\n<h3>About us<\/h3>\n\t\t\n<style>\n#text-3930510599 {\n  text-align: center;\n}\n<\/style>\n\t<\/div>\n\t\n\n\t<a class=\"plain\" href=\"\/en\/about-us\/\" >\t<div class=\"icon-box featured-box icon-box-center text-center\"  >\n\t\t\t\t\t<div class=\"icon-box-img\" style=\"width: 110px\">\n\t\t\t\t<div class=\"icon\">\n\t\t\t\t\t<div class=\"icon-inner\" >\n\t\t\t\t\t\t<img loading=\"lazy\" decoding=\"async\" width=\"300\" height=\"300\" src=\"https:\/\/arkvietnam.com\/wp-content\/uploads\/2021\/11\/z2961890505067_071d10ca2381b68349e61538694528cf-300x300.jpg\" class=\"attachment-medium size-medium\" alt=\"\" srcset=\"https:\/\/arkvietnam.com\/wp-content\/uploads\/2021\/11\/z2961890505067_071d10ca2381b68349e61538694528cf-300x300.jpg 300w, https:\/\/arkvietnam.com\/wp-content\/uploads\/2021\/11\/z2961890505067_071d10ca2381b68349e61538694528cf-100x100.jpg 100w, https:\/\/arkvietnam.com\/wp-content\/uploads\/2021\/11\/z2961890505067_071d10ca2381b68349e61538694528cf-510x510.jpg 510w, https:\/\/arkvietnam.com\/wp-content\/uploads\/2021\/11\/z2961890505067_071d10ca2381b68349e61538694528cf-150x150.jpg 150w, https:\/\/arkvietnam.com\/wp-content\/uploads\/2021\/11\/z2961890505067_071d10ca2381b68349e61538694528cf-12x12.jpg 12w, https:\/\/arkvietnam.com\/wp-content\/uploads\/2021\/11\/z2961890505067_071d10ca2381b68349e61538694528cf.jpg 600w\" sizes=\"auto, (max-width: 300px) 100vw, 300px\" \/>\t\t\t\t\t<\/div>\n\t\t\t\t<\/div>\n\t\t\t<\/div>\n\t\t\t\t<div class=\"icon-box-text last-reset\">\n\t\t\t\t\t\t\t\t\t\n\n\t<div id=\"text-2765088438\" class=\"text\">\n\t\t\n\n<p style=\"text-align: center;\">Learn more about us.<\/p>\n\t\t\n<style>\n#text-2765088438 {\n  text-align: center;\n}\n<\/style>\n\t<\/div>\n\t\n\n\t\t<\/div>\n\t<\/div>\n\t<\/a>\n\t\n\n\t\t<\/div>\n\t\t\t\t\t<\/div>\n\n\t\n\n<\/div>\n<div class=\"container section-title-container\" ><h3 class=\"section-title section-title-center\"><b aria-hidden=\"true\"><\/b><span class=\"section-title-main\" style=\"color:rgb(58, 30, 127);\">PROTECT THE ENVIRONMENT WITH ARK VIETNAM<\/span><b aria-hidden=\"true\"><\/b><\/h3><\/div>","protected":false},"excerpt":{"rendered":"<p>CH\u00cdNH S\u00c1CH M\u00d4I TR\u01af\u1edcNG ARK Vi\u1ec7t Nam cam k\u1ebft tu\u00e2n th\u1ee7 ph\u00e1p lu\u1eadt v\u00e0 quy \u0111\u1ecbnh hi\u1ec7n h\u00e0nh v\u1ec1 m\u00f4i tr\u01b0\u1eddng c\u1ee7a n\u01b0\u1edbc CHXHCN Vi\u1ec7t Nam. M\u1ee5c ti\u00eau ho\u1ea1t \u0111\u1ed9ng c\u0169ng nh\u01b0 tri\u1ebft l\u00fd kinh doanh c\u1ee7a ch\u00fang t\u00f4i \u0111\u01b0\u1ee3c x\u00e2y d\u1ef1ng d\u1ef1a tr\u00ean nguy\u1ec7n v\u1ecdng c\u1ea3i thi\u1ec7n m\u00f4i tr\u01b0\u1eddng s\u1ed1ng. T\u1ed1i thi\u1ec3u l\u01b0\u1ee3ng ph\u00e1t&#8230;<\/p>","protected":false},"author":1,"featured_media":629,"parent":0,"menu_order":0,"comment_status":"closed","ping_status":"closed","template":"","meta":{"_acf_changed":false,"_gspb_post_css":"","footnotes":""},"class_list":["post-609","page","type-page","status-publish","has-post-thumbnail","hentry"],"acf":[],"_links":{"self":[{"href":"https:\/\/arkvietnam.com\/en\/wp-json\/wp\/v2\/pages\/609","targetHints":{"allow":["GET"]}}],"collection":[{"href":"https:\/\/arkvietnam.com\/en\/wp-json\/wp\/v2\/pages"}],"about":[{"href":"https:\/\/arkvietnam.com\/en\/wp-json\/wp\/v2\/types\/page"}],"author":[{"embeddable":true,"href":"https:\/\/arkvietnam.com\/en\/wp-json\/wp\/v2\/users\/1"}],"replies":[{"embeddable":true,"href":"https:\/\/arkvietnam.com\/en\/wp-json\/wp\/v2\/comments?post=609"}],"version-history":[{"count":0,"href":"https:\/\/arkvietnam.com\/en\/wp-json\/wp\/v2\/pages\/609\/revisions"}],"wp:featuredmedia":[{"embeddable":true,"href":"https:\/\/arkvietnam.com\/en\/wp-json\/wp\/v2\/media\/629"}],"wp:attachment":[{"href":"https:\/\/arkvietnam.com\/en\/wp-json\/wp\/v2\/media?parent=609"}],"curies":[{"name":"wp","href":"https:\/\/api.w.org\/{rel}","templated":true}]}}