{"id":547,"date":"2021-11-25T06:32:52","date_gmt":"2021-11-25T06:32:52","guid":{"rendered":"https:\/\/arkvietnam.com\/?page_id=547"},"modified":"2026-01-18T04:49:33","modified_gmt":"2026-01-17T21:49:33","slug":"contact","status":"publish","type":"page","link":"https:\/\/arkvietnam.com\/en\/lien-he\/","title":{"rendered":"CONTACT"},"content":{"rendered":"\n\n\t<section class=\"section dark\" id=\"section_1770955549\">\n\t\t<div class=\"section-bg fill\" >\n\t\t\t<img loading=\"lazy\" decoding=\"async\" width=\"1920\" height=\"600\" src=\"https:\/\/arkvietnam.com\/wp-content\/uploads\/2021\/11\/About-us-cover.jpg\" class=\"bg attachment-original size-original\" alt=\"\" \/>\t\t\t\t\t\t\n\t\t\t\n\n\t\t<\/div>\n\n\t\t\n\n\t\t<div class=\"section-content relative\">\n\t\t\t\n\n\n\t\t<\/div>\n\n\t\t\n<style>\n#section_1770955549 {\n  padding-top: 30px;\n  padding-bottom: 30px;\n  min-height: 540px;\n}\n<\/style>\n\t<\/section>\n\t\n\n\t<section class=\"section\" id=\"section_303852516\">\n\t\t<div class=\"section-bg fill\" >\n\t\t\t<img loading=\"lazy\" decoding=\"async\" width=\"1170\" height=\"700\" src=\"https:\/\/arkvietnam.com\/wp-content\/uploads\/2021\/11\/Lien-he-1170x700-1.jpg\" class=\"bg attachment-original size-original\" alt=\"\" \/>\t\t\t\t\t\t\n\t\t\t\n\n\t\t<\/div>\n\n\t\t\n\n\t\t<div class=\"section-content relative\">\n\t\t\t\n\n<div class=\"row align-center\"  id=\"row-1522377833\">\n\n\n\t<div id=\"col-1294556773\" class=\"col medium-6 small-12 large-6\"  >\n\t\t\t\t<div class=\"col-inner box-shadow-3\"  >\n\t\t\t\n\t\t\t\n\n\t<div id=\"text-4006362555\" class=\"text\">\n\t\t\n\n<h3 class=\"uppercase\"><strong>Li\u00ean H\u1ec7 V\u1edaI ARK VI\u1ec6T NAM<\/strong><\/h3>\r\nCh\u00fang t\u00f4i s\u1eb5n l\u00f2ng l\u1eafng nghe m\u1ecdi \u0111\u00f3ng g\u00f3p v\u00e0 gi\u1ea3i \u0111\u00e1p th\u1eafc m\u1eafc c\u1ee7a qu\u00fd doanh nghi\u1ec7p. Li\u00ean h\u1ec7 ch\u1ea1y th\u1eed m\u00e1y v\u00e0 nh\u1eadn b\u00e1o gi\u00e1 ngay h\u00f4m nay!\n\t\t\n<style>\n#text-4006362555 {\n  text-align: left;\n}\n<\/style>\n\t<\/div>\n\t\n\n\n<div class='fluentform ff-default fluentform_wrapper_12 ffs_default_wrap'><form data-form_id=\"12\" id=\"fluentform_12\" class=\"frm-fluent-form fluent_form_12 ff-el-form-top ff_form_instance_12_1 ff-form-loading ff_has_v3_recptcha ffs_default\" data-form_instance=\"ff_form_instance_12_1\" method=\"POST\" data-recptcha_key=\"6Lco2PQrAAAAAOjXGpzyXZJlq47xxkolKJ45tCGI\" ><fieldset  style=\"border: none!important;margin: 0!important;padding: 0!important;background-color: transparent!important;box-shadow: none!important;outline: none!important; min-inline-size: 100%;\">\n                    <legend class=\"ff_screen_reader_title\" style=\"display: block; margin: 0!important;padding: 0!important;height: 0!important;text-indent: -999999px;width: 0!important;overflow:hidden;\">Contact us<\/legend><p style=\"display: none !important;\" class=\"akismet-fields-container\" data-prefix=\"ak_\"><label>&#916;<textarea name=\"ak_hp_textarea\" cols=\"45\" rows=\"8\" maxlength=\"100\"><\/textarea><\/label><input type=\"hidden\" id=\"ak_js_1\" name=\"ak_js\" value=\"154\"\/><script>document.getElementById( \"ak_js_1\" ).setAttribute( \"value\", ( new Date() ).getTime() );<\/script><\/p>        <div\n                style=\"display: none!important; position: absolute!important; transform: translateX(1000%)!important;\"\n                class=\"ff-el-group ff-hpsf-container\"\n        >\n            <div class=\"ff-el-input--label asterisk-right\">\n                <label for=\"ff_12_item_sf\" aria-label=\"Updates\">\n                    Updates                <\/label>\n            <\/div>\n            <div class=\"ff-el-input--content\">\n                <input type=\"text\"\n                       name=\"item_12__fluent_sf\"\n                       class=\"ff-el-form-control\"\n                       id=\"ff_12_item_sf\"\n                \/>\n            <\/div>\n        <\/div>\n                <input type=\"hidden\" id=\"__fluent_protection_token_12\" class=\"fluent-form-token-field\" name=\"__fluent_protection_token_12\">\n        <input type='hidden' name='__fluent_form_embded_post_id' value='547' \/><input type=\"hidden\" id=\"_fluentform_12_fluentformnonce\" name=\"_fluentform_12_fluentformnonce\" value=\"5838f20a62\" \/><input type=\"hidden\" name=\"_wp_http_referer\" value=\"\/en\/wp-json\/wp\/v2\/pages\/547\" \/><div class='ff-el-group'><div class=\"ff-el-input--label ff-el-is-required asterisk-right\"><label for='ff_12_dropdown' id='label_ff_12_dropdown' aria-label=\"Ch\u1ecdn m\u1ed9t ch\u1ee7 \u0111\u1ec1\">Ch\u1ecdn m\u1ed9t ch\u1ee7 \u0111\u1ec1<\/label><\/div><div class='ff-el-input--content'><select name=\"dropdown\" id=\"ff_12_dropdown\" class=\"ff-el-form-control\" data-name=\"dropdown\" data-calc_value=\"0\"  aria-invalid=\"false\" aria-required=\"true\" aria-labelledby=\"label_ff_12_dropdown\"><option value=\"\">- Select -<\/option><option value=\"Ch\u1ecdn m\u1ed9t ch\u1ee7 \u0111\u1ec1\"  >Ch\u1ecdn m\u1ed9t ch\u1ee7 \u0111\u1ec1<\/option><option value=\"NH\u1eacN B\u00c1O GI\u00c1\"  >NH\u1eacN B\u00c1O GI\u00c1<\/option><option value=\"LI\u00caN H\u1ec6 CH\u1ea0Y TH\u1eec\"  >LI\u00caN H\u1ec6 CH\u1ea0Y TH\u1eec<\/option><option value=\"Y\u00caU C\u1ea6U D\u1ecaCH V\u1ee4\"  >Y\u00caU C\u1ea6U D\u1ecaCH V\u1ee4<\/option><option value=\"TH\u00d4NG TIN S\u1ea2N PH\u1ea8M\"  >TH\u00d4NG TIN S\u1ea2N PH\u1ea8M<\/option><option value=\"Y\u00caU C\u1ea6U L\u00c0M \u0110\u1ea0I L\u00dd\"  >Y\u00caU C\u1ea6U L\u00c0M \u0110\u1ea0I L\u00dd<\/option><option value=\"PH\u1ea2N H\u1ed2I TRANG WEB\"  >PH\u1ea2N H\u1ed2I TRANG WEB<\/option><\/select><\/div><\/div><div data-type=\"name-element\" data-name=\"names\" class=\" ff-field_container ff-name-field-wrapper\" ><div class='ff-t-container'><div class='ff-t-cell '><div class='ff-el-group ff-el-form-hide_label'><div class=\"ff-el-input--label ff-el-is-required asterisk-right\"><label for='ff_12_names_first_name_' id='label_ff_12_names_first_name_' >H\u1ecd v\u00e0 t\u00ean<\/label><\/div><div class='ff-el-input--content'><input type=\"text\" name=\"names[first_name]\" id=\"ff_12_names_first_name_\" class=\"ff-el-form-control\" placeholder=\"H\u1ecd v\u00e0 t\u00ean\" aria-invalid=\"false\" aria-required=true><\/div><\/div><\/div><\/div><\/div><div class='ff-el-group ff-el-form-hide_label'><div class=\"ff-el-input--label ff-el-is-required asterisk-right\"><label for='ff_12_phone' id='label_ff_12_phone' aria-label=\"S\u1ed1 \u0111i\u1ec7n tho\u1ea1i\">S\u1ed1 \u0111i\u1ec7n tho\u1ea1i<\/label><\/div><div class='ff-el-input--content'><input name=\"phone\" class=\"ff-el-form-control ff-el-phone\" type=\"tel\" placeholder=\"S\u1ed1 \u0111i\u1ec7n tho\u1ea1i\" data-name=\"phone\" id=\"ff_12_phone\" inputmode=\"tel\"  aria-invalid='false' aria-required=true><\/div><\/div><div class='ff-el-group ff-el-form-hide_label'><div class=\"ff-el-input--label ff-el-is-required asterisk-right\"><label for='ff_12_email' id='label_ff_12_email' aria-label=\"Email\">Email<\/label><\/div><div class='ff-el-input--content'><input type=\"email\" name=\"email\" id=\"ff_12_email\" class=\"ff-el-form-control\" placeholder=\"Email\" data-name=\"email\"  aria-invalid=\"false\" aria-required=true><\/div><\/div><div class='ff-el-group ff-el-form-hide_label'><div class=\"ff-el-input--label ff-el-is-required asterisk-right\"><label for='ff_12_input_text' id='label_ff_12_input_text' aria-label=\"C\u00f4ng ty\">C\u00f4ng ty<\/label><\/div><div class='ff-el-input--content'><input type=\"text\" name=\"input_text\" class=\"ff-el-form-control\" placeholder=\"C\u00f4ng ty\" data-name=\"input_text\" id=\"ff_12_input_text\"  aria-invalid=\"false\" aria-required=true><\/div><\/div><div class='ff-el-group ff-el-form-hide_label'><div class=\"ff-el-input--label asterisk-right\"><label for='ff_12_description' id='label_ff_12_description' aria-label=\"Ghi ch\u00fa...\">Ghi ch\u00fa...<\/label><\/div><div class='ff-el-input--content'><textarea aria-required=\"false\" aria-labelledby=\"label_ff_12_description\" name=\"description\" id=\"ff_12_description\" class=\"ff-el-form-control\" placeholder=\"Ghi ch\u00fa...\" rows=\"5\" cols=\"2\" data-name=\"description\" ><\/textarea><\/div><\/div><div class='ff-el-group ff-text-center ff_submit_btn_wrapper'><button type=\"submit\" class=\"ff-btn ff-btn-submit ff-btn-md ff_btn_style\"  aria-label=\"G\u1eedi y\u00eau c\u1ea7u\">G\u1eedi y\u00eau c\u1ea7u<\/button><\/div><\/fieldset><\/form><div id='fluentform_12_errors' class='ff-errors-in-stack ff_form_instance_12_1 ff-form-loading_errors ff_form_instance_12_1_errors'><\/div><\/div>            <script type=\"text\/javascript\">\n                window.fluent_form_ff_form_instance_12_1 = {\"id\":\"12\",\"settings\":{\"layout\":{\"labelPlacement\":\"top\",\"helpMessagePlacement\":\"with_label\",\"errorMessagePlacement\":\"inline\"},\"restrictions\":{\"denyEmptySubmission\":{\"enabled\":false}}},\"form_instance\":\"ff_form_instance_12_1\",\"form_id_selector\":\"fluentform_12\",\"rules\":{\"dropdown\":{\"required\":{\"value\":true,\"message\":\"Tr\\u01b0\\u1eddng n\\u00e0y l\\u00e0 b\\u1eaft bu\\u1ed9c\",\"global_message\":\"Tr\\u01b0\\u1eddng n\\u00e0y l\\u00e0 b\\u1eaft bu\\u1ed9c\",\"global\":true}},\"names[first_name]\":{\"required\":{\"value\":true,\"message\":\"Tr\\u01b0\\u1eddng n\\u00e0y l\\u00e0 b\\u1eaft bu\\u1ed9c\",\"global_message\":\"Tr\\u01b0\\u1eddng n\\u00e0y l\\u00e0 b\\u1eaft bu\\u1ed9c\",\"global\":true}},\"names[middle_name]\":{\"required\":{\"value\":false,\"message\":\"Tr\\u01b0\\u1eddng n\\u00e0y l\\u00e0 b\\u1eaft bu\\u1ed9c\",\"global_message\":\"Tr\\u01b0\\u1eddng n\\u00e0y l\\u00e0 b\\u1eaft bu\\u1ed9c\",\"global\":true}},\"names[last_name]\":{\"required\":{\"value\":false,\"message\":\"Tr\\u01b0\\u1eddng n\\u00e0y l\\u00e0 b\\u1eaft bu\\u1ed9c\",\"global_message\":\"Tr\\u01b0\\u1eddng n\\u00e0y l\\u00e0 b\\u1eaft bu\\u1ed9c\",\"global\":true}},\"phone\":{\"required\":{\"value\":true,\"global\":true,\"message\":\"Tr\\u01b0\\u1eddng n\\u00e0y l\\u00e0 b\\u1eaft bu\\u1ed9c\",\"global_message\":\"Tr\\u01b0\\u1eddng n\\u00e0y l\\u00e0 b\\u1eaft bu\\u1ed9c\"},\"valid_phone_number\":{\"value\":false,\"global\":true,\"message\":\"S\\u1ed1 \\u0111i\\u1ec7n tho\\u1ea1i kh\\u00f4ng h\\u1ee3p l\\u1ec7\",\"global_message\":\"S\\u1ed1 \\u0111i\\u1ec7n tho\\u1ea1i kh\\u00f4ng h\\u1ee3p l\\u1ec7\"}},\"email\":{\"required\":{\"value\":true,\"message\":\"Tr\\u01b0\\u1eddng n\\u00e0y l\\u00e0 b\\u1eaft bu\\u1ed9c\",\"global_message\":\"Tr\\u01b0\\u1eddng n\\u00e0y l\\u00e0 b\\u1eaft bu\\u1ed9c\",\"global\":true},\"email\":{\"value\":true,\"message\":\"Tr\\u01b0\\u1eddng n\\u00e0y ph\\u1ea3i ch\\u1ee9a m\\u1ed9t email h\\u1ee3p l\\u1ec7\",\"global_message\":\"Tr\\u01b0\\u1eddng n\\u00e0y ph\\u1ea3i ch\\u1ee9a m\\u1ed9t email h\\u1ee3p l\\u1ec7\",\"global\":true}},\"input_text\":{\"required\":{\"value\":true,\"message\":\"Tr\\u01b0\\u1eddng n\\u00e0y l\\u00e0 b\\u1eaft bu\\u1ed9c\",\"global_message\":\"Tr\\u01b0\\u1eddng n\\u00e0y l\\u00e0 b\\u1eaft bu\\u1ed9c\",\"global\":true}},\"description\":{\"required\":{\"value\":false,\"message\":\"Tr\\u01b0\\u1eddng n\\u00e0y l\\u00e0 b\\u1eaft bu\\u1ed9c\",\"global_message\":\"Tr\\u01b0\\u1eddng n\\u00e0y l\\u00e0 b\\u1eaft bu\\u1ed9c\",\"global\":true}},\"g-recaptcha-response\":[]},\"debounce_time\":300};\n                            <\/script>\n            \n\n\n\t\t<\/div>\n\t\t\t\t\n<style>\n#col-1294556773 > .col-inner {\n  padding: 10px 10px 0px 10px;\n}\n<\/style>\n\t<\/div>\n\n\t\n\n<\/div>\n\n\t\t<\/div>\n\n\t\t\n<style>\n#section_303852516 {\n  padding-top: 30px;\n  padding-bottom: 30px;\n}\n<\/style>\n\t<\/section>\n\t\n<div class=\"row\"  id=\"row-1511280452\">\n\n\n\t<div id=\"col-595448423\" class=\"col small-12 large-12\"  >\n\t\t\t\t<div class=\"col-inner\"  >\n\t\t\t\n\t\t\t\n\n<div class=\"container section-title-container\" ><h3 class=\"section-title section-title-normal\"><b aria-hidden=\"true\"><\/b><span class=\"section-title-main\" >V\u0102N PH\u00d2NG H\u00c0 N\u1ed8I - VI\u1ec6T NAM<\/span><b aria-hidden=\"true\"><\/b><\/h3><\/div>\n\n<div class=\"row\"  id=\"row-1249232853\">\n\n\n\t<div id=\"col-304828286\" class=\"col medium-5 small-12 large-5\"  >\n\t\t\t\t<div class=\"col-inner\"  >\n\t\t\t\n\t\t\t\n\n<p><strong>\u0110\u1ecba ch\u1ec9:<\/strong> T\u1ea7ng 5, t\u00f2a nh\u00e0 N03-T7, khu \u0111\u00f4 th\u1ecb Ngo\u1ea1i Giao \u0110o\u00e0n, Ph\u01b0\u1eddng Xu\u00e2n T\u1ea3o, Qu\u1eadn B\u1eafc T\u1eeb Li\u00eam, H\u00e0 N\u1ed9i.<\/p>\n<p><strong>Hotline<\/strong><strong>:<\/strong> 0977 675 754<em> (kinh doanh)<\/em> \/<strong>\u00a0<\/strong>0365 580 757<em> (k\u1ef9 thu\u1eadt)<\/em><\/p>\n<p><strong>Email: <\/strong><a href=\"mailto:arkvn234@gmail.com\">arkvn234@gmail.com<\/a><\/p>\n\n\t\t<\/div>\n\t\t\t\t\t<\/div>\n\n\t\n\n\t<div id=\"col-1643976489\" class=\"col medium-7 small-12 large-7\"  >\n\t\t\t\t<div class=\"col-inner\"  >\n\t\t\t\n\t\t\t\n\n<p><iframe src=\"https:\/\/www.google.com\/maps\/embed?pb=!1m18!1m12!1m3!1d7446.225736645638!2d105.79371947484415!3d21.068153793908067!2m3!1f0!2f0!3f0!3m2!1i1024!2i768!4f13.1!3m3!1m2!1s0x3135ab5111bcd575%3A0xc724b91e6a4fe144!2sARK%20Vietnam%20Co.%2C%20Ltd!5e0!3m2!1sen!2s!4v1653530528379!5m2!1sen!2s\" width=\"100%\" height=\"400\" style=\"border:0;\" allowfullscreen=\"\" loading=\"lazy\"><\/iframe><\/p>\n\n\t\t<\/div>\n\t\t\t\t\t<\/div>\n\n\t\n\n<\/div>\n\n\t\t<\/div>\n\t\t\t\t\t<\/div>\n\n\t\n\n\t<div id=\"col-1051661937\" class=\"col small-12 large-12\"  >\n\t\t\t\t<div class=\"col-inner\"  >\n\t\t\t\n\t\t\t\n\n<div class=\"container section-title-container\" ><h3 class=\"section-title section-title-normal\"><b aria-hidden=\"true\"><\/b><span class=\"section-title-main\" >V\u0102N PH\u00d2NG TP. H\u1ed2 CH\u00cd MINH - VI\u1ec6T NAM<\/span><b aria-hidden=\"true\"><\/b><\/h3><\/div>\n\n<div class=\"row\"  id=\"row-969750549\">\n\n\n\t<div id=\"col-903465870\" class=\"col medium-5 small-12 large-5\"  >\n\t\t\t\t<div class=\"col-inner\"  >\n\t\t\t\n\t\t\t\n\n<p><strong>\u0110\u1ecba ch\u1ec9:<\/strong> 68-70 Ho\u00e0ng Di\u1ec7u, Ph\u01b0\u1eddng 13, Qu\u1eadn 4, TP. HCM.<\/p>\n<p><strong>Hotline<\/strong><strong>:<\/strong> 0977 675 754<em> (kinh doanh)<\/em> \/<strong>\u00a0<\/strong>0365 580 757<em> (k\u1ef9 thu\u1eadt)<\/em><\/p>\n<p><strong>Email: <\/strong><a href=\"mailto:arkvn234@gmail.com\">arkvn234@gmail.com<\/a><\/p>\n\n\t\t<\/div>\n\t\t\t\t\t<\/div>\n\n\t\n\n\t<div id=\"col-715432854\" class=\"col medium-7 small-12 large-7\"  >\n\t\t\t\t<div class=\"col-inner\"  >\n\t\t\t\n\t\t\t\n\n<p><iframe src=\"https:\/\/www.google.com\/maps\/embed?pb=!1m18!1m12!1m3!1d3919.732751068703!2d106.725636!3d10.755068200000002!2m3!1f0!2f0!3f0!3m2!1i1024!2i768!4f13.1!3m3!1m2!1s0x0%3A0xe3ff0b70e321777b!2zQVJLIFZp4buHdCBOYW0!5e0!3m2!1svi!2s!4v1656993763400!5m2!1svi!2s\" width=\"100%\" height=\"450\" style=\"border:0;\" allowfullscreen=\"\" loading=\"lazy\" referrerpolicy=\"no-referrer-when-downgrade\"><\/iframe><\/p>\n\n\t\t<\/div>\n\t\t\t\t\t<\/div>\n\n\t\n\n<\/div>\n\n\t\t<\/div>\n\t\t\t\t\t<\/div>\n\n\t\n\n<\/div>\n<div class=\"row\"  id=\"row-1849663061\">\n\n\n\t<div id=\"col-334544745\" class=\"col small-12 large-12\"  >\n\t\t\t\t<div class=\"col-inner\"  >\n\t\t\t\n\t\t\t\n\n<div class=\"container section-title-container\" ><h3 class=\"section-title section-title-normal\"><b aria-hidden=\"true\"><\/b><span class=\"section-title-main\" >NH\u00c0 M\u00c1Y B\u1eaeC GIANG - VI\u1ec6T NAM<\/span><b aria-hidden=\"true\"><\/b><\/h3><\/div>\n\n<div class=\"row\"  id=\"row-1955076276\">\n\n\n\t<div id=\"col-346328044\" class=\"col medium-5 small-12 large-5\"  >\n\t\t\t\t<div class=\"col-inner\"  >\n\t\t\t\n\t\t\t\n\n<p><strong>\u0110\u1ecba ch\u1ec9:<\/strong> L\u00f4 FJ-11, FJ-12, FJ-13, Khu C\u00f4ng Nghi\u1ec7p Song Kh\u00ea, N\u1ed9i Ho\u00e0ng (ph\u00eda nam), X\u00e3 Ti\u1ec1n Phong, Huy\u1ec7n Y\u00ean D\u0169ng, t\u1ec9nh B\u1eafc Giang.<\/p>\n<p><strong>\u0110i\u1ec7n tho\u1ea1i:<\/strong> 02403 661 849<\/p>\n<p><strong>T\u01b0 v\u1ea5n k\u1ef9 thu\u1eadt v\u00e0 kinh doanh<\/strong>:<\/p>\n<ul>\n<li>0961 358 516 <em>(ti\u1ebfng H\u00e0n) <\/em><\/li>\n<li><span style=\"color: #333333;\">0968 376 203 <em>(ti\u1ebfng Vi\u1ec7t)<\/em><\/span><\/li>\n<\/ul>\n<p><strong>Email: <\/strong><a href=\"mailto:arkvn234@gmail.com\">arkvn234@gmail.com<\/a><\/p>\n\n\t\t<\/div>\n\t\t\t\t\t<\/div>\n\n\t\n\n\t<div id=\"col-1278368473\" class=\"col medium-7 small-12 large-7\"  >\n\t\t\t\t<div class=\"col-inner\"  >\n\t\t\t\n\t\t\t\n\n<p><iframe loading=\"lazy\" style=\"border: 0;\" src=\"https:\/\/www.google.com\/maps\/embed?pb=!1m18!1m12!1m3!1d3718.8741988019683!2d106.17334561540443!3d21.23683658601711!2m3!1f0!2f0!3f0!3m2!1i1024!2i768!4f13.1!3m3!1m2!1s0x31350d6231078d4f%3A0xe33009febbfd73e4!2sC%C3%B4ng%20Ty%20Tnhh%20Ark%20Vi%E1%BB%87t%20Nam!5e0!3m2!1svi!2s!4v1637824941578!5m2!1svi!2s\" width=\"100%\" height=\"400\" allowfullscreen=\"allowfullscreen\"><\/iframe><\/p>\n\n\t\t<\/div>\n\t\t\t\t\t<\/div>\n\n\t\n\n<\/div>\n\n\t\t<\/div>\n\t\t\t\t\t<\/div>\n\n\t\n\n<\/div>\n<div class=\"row\"  id=\"row-342939104\">\n\n\n\t<div id=\"col-1610133896\" class=\"col small-12 large-12\"  >\n\t\t\t\t<div class=\"col-inner\"  >\n\t\t\t\n\t\t\t\n\n<div class=\"container section-title-container\" ><h3 class=\"section-title section-title-normal\"><b aria-hidden=\"true\"><\/b><span class=\"section-title-main\" >V\u0102N PH\u00d2NG &amp; NH\u00c0 M\u00c1Y T\u1ea0I H\u00c0N QU\u1ed0C<\/span><b aria-hidden=\"true\"><\/b><\/h3><\/div>\n\n<div class=\"row\"  id=\"row-221000819\">\n\n\n\t<div id=\"col-1950640139\" class=\"col medium-5 small-12 large-5\"  >\n\t\t\t\t<div class=\"col-inner\"  >\n\t\t\t\n\t\t\t\n\n<p><strong>\u0110\u1ecba ch\u1ec9: <\/strong>1 dong 203-17 Eunhaengnamu-ro, Yanggam-myeon, Hwaseong-si, Gyeonggi-do,18633, H\u00e0n Qu\u1ed1c<\/p>\n<p><strong>\u0110i\u1ec7n tho\u1ea1i:<\/strong> +82 31 354 7223 \/\u00a0+82 31 8059 6895<\/p>\n<p><strong>Email:<\/strong> <a href=\"mailto:arksludge21@gmail.com\">arksludge21@gmail.com<\/a><\/p>\n\n\t\t<\/div>\n\t\t\t\t\t<\/div>\n\n\t\n\n\t<div id=\"col-1285926031\" class=\"col medium-7 small-12 large-7\"  >\n\t\t\t\t<div class=\"col-inner\"  >\n\t\t\t\n\t\t\t\n\n<p><iframe loading=\"lazy\" style=\"border: 0;\" src=\"https:\/\/www.google.com\/maps\/embed?pb=!1m14!1m8!1m3!1d3183.724265711778!2d126.9294845!3d37.0640535!3m2!1i1024!2i768!4f13.1!3m3!1m2!1s0x357b16480e6a46f1%3A0x358e471ac2bb0fdc!2s17%20Eunhaengnamu-ro%2C%20Yanggam-myeon%2C%20Hwaseong-si%2C%20Gyeonggi-do%2C%20H%C3%A0n%20Qu%E1%BB%91c!5e0!3m2!1svi!2s!4v1637823511960!5m2!1svi!2s\" width=\"100%\" height=\"400\" allowfullscreen=\"allowfullscreen\"><\/iframe><\/p>\n\n\t\t<\/div>\n\t\t\t\t\t<\/div>\n\n\t\n\n<\/div>\n\t<div id=\"gap-712249868\" class=\"gap-element clearfix\" style=\"display:block; height:auto;\">\n\t\t\n<style>\n#gap-712249868 {\n  padding-top: 30px;\n}\n<\/style>\n\t<\/div>\n\t\n\n<div class=\"container section-title-container\" ><h3 class=\"section-title section-title-center\"><b aria-hidden=\"true\"><\/b><span class=\"section-title-main\" style=\"color:rgb(58, 30, 127);\">ARK VI\u1ec6T NAM<\/span><b aria-hidden=\"true\"><\/b><\/h3><\/div>\n\n\t<div id=\"text-2581807874\" class=\"text\">\n\t\t\n\n<p style=\"text-align: center;\"><span style=\"font-size: 130%;\">Ch\u00fang t\u00f4i c\u00f3 th\u1ec3 gi\u00fap g\u00ec cho b\u1ea1n ?<\/span><\/p>\n\t\t\n<style>\n#text-2581807874 {\n  text-align: center;\n}\n<\/style>\n\t<\/div>\n\t\n<div class=\"row\"  id=\"row-1657194037\">\n\n\n\t<div id=\"col-1833757623\" class=\"col medium-4 small-12 large-4\"  >\n\t\t\t\t<div class=\"col-inner\"  >\n\t\t\t\n\t\t\t\n\n\t<div id=\"text-4091094345\" class=\"text\">\n\t\t\n\n<h3>Nh\u1eadn b\u00e1o gi\u00e1<\/h3>\n\t\t\n<style>\n#text-4091094345 {\n  text-align: center;\n}\n<\/style>\n\t<\/div>\n\t\n\n\t<a class=\"plain\" href=\"#tai-bao-gia\" >\t<div class=\"icon-box featured-box icon-box-center text-center\"  >\n\t\t\t\t\t<div class=\"icon-box-img\" style=\"width: 110px\">\n\t\t\t\t<div class=\"icon\">\n\t\t\t\t\t<div class=\"icon-inner\" >\n\t\t\t\t\t\t<img loading=\"lazy\" decoding=\"async\" width=\"300\" height=\"300\" src=\"https:\/\/arkvietnam.com\/wp-content\/uploads\/2021\/11\/z2961890500249_6a943e6102309506536c5e9a12322ddd-300x300.jpg\" class=\"attachment-medium size-medium\" alt=\"\" srcset=\"https:\/\/arkvietnam.com\/wp-content\/uploads\/2021\/11\/z2961890500249_6a943e6102309506536c5e9a12322ddd-300x300.jpg 300w, https:\/\/arkvietnam.com\/wp-content\/uploads\/2021\/11\/z2961890500249_6a943e6102309506536c5e9a12322ddd-100x100.jpg 100w, https:\/\/arkvietnam.com\/wp-content\/uploads\/2021\/11\/z2961890500249_6a943e6102309506536c5e9a12322ddd-510x510.jpg 510w, https:\/\/arkvietnam.com\/wp-content\/uploads\/2021\/11\/z2961890500249_6a943e6102309506536c5e9a12322ddd-150x150.jpg 150w, https:\/\/arkvietnam.com\/wp-content\/uploads\/2021\/11\/z2961890500249_6a943e6102309506536c5e9a12322ddd-12x12.jpg 12w, https:\/\/arkvietnam.com\/wp-content\/uploads\/2021\/11\/z2961890500249_6a943e6102309506536c5e9a12322ddd.jpg 600w\" sizes=\"auto, (max-width: 300px) 100vw, 300px\" \/>\t\t\t\t\t<\/div>\n\t\t\t\t<\/div>\n\t\t\t<\/div>\n\t\t\t\t<div class=\"icon-box-text last-reset\">\n\t\t\t\t\t\t\t\t\t\n\n<p style=\"text-align: center;\">Nh\u1eadn b\u00e1o gi\u00e1 cho c\u00e1c s\u1ea3n ph\u1ea9m v\u00e0 d\u1ecbch v\u1ee5 c\u1ee7a ch\u00fang t\u00f4i.<\/p>\n\n\t\t<\/div>\n\t<\/div>\n\t<\/a>\n\t\n\n\t\t<\/div>\n\t\t\t\t\t<\/div>\n\n\t\n\n\t<div id=\"col-898207565\" class=\"col medium-4 small-12 large-4\"  >\n\t\t\t\t<div class=\"col-inner\"  >\n\t\t\t\n\t\t\t\n\n\t<div id=\"text-4045567465\" class=\"text\">\n\t\t\n\n<h3>V\u0103n ph\u00f2ng & nh\u00e0 m\u00e1y<\/h3>\n\t\t\n<style>\n#text-4045567465 {\n  text-align: center;\n}\n<\/style>\n\t<\/div>\n\t\n\n\t<a class=\"plain\" href=\"\/lien-he\" >\t<div class=\"icon-box featured-box icon-box-center text-center\"  >\n\t\t\t\t\t<div class=\"icon-box-img\" style=\"width: 110px\">\n\t\t\t\t<div class=\"icon\">\n\t\t\t\t\t<div class=\"icon-inner\" >\n\t\t\t\t\t\t<img loading=\"lazy\" decoding=\"async\" width=\"300\" height=\"300\" src=\"https:\/\/arkvietnam.com\/wp-content\/uploads\/2021\/11\/z2961890505060_57359896b05e32cf5594f2e6232d2934-300x300.jpg\" class=\"attachment-medium size-medium\" alt=\"\" srcset=\"https:\/\/arkvietnam.com\/wp-content\/uploads\/2021\/11\/z2961890505060_57359896b05e32cf5594f2e6232d2934-300x300.jpg 300w, https:\/\/arkvietnam.com\/wp-content\/uploads\/2021\/11\/z2961890505060_57359896b05e32cf5594f2e6232d2934-100x100.jpg 100w, https:\/\/arkvietnam.com\/wp-content\/uploads\/2021\/11\/z2961890505060_57359896b05e32cf5594f2e6232d2934-510x510.jpg 510w, https:\/\/arkvietnam.com\/wp-content\/uploads\/2021\/11\/z2961890505060_57359896b05e32cf5594f2e6232d2934-150x150.jpg 150w, https:\/\/arkvietnam.com\/wp-content\/uploads\/2021\/11\/z2961890505060_57359896b05e32cf5594f2e6232d2934-12x12.jpg 12w, https:\/\/arkvietnam.com\/wp-content\/uploads\/2021\/11\/z2961890505060_57359896b05e32cf5594f2e6232d2934.jpg 600w\" sizes=\"auto, (max-width: 300px) 100vw, 300px\" \/>\t\t\t\t\t<\/div>\n\t\t\t\t<\/div>\n\t\t\t<\/div>\n\t\t\t\t<div class=\"icon-box-text last-reset\">\n\t\t\t\t\t\t\t\t\t\n\n\t<div id=\"text-2072377809\" class=\"text\">\n\t\t\n\n<p style=\"text-align: center;\">L\u1ea5y \u0111\u1ecba ch\u1ec9 v\u00e0 th\u00f4ng tin li\u00ean h\u1ec7 c\u1ee7a ch\u00fang t\u00f4i.<\/p>\n\t\t\n<style>\n#text-2072377809 {\n  text-align: center;\n}\n<\/style>\n\t<\/div>\n\t\n\n\t\t<\/div>\n\t<\/div>\n\t<\/a>\n\t\n\n\t\t<\/div>\n\t\t\t\t\t<\/div>\n\n\t\n\n\t<div id=\"col-448275160\" class=\"col medium-4 small-12 large-4\"  >\n\t\t\t\t<div class=\"col-inner\"  >\n\t\t\t\n\t\t\t\n\n\t<div id=\"text-2356007131\" class=\"text\">\n\t\t\n\n<h3>V\u1ec1 ch\u00fang t\u00f4i<\/h3>\n\t\t\n<style>\n#text-2356007131 {\n  text-align: center;\n}\n<\/style>\n\t<\/div>\n\t\n\n\t<a class=\"plain\" href=\"\/gioi-thieu\" >\t<div class=\"icon-box featured-box icon-box-center text-center\"  >\n\t\t\t\t\t<div class=\"icon-box-img\" style=\"width: 110px\">\n\t\t\t\t<div class=\"icon\">\n\t\t\t\t\t<div class=\"icon-inner\" >\n\t\t\t\t\t\t<img loading=\"lazy\" decoding=\"async\" width=\"300\" height=\"300\" src=\"https:\/\/arkvietnam.com\/wp-content\/uploads\/2021\/11\/z2961890505067_071d10ca2381b68349e61538694528cf-300x300.jpg\" class=\"attachment-medium size-medium\" alt=\"\" srcset=\"https:\/\/arkvietnam.com\/wp-content\/uploads\/2021\/11\/z2961890505067_071d10ca2381b68349e61538694528cf-300x300.jpg 300w, https:\/\/arkvietnam.com\/wp-content\/uploads\/2021\/11\/z2961890505067_071d10ca2381b68349e61538694528cf-100x100.jpg 100w, https:\/\/arkvietnam.com\/wp-content\/uploads\/2021\/11\/z2961890505067_071d10ca2381b68349e61538694528cf-510x510.jpg 510w, https:\/\/arkvietnam.com\/wp-content\/uploads\/2021\/11\/z2961890505067_071d10ca2381b68349e61538694528cf-150x150.jpg 150w, https:\/\/arkvietnam.com\/wp-content\/uploads\/2021\/11\/z2961890505067_071d10ca2381b68349e61538694528cf-12x12.jpg 12w, https:\/\/arkvietnam.com\/wp-content\/uploads\/2021\/11\/z2961890505067_071d10ca2381b68349e61538694528cf.jpg 600w\" sizes=\"auto, (max-width: 300px) 100vw, 300px\" \/>\t\t\t\t\t<\/div>\n\t\t\t\t<\/div>\n\t\t\t<\/div>\n\t\t\t\t<div class=\"icon-box-text last-reset\">\n\t\t\t\t\t\t\t\t\t\n\n\t<div id=\"text-1520609050\" class=\"text\">\n\t\t\n\n<p style=\"text-align: center;\">T\u00ecm hi\u1ec3u th\u00eam th\u00f4ng tin chi ti\u1ebft v\u1ec1 ch\u00fang t\u00f4i.<\/p>\n\t\t\n<style>\n#text-1520609050 {\n  text-align: center;\n}\n<\/style>\n\t<\/div>\n\t\n\n\t\t<\/div>\n\t<\/div>\n\t<\/a>\n\t\n\n\t\t<\/div>\n\t\t\t\t\t<\/div>\n\n\t\n\n<\/div>\n<div class=\"container section-title-container\" ><h3 class=\"section-title section-title-center\"><b aria-hidden=\"true\"><\/b><span class=\"section-title-main\" style=\"color:rgb(58, 30, 127);\">B\u1ea2O V\u1ec6 M\u00d4I TR\u01af\u1edcNG C\u00d9NG ARK<\/span><b aria-hidden=\"true\"><\/b><\/h3><\/div>\n\n\n\t\t<\/div>\n\t\t\t\t\t<\/div>\n\n\t\n\n<\/div>\n\n","protected":false},"excerpt":{"rendered":"","protected":false},"author":1,"featured_media":0,"parent":0,"menu_order":0,"comment_status":"closed","ping_status":"closed","template":"page-blank.php","meta":{"_acf_changed":false,"_gspb_post_css":"","footnotes":""},"class_list":["post-547","page","type-page","status-publish","hentry"],"acf":[],"_links":{"self":[{"href":"https:\/\/arkvietnam.com\/en\/wp-json\/wp\/v2\/pages\/547","targetHints":{"allow":["GET"]}}],"collection":[{"href":"https:\/\/arkvietnam.com\/en\/wp-json\/wp\/v2\/pages"}],"about":[{"href":"https:\/\/arkvietnam.com\/en\/wp-json\/wp\/v2\/types\/page"}],"author":[{"embeddable":true,"href":"https:\/\/arkvietnam.com\/en\/wp-json\/wp\/v2\/users\/1"}],"replies":[{"embeddable":true,"href":"https:\/\/arkvietnam.com\/en\/wp-json\/wp\/v2\/comments?post=547"}],"version-history":[{"count":1,"href":"https:\/\/arkvietnam.com\/en\/wp-json\/wp\/v2\/pages\/547\/revisions"}],"predecessor-version":[{"id":37895,"href":"https:\/\/arkvietnam.com\/en\/wp-json\/wp\/v2\/pages\/547\/revisions\/37895"}],"wp:attachment":[{"href":"https:\/\/arkvietnam.com\/en\/wp-json\/wp\/v2\/media?parent=547"}],"curies":[{"name":"wp","href":"https:\/\/api.w.org\/{rel}","templated":true}]}}