{"id":3,"date":"2021-11-15T06:01:09","date_gmt":"2021-11-15T06:01:09","guid":{"rendered":"http:\/\/localhost\/ark-vn\/?page_id=3"},"modified":"2023-12-27T14:25:12","modified_gmt":"2023-12-27T07:25:12","slug":"privacy-policy","status":"publish","type":"page","link":"https:\/\/arkvietnam.com\/en\/chinh-sach-bao-mat\/","title":{"rendered":"Privacy Policy"},"content":{"rendered":"<h1 style=\"text-align: center;\"><strong>INFORMATION SECURITY POLICY<\/strong><\/h1>\r\nWe understand that the right to privacy is valued by customers, businesses, and visitors when using our services or websites, social networking sites that are owned and operated by <strong>ARK Vietnam<\/strong>. The privacy policy below is our commitment to respect the rights of people on the Internet.\r\n\r\n<img loading=\"lazy\" decoding=\"async\" class=\"aligncenter wp-image-631 size-medium\" src=\"https:\/\/arkvietnam.com\/wp-content\/uploads\/2021\/11\/Chinh-sach-bao-mat-300x188.jpg\" alt=\"\" width=\"300\" height=\"188\" srcset=\"https:\/\/arkvietnam.com\/wp-content\/uploads\/2021\/11\/Chinh-sach-bao-mat-300x188.jpg 300w, https:\/\/arkvietnam.com\/wp-content\/uploads\/2021\/11\/Chinh-sach-bao-mat-510x319.jpg 510w, https:\/\/arkvietnam.com\/wp-content\/uploads\/2021\/11\/Chinh-sach-bao-mat-768x480.jpg 768w, https:\/\/arkvietnam.com\/wp-content\/uploads\/2021\/11\/Chinh-sach-bao-mat-18x12.jpg 18w, https:\/\/arkvietnam.com\/wp-content\/uploads\/2021\/11\/Chinh-sach-bao-mat-600x375.jpg 600w, https:\/\/arkvietnam.com\/wp-content\/uploads\/2021\/11\/Chinh-sach-bao-mat.jpg 800w\" sizes=\"auto, (max-width: 300px) 100vw, 300px\" \/>\r\n\r\nThe information privacy policy is an integral part of the terms and policies of ARK Vietnam Co., Ltd. When you access and use this website, you agreed to our privacy policy.\r\n<h3><strong>Purpose for collection of personal information<\/strong><\/h3>\r\n<ul>\r\n \t<li>Understanding the wishes and desires of customers in order to improve our service quality.<\/li>\r\n \t<li>Update new product information, promotions, services in the fastest way.<\/li>\r\n \t<li>Provide information and support customers as soon as possible when received complaints and feedbacks.<\/li>\r\n<\/ul>\r\n<h3><strong>Scope of information collection<\/strong><\/h3>\r\nAll content is posted on the website to serve the information needs and optimize searching results of customers, and help customers to choose a suitable service. We do not ask for any personal information when visiting, surf the web only. However, feedback of visitors related to complaints, warranties, service usage, etc. ARK Vietnam wants to get your information. Include Your name or your business name, email address, phone number, response message. This is in accordance with current legislation.\r\n<h3><strong>Scope for information use<\/strong><\/h3>\r\nARK Vietnam is concerned and respected the importance of Confidentiality of customer information, and we absolutely committed not to arbitrarily use that information to cause any disadvantage to customers and businesses. At the same time, we also committed not to trade, exchange this information to any third parties. However, we may share your information in the following special circumstances below:\r\n<ul>\r\n \t<li>Approved by the customer.<\/li>\r\n \t<li>To protect our rights, assets, and our business partners.<\/li>\r\n \t<li>The request of the authorized authorities.<\/li>\r\n \t<li>In some other circumstances. For example, promotion is sponsored by a third party. We will notify you by email in advance. You could decide to accept or refuse to receive program information or any updates.<\/li>\r\n<\/ul>\r\n<h3><strong>Storage time<\/strong><\/h3>\r\nThe personal information provided by customers will exist on our internal management system (server). Until the purpose of serving your needs is completed or when the customer requests to delete information.\r\n<h3><strong>Address of information management unit<\/strong><\/h3>\r\n<ul>\r\n \t<li><strong>ARK Vietnam Company Limited (ARK VIETNAM CO.,LTD)<\/strong><\/li>\r\n \t<li>Tax code: 2400573873, issued on November 9, 2011.<\/li>\r\n \t<li>Registered business address: Lot FJ11 - 13, Song Khe - Noi Hoang Industrial Zone (south), Tien Phong Commune, Yen Dung District, Bac Giang Province.<\/li>\r\n \t<li>Northern Representative Office: 5th floor, N03-T7 Diplomatic Urban Area, Xuan Tao Ward, Bac Tu Liem District, Hanoi.<\/li>\r\n \t<li>V\u0103n ph\u00f2ng \u0111\u1ea1i di\u1ec7n mi\u1ec1n Nam: 68-70 Ho\u00e0ng Di\u1ec7u, Ph\u01b0\u1eddng 13, Qu\u1eadn 7, TP. H\u1ed3 Ch\u00ed Minh.<\/li>\r\n \t<li>Contact for editing information: Email: <a href=\"mailto:arkvn234@gmail.com\"><span class=\"elementor-icon-list-text\">arkvn234@gmail.com<\/span><\/a><\/li>\r\n<\/ul>\r\n<h3><strong>Confidentiality Commitment<\/strong><\/h3>\r\n<ul>\r\n \t<li>We are committed to ensuring the safety of our customers' information. Do not exchange, buy or sell information for commercial purposes.<\/li>\r\n \t<li>We recommend that you limit your access with automatic login, pay attention to the password backup mode of your browser, and remember to log out when you stop using your computer, especially a public computer. We are not responsible when your personal information is leaked for the above reasons.<\/li>\r\n \t<li>The privacy policy only applies to the information you register on the official website <a href=\"https:\/\/arkvietnam.com\/en\/\">www.arkvietnam.com<\/a>. Any information you provide on other websites is not covered by our Privacy Policy.<\/li>\r\n<\/ul>\r\n<h3><strong>Changing policy terms<\/strong><\/h3>\r\nCh\u00fang t\u00f4i c\u00f3 th\u1ec3 thay \u0111\u1ed5i c\u00e1c \u0111i\u1ec1u kho\u1ea3n tr\u00ean, bao g\u1ed3m: b\u1ed5 sung, thay \u0111\u1ed5i, lo\u1ea1i b\u1ecf m\u1ed9t ph\u1ea7n ho\u1eb7c to\u00e0n b\u1ed9. T\u1ea1m d\u1eebng ho\u1ea1t \u0111\u1ed9ng c\u1ee7a website m\u00e0 kh\u00f4ng c\u1ea7n th\u00f4ng b\u00e1o tr\u01b0\u1edbc.\r\n\r\nVi\u1ec7c s\u1eeda \u0111\u1ed5i ch\u00ednh s\u00e1ch b\u1ea3o m\u1eadt n\u00e0y c\u00f3 hi\u1ec7u l\u1ef1c k\u1ec3 t\u1eeb th\u1eddi \u0111i\u1ec3m \u0111\u01b0\u1ee3c \u0111\u0103ng t\u1ea3i. Trong tr\u01b0\u1eddng h\u1ee3p chu\u0301ng t\u00f4i c\u00e2\u0323p nh\u00e2\u0323t chi\u0301nh sa\u0301ch v\u00e0 b\u1ea1n truy c\u1eadp ngay sau \u0111\u00f3, c\u00f3 ngh\u0129a la\u0300 ba\u0323n \u0111\u00f4\u0300ng y\u0301 v\u01a1\u0301i (ca\u0301c) \u0111i\u1ec1u kho\u1ea3n m\u01a1\u0301i.\r\n\r\n\t<div id=\"gap-1854964064\" class=\"gap-element clearfix\" style=\"display:block; height:auto;\">\n\t\t\n<style>\n#gap-1854964064 {\n  padding-top: 30px;\n}\n<\/style>\n\t<\/div>\n\t\n\n<div class=\"container section-title-container\" ><h3 class=\"section-title section-title-center\"><b aria-hidden=\"true\"><\/b><span class=\"section-title-main\" style=\"color:rgb(58, 30, 127);\">ARK Vietnam<\/span><b aria-hidden=\"true\"><\/b><\/h3><\/div>\n\n\t<div id=\"text-922872226\" class=\"text\">\n\t\t\n\n<p style=\"text-align: center;\"><span style=\"font-size: 130%;\">How can we help you ?<\/span><\/p>\n\t\t\n<style>\n#text-922872226 {\n  text-align: center;\n}\n<\/style>\n\t<\/div>\n\t\n<div class=\"row\"  id=\"row-169677421\">\n\n\n\t<div id=\"col-216867823\" class=\"col medium-4 small-12 large-4\"  >\n\t\t\t\t<div class=\"col-inner\"  >\n\t\t\t\n\t\t\t\n\n\t<div id=\"text-3216635714\" class=\"text\">\n\t\t\n\n<h3>Get a quote<\/h3>\n\t\t\n<style>\n#text-3216635714 {\n  text-align: center;\n}\n<\/style>\n\t<\/div>\n\t\n\n\t<a class=\"plain\" href=\"#tai-bao-gia\" >\t<div class=\"icon-box featured-box icon-box-center text-center\"  >\n\t\t\t\t\t<div class=\"icon-box-img\" style=\"width: 110px\">\n\t\t\t\t<div class=\"icon\">\n\t\t\t\t\t<div class=\"icon-inner\" >\n\t\t\t\t\t\t<img loading=\"lazy\" decoding=\"async\" width=\"300\" height=\"300\" src=\"https:\/\/arkvietnam.com\/wp-content\/uploads\/2021\/11\/z2961890500249_6a943e6102309506536c5e9a12322ddd-300x300.jpg\" class=\"attachment-medium size-medium\" alt=\"\" srcset=\"https:\/\/arkvietnam.com\/wp-content\/uploads\/2021\/11\/z2961890500249_6a943e6102309506536c5e9a12322ddd-300x300.jpg 300w, https:\/\/arkvietnam.com\/wp-content\/uploads\/2021\/11\/z2961890500249_6a943e6102309506536c5e9a12322ddd-100x100.jpg 100w, https:\/\/arkvietnam.com\/wp-content\/uploads\/2021\/11\/z2961890500249_6a943e6102309506536c5e9a12322ddd-510x510.jpg 510w, https:\/\/arkvietnam.com\/wp-content\/uploads\/2021\/11\/z2961890500249_6a943e6102309506536c5e9a12322ddd-150x150.jpg 150w, https:\/\/arkvietnam.com\/wp-content\/uploads\/2021\/11\/z2961890500249_6a943e6102309506536c5e9a12322ddd-12x12.jpg 12w, https:\/\/arkvietnam.com\/wp-content\/uploads\/2021\/11\/z2961890500249_6a943e6102309506536c5e9a12322ddd.jpg 600w\" sizes=\"auto, (max-width: 300px) 100vw, 300px\" \/>\t\t\t\t\t<\/div>\n\t\t\t\t<\/div>\n\t\t\t<\/div>\n\t\t\t\t<div class=\"icon-box-text last-reset\">\n\t\t\t\t\t\t\t\t\t\n\n<p style=\"text-align: center;\">Receive a quote for our products and services.<\/p>\n\n\t\t<\/div>\n\t<\/div>\n\t<\/a>\n\t\n\n\t\t<\/div>\n\t\t\t\t\t<\/div>\n\n\t\n\n\t<div id=\"col-2082611683\" class=\"col medium-4 small-12 large-4\"  >\n\t\t\t\t<div class=\"col-inner\"  >\n\t\t\t\n\t\t\t\n\n\t<div id=\"text-3807011726\" class=\"text\">\n\t\t\n\n<h3>Offices &amp; Factory<\/h3>\n\t\t\n<style>\n#text-3807011726 {\n  text-align: center;\n}\n<\/style>\n\t<\/div>\n\t\n\n\t<a class=\"plain\" href=\"\/en\/contact\/\" >\t<div class=\"icon-box featured-box icon-box-center text-center\"  >\n\t\t\t\t\t<div class=\"icon-box-img\" style=\"width: 110px\">\n\t\t\t\t<div class=\"icon\">\n\t\t\t\t\t<div class=\"icon-inner\" >\n\t\t\t\t\t\t<img loading=\"lazy\" decoding=\"async\" width=\"300\" height=\"300\" src=\"https:\/\/arkvietnam.com\/wp-content\/uploads\/2021\/11\/z2961890505060_57359896b05e32cf5594f2e6232d2934-300x300.jpg\" class=\"attachment-medium size-medium\" alt=\"\" srcset=\"https:\/\/arkvietnam.com\/wp-content\/uploads\/2021\/11\/z2961890505060_57359896b05e32cf5594f2e6232d2934-300x300.jpg 300w, https:\/\/arkvietnam.com\/wp-content\/uploads\/2021\/11\/z2961890505060_57359896b05e32cf5594f2e6232d2934-100x100.jpg 100w, https:\/\/arkvietnam.com\/wp-content\/uploads\/2021\/11\/z2961890505060_57359896b05e32cf5594f2e6232d2934-510x510.jpg 510w, https:\/\/arkvietnam.com\/wp-content\/uploads\/2021\/11\/z2961890505060_57359896b05e32cf5594f2e6232d2934-150x150.jpg 150w, https:\/\/arkvietnam.com\/wp-content\/uploads\/2021\/11\/z2961890505060_57359896b05e32cf5594f2e6232d2934-12x12.jpg 12w, https:\/\/arkvietnam.com\/wp-content\/uploads\/2021\/11\/z2961890505060_57359896b05e32cf5594f2e6232d2934.jpg 600w\" sizes=\"auto, (max-width: 300px) 100vw, 300px\" \/>\t\t\t\t\t<\/div>\n\t\t\t\t<\/div>\n\t\t\t<\/div>\n\t\t\t\t<div class=\"icon-box-text last-reset\">\n\t\t\t\t\t\t\t\t\t\n\n\t<div id=\"text-2283875821\" class=\"text\">\n\t\t\n\n<p style=\"text-align: center;\">Receive our address and phone numbers.<\/p>\n\t\t\n<style>\n#text-2283875821 {\n  text-align: center;\n}\n<\/style>\n\t<\/div>\n\t\n\n\t\t<\/div>\n\t<\/div>\n\t<\/a>\n\t\n\n\t\t<\/div>\n\t\t\t\t\t<\/div>\n\n\t\n\n\t<div id=\"col-1177183104\" class=\"col medium-4 small-12 large-4\"  >\n\t\t\t\t<div class=\"col-inner\"  >\n\t\t\t\n\t\t\t\n\n\t<div id=\"text-1330105757\" class=\"text\">\n\t\t\n\n<h3>About us<\/h3>\n\t\t\n<style>\n#text-1330105757 {\n  text-align: center;\n}\n<\/style>\n\t<\/div>\n\t\n\n\t<a class=\"plain\" href=\"\/en\/about-us\/\" >\t<div class=\"icon-box featured-box icon-box-center text-center\"  >\n\t\t\t\t\t<div class=\"icon-box-img\" style=\"width: 110px\">\n\t\t\t\t<div class=\"icon\">\n\t\t\t\t\t<div class=\"icon-inner\" >\n\t\t\t\t\t\t<img loading=\"lazy\" decoding=\"async\" width=\"300\" height=\"300\" src=\"https:\/\/arkvietnam.com\/wp-content\/uploads\/2021\/11\/z2961890505067_071d10ca2381b68349e61538694528cf-300x300.jpg\" class=\"attachment-medium size-medium\" alt=\"\" srcset=\"https:\/\/arkvietnam.com\/wp-content\/uploads\/2021\/11\/z2961890505067_071d10ca2381b68349e61538694528cf-300x300.jpg 300w, https:\/\/arkvietnam.com\/wp-content\/uploads\/2021\/11\/z2961890505067_071d10ca2381b68349e61538694528cf-100x100.jpg 100w, https:\/\/arkvietnam.com\/wp-content\/uploads\/2021\/11\/z2961890505067_071d10ca2381b68349e61538694528cf-510x510.jpg 510w, https:\/\/arkvietnam.com\/wp-content\/uploads\/2021\/11\/z2961890505067_071d10ca2381b68349e61538694528cf-150x150.jpg 150w, https:\/\/arkvietnam.com\/wp-content\/uploads\/2021\/11\/z2961890505067_071d10ca2381b68349e61538694528cf-12x12.jpg 12w, https:\/\/arkvietnam.com\/wp-content\/uploads\/2021\/11\/z2961890505067_071d10ca2381b68349e61538694528cf.jpg 600w\" sizes=\"auto, (max-width: 300px) 100vw, 300px\" \/>\t\t\t\t\t<\/div>\n\t\t\t\t<\/div>\n\t\t\t<\/div>\n\t\t\t\t<div class=\"icon-box-text last-reset\">\n\t\t\t\t\t\t\t\t\t\n\n\t<div id=\"text-2817729133\" class=\"text\">\n\t\t\n\n<p style=\"text-align: center;\">Learn more about us.<\/p>\n\t\t\n<style>\n#text-2817729133 {\n  text-align: center;\n}\n<\/style>\n\t<\/div>\n\t\n\n\t\t<\/div>\n\t<\/div>\n\t<\/a>\n\t\n\n\t\t<\/div>\n\t\t\t\t\t<\/div>\n\n\t\n\n<\/div>\n<div class=\"container section-title-container\" ><h3 class=\"section-title section-title-center\"><b aria-hidden=\"true\"><\/b><span class=\"section-title-main\" style=\"color:rgb(58, 30, 127);\">PROTECT THE ENVIRONMENT WITH ARK VIETNAM<\/span><b aria-hidden=\"true\"><\/b><\/h3><\/div>\r\n\r\n<!-- \/wp:post-content -->","protected":false},"excerpt":{"rendered":"<p>CH\u00cdNH S\u00c1CH B\u1ea2O M\u1eacT Ch\u00fang t\u00f4i hi\u1ec3u r\u1eb1ng quy\u1ec1n ri\u00eang t\u01b0 \u0111\u1ec1u \u0111\u01b0\u1ee3c qu\u00fd kh\u00e1ch h\u00e0ng, doanh nghi\u1ec7p, ng\u01b0\u1eddi truy c\u1eadp v\u00e3ng lai coi tr\u1ecdng, khi s\u1eed d\u1ee5ng d\u1ecbch v\u1ee5 hay c\u00e1c website, trang m\u1ea1ng x\u00e3 h\u1ed9i thu\u1ed9c quy\u1ec1n s\u1edf h\u1eefu, \u0111i\u1ec1u h\u00e0nh c\u1ee7a ARK Vi\u1ec7t Nam. Ch\u00ednh s\u00e1ch b\u1ea3o m\u1eadt d\u01b0\u1edbi \u0111\u00e2y l\u00e0 nh\u1eefng&#8230;<\/p>","protected":false},"author":1,"featured_media":631,"parent":0,"menu_order":0,"comment_status":"closed","ping_status":"open","template":"","meta":{"_acf_changed":false,"_gspb_post_css":"","footnotes":""},"class_list":["post-3","page","type-page","status-publish","has-post-thumbnail","hentry"],"acf":[],"_links":{"self":[{"href":"https:\/\/arkvietnam.com\/en\/wp-json\/wp\/v2\/pages\/3","targetHints":{"allow":["GET"]}}],"collection":[{"href":"https:\/\/arkvietnam.com\/en\/wp-json\/wp\/v2\/pages"}],"about":[{"href":"https:\/\/arkvietnam.com\/en\/wp-json\/wp\/v2\/types\/page"}],"author":[{"embeddable":true,"href":"https:\/\/arkvietnam.com\/en\/wp-json\/wp\/v2\/users\/1"}],"replies":[{"embeddable":true,"href":"https:\/\/arkvietnam.com\/en\/wp-json\/wp\/v2\/comments?post=3"}],"version-history":[{"count":0,"href":"https:\/\/arkvietnam.com\/en\/wp-json\/wp\/v2\/pages\/3\/revisions"}],"wp:featuredmedia":[{"embeddable":true,"href":"https:\/\/arkvietnam.com\/en\/wp-json\/wp\/v2\/media\/631"}],"wp:attachment":[{"href":"https:\/\/arkvietnam.com\/en\/wp-json\/wp\/v2\/media?parent=3"}],"curies":[{"name":"wp","href":"https:\/\/api.w.org\/{rel}","templated":true}]}}