{"id":2352,"date":"2022-03-24T10:01:47","date_gmt":"2022-03-24T03:01:47","guid":{"rendered":"https:\/\/arkvietnam.com\/?page_id=2352"},"modified":"2024-03-23T08:39:07","modified_gmt":"2024-03-23T01:39:07","slug":"tuyen-dung","status":"publish","type":"page","link":"https:\/\/arkvietnam.com\/en\/tuyen-dung\/","title":{"rendered":"Recruitment"},"content":{"rendered":"<h1 style=\"text-align: left;\"><strong>WE ARE HIRING<\/strong><\/h1>\n<div dir=\"auto\"><span class=\"x3nfvp2 x1j61x8r x1fcty0u xdj266r xhhsvwb xat24cr xgzva0m xxymvpz xlup9mm x1kky2od\"><img loading=\"lazy\" decoding=\"async\" class=\"xz74otr\" src=\"https:\/\/static.xx.fbcdn.net\/images\/emoji.php\/v9\/tba\/1\/16\/1f4e3.png\" alt=\"\ud83d\udce3\" width=\"16\" height=\"16\" \/><\/span><span class=\"x3nfvp2 x1j61x8r x1fcty0u xdj266r xhhsvwb xat24cr xgzva0m xxymvpz xlup9mm x1kky2od\"><img loading=\"lazy\" decoding=\"async\" class=\"xz74otr\" src=\"https:\/\/static.xx.fbcdn.net\/images\/emoji.php\/v9\/tba\/1\/16\/1f4e3.png\" alt=\"\ud83d\udce3\" width=\"16\" height=\"16\" \/><\/span><span class=\"x3nfvp2 x1j61x8r x1fcty0u xdj266r xhhsvwb xat24cr xgzva0m xxymvpz xlup9mm x1kky2od\"><img loading=\"lazy\" decoding=\"async\" class=\"xz74otr\" src=\"https:\/\/static.xx.fbcdn.net\/images\/emoji.php\/v9\/tba\/1\/16\/1f4e3.png\" alt=\"\ud83d\udce3\" width=\"16\" height=\"16\" \/><\/span> TUY\u1ec2N D\u1ee4NG 2024 &#8211; ARK VI\u1ec6T NAM<\/div>\n<div dir=\"auto\">&#8211; V\u1ecb tr\u00ed: Tr\u01b0\u1edfng ph\u00f2ng kinh doanh<\/div>\n<div dir=\"auto\">&#8211; Ng\u00e0nh ngh\u1ec1: Kinh doanh m\u00e1y \u00e9p b\u00f9n<\/div>\n<div dir=\"auto\">&#8211; \u0110\u1ecba \u0111i\u1ec3m l\u00e0m vi\u1ec7c: H\u00e0 N\u1ed9i<\/div>\n<div dir=\"auto\">&#8211; Nh\u1eadn CV b\u1eb1ng ti\u1ebfng Vi\u1ec7t<\/div>\n<div dir=\"auto\" style=\"text-align: left;\">&#8211; Li\u00ean h\u1ec7: arkvn234@gmail.com \/ 037 818 0359 (Ms. An)<\/div>\n<div dir=\"auto\"><img loading=\"lazy\" decoding=\"async\" class=\"size-large wp-image-11136 alignleft\" src=\"https:\/\/arkvietnam.com\/wp-content\/uploads\/2024\/03\/ark-tuyen-dung-tpkd-724x1024.jpg\" alt=\"\" width=\"724\" height=\"1024\" srcset=\"https:\/\/arkvietnam.com\/wp-content\/uploads\/2024\/03\/ark-tuyen-dung-tpkd-724x1024.jpg 724w, https:\/\/arkvietnam.com\/wp-content\/uploads\/2024\/03\/ark-tuyen-dung-tpkd-510x721.jpg 510w, https:\/\/arkvietnam.com\/wp-content\/uploads\/2024\/03\/ark-tuyen-dung-tpkd-212x300.jpg 212w, https:\/\/arkvietnam.com\/wp-content\/uploads\/2024\/03\/ark-tuyen-dung-tpkd-768x1086.jpg 768w, https:\/\/arkvietnam.com\/wp-content\/uploads\/2024\/03\/ark-tuyen-dung-tpkd-1086x1536.jpg 1086w, https:\/\/arkvietnam.com\/wp-content\/uploads\/2024\/03\/ark-tuyen-dung-tpkd-1448x2048.jpg 1448w, https:\/\/arkvietnam.com\/wp-content\/uploads\/2024\/03\/ark-tuyen-dung-tpkd-8x12.jpg 8w, https:\/\/arkvietnam.com\/wp-content\/uploads\/2024\/03\/ark-tuyen-dung-tpkd-600x849.jpg 600w, https:\/\/arkvietnam.com\/wp-content\/uploads\/2024\/03\/ark-tuyen-dung-tpkd.jpg 1587w\" sizes=\"auto, (max-width: 724px) 100vw, 724px\" \/><\/div>\n<p>&nbsp;<\/p>\n<p>&nbsp;<\/p>","protected":false},"excerpt":{"rendered":"<p>TH\u00d4NG B\u00c1O TUY\u1ec2N D\u1ee4NG TUY\u1ec2N D\u1ee4NG 2024 &#8211; ARK VI\u1ec6T NAM &#8211; V\u1ecb tr\u00ed: Tr\u01b0\u1edfng ph\u00f2ng kinh doanh &#8211; Ng\u00e0nh ngh\u1ec1: Kinh doanh m\u00e1y \u00e9p b\u00f9n &#8211; \u0110\u1ecba \u0111i\u1ec3m l\u00e0m vi\u1ec7c: H\u00e0 N\u1ed9i &#8211; Nh\u1eadn CV b\u1eb1ng ti\u1ebfng Vi\u1ec7t &#8211; Li\u00ean h\u1ec7: arkvn234@gmail.com \/ 037 818 0359 (Ms. An) &nbsp; &nbsp;<\/p>","protected":false},"author":1,"featured_media":9837,"parent":0,"menu_order":0,"comment_status":"closed","ping_status":"closed","template":"","meta":{"_acf_changed":false,"_gspb_post_css":"","footnotes":""},"class_list":["post-2352","page","type-page","status-publish","has-post-thumbnail","hentry"],"acf":[],"_links":{"self":[{"href":"https:\/\/arkvietnam.com\/en\/wp-json\/wp\/v2\/pages\/2352","targetHints":{"allow":["GET"]}}],"collection":[{"href":"https:\/\/arkvietnam.com\/en\/wp-json\/wp\/v2\/pages"}],"about":[{"href":"https:\/\/arkvietnam.com\/en\/wp-json\/wp\/v2\/types\/page"}],"author":[{"embeddable":true,"href":"https:\/\/arkvietnam.com\/en\/wp-json\/wp\/v2\/users\/1"}],"replies":[{"embeddable":true,"href":"https:\/\/arkvietnam.com\/en\/wp-json\/wp\/v2\/comments?post=2352"}],"version-history":[{"count":0,"href":"https:\/\/arkvietnam.com\/en\/wp-json\/wp\/v2\/pages\/2352\/revisions"}],"wp:featuredmedia":[{"embeddable":true,"href":"https:\/\/arkvietnam.com\/en\/wp-json\/wp\/v2\/media\/9837"}],"wp:attachment":[{"href":"https:\/\/arkvietnam.com\/en\/wp-json\/wp\/v2\/media?parent=2352"}],"curies":[{"name":"wp","href":"https:\/\/api.w.org\/{rel}","templated":true}]}}