{"id":1640,"date":"2022-01-03T08:26:47","date_gmt":"2022-01-03T08:26:47","guid":{"rendered":"https:\/\/arkvietnam.com\/?page_id=1640"},"modified":"2022-01-06T05:57:44","modified_gmt":"2022-01-06T05:57:44","slug":"technical-support-services-of-sludge-treatment-systems","status":"publish","type":"page","link":"https:\/\/arkvietnam.com\/en\/dich-vu-ho-tro-ky-thuat-he-thong-xu-ly-bun-thai\/","title":{"rendered":"Technical support services of sludge treatment systems"},"content":{"rendered":"<h1 style=\"text-align: center;\"><strong>TECHNICAL SUPPORT SERVICES OF SLUDGE TREATMENT SYSTEMS<\/strong><\/h1>\n<p><strong>ARK Vietnam is proud to be a provider of technical support services and infrastructure for sludge treatment. Ensure prestige and professionalism with a team of solid professional and experienced personnel. Comes with a machine maintenance service. We help businesses solve problems related to sludge treatment. Bring satisfaction with the ability to handle quickly, and promptly, and save costs.<\/strong><\/p>\n<h2><strong>ARK \u2013 Technical support service provider for sludge dewatering machine<\/strong><\/h2>\n<p>We provide technical support services, sludge treatment infrastructure. Prestige and professionalism are our criteria. Not only is a reliable partner of many big names such as: Samsung, Canon, Miwon, Duc Viet Foods, ... We also contribute to perfecting the water supply system in the provinces of Bac Giang, Phu Tho, ..<\/p>\n<p>We provide a customer support process with many flexible options. Each solution complies with service quality commitments, meeting international standards. Minimize costs, satisfy customer requirements when selecting us.<\/p>\n<p>In recent years, ARK Vietnam has always received the trust from our partners. As the choice of government projects, wastewater treatment plants, food companies, large enterprises, ... Technical support services are always closely monitored and managed. Prompt rectification helps minimize the risk.<\/p>\n<h2><strong>Benefits of using ARK's technical support service<\/strong><\/h2>\n<p>Customers are completely assured when coming to ARK's technical support service. No more worrying about hiring a technician for your unit, or worrying about system failures.<\/p>\n<p>We support 24\/7\/365 following the customers request  in all operation stages of sludge treatment process. Customers will feel more secure in the system designed by ARK, focusing entirely on business activities.<\/p>\n<p>ARK offers a flexible service accommodating all special requests. Minimize unnecessary downtime such as: moving equipment, changing from simple to complex, or changing to a whole new infrastructure.<\/p>\n<p>The sludge dewatering machine and the wastewater system will be synchronized during the process of moving and changing. A team of well-trained experienced professionals will bring you trust, would not let the customers down.<\/p>\n<p>If the customer still have further query, please contact the hotline number: <strong>0977.675.754<\/strong> for the clarification from ARK experts.<\/p>\n\t<div id=\"gap-658208231\" class=\"gap-element clearfix\" style=\"display:block; height:auto;\">\n\t\t\n<style>\n#gap-658208231 {\n  padding-top: 30px;\n}\n<\/style>\n\t<\/div>\n\t\n\n<div class=\"container section-title-container\" ><h3 class=\"section-title section-title-center\"><b aria-hidden=\"true\"><\/b><span class=\"section-title-main\" style=\"color:rgb(58, 30, 127);\">ARK Vietnam<\/span><b aria-hidden=\"true\"><\/b><\/h3><\/div>\n\n\t<div id=\"text-832707661\" class=\"text\">\n\t\t\n\n<p style=\"text-align: center;\"><span style=\"font-size: 130%;\">How can we help you ?<\/span><\/p>\n\t\t\n<style>\n#text-832707661 {\n  text-align: center;\n}\n<\/style>\n\t<\/div>\n\t\n<div class=\"row\"  id=\"row-1486121168\">\n\n\n\t<div id=\"col-823186156\" class=\"col medium-4 small-12 large-4\"  >\n\t\t\t\t<div class=\"col-inner\"  >\n\t\t\t\n\t\t\t\n\n\t<div id=\"text-2682642521\" class=\"text\">\n\t\t\n\n<h3>Get a quote<\/h3>\n\t\t\n<style>\n#text-2682642521 {\n  text-align: center;\n}\n<\/style>\n\t<\/div>\n\t\n\n\t<a class=\"plain\" href=\"#tai-bao-gia\" >\t<div class=\"icon-box featured-box icon-box-center text-center\"  >\n\t\t\t\t\t<div class=\"icon-box-img\" style=\"width: 110px\">\n\t\t\t\t<div class=\"icon\">\n\t\t\t\t\t<div class=\"icon-inner\" >\n\t\t\t\t\t\t<img loading=\"lazy\" decoding=\"async\" width=\"300\" height=\"300\" src=\"https:\/\/arkvietnam.com\/wp-content\/uploads\/2021\/11\/z2961890500249_6a943e6102309506536c5e9a12322ddd-300x300.jpg\" class=\"attachment-medium size-medium\" alt=\"\" srcset=\"https:\/\/arkvietnam.com\/wp-content\/uploads\/2021\/11\/z2961890500249_6a943e6102309506536c5e9a12322ddd-300x300.jpg 300w, https:\/\/arkvietnam.com\/wp-content\/uploads\/2021\/11\/z2961890500249_6a943e6102309506536c5e9a12322ddd-100x100.jpg 100w, https:\/\/arkvietnam.com\/wp-content\/uploads\/2021\/11\/z2961890500249_6a943e6102309506536c5e9a12322ddd-510x510.jpg 510w, https:\/\/arkvietnam.com\/wp-content\/uploads\/2021\/11\/z2961890500249_6a943e6102309506536c5e9a12322ddd-150x150.jpg 150w, https:\/\/arkvietnam.com\/wp-content\/uploads\/2021\/11\/z2961890500249_6a943e6102309506536c5e9a12322ddd-12x12.jpg 12w, https:\/\/arkvietnam.com\/wp-content\/uploads\/2021\/11\/z2961890500249_6a943e6102309506536c5e9a12322ddd.jpg 600w\" sizes=\"auto, (max-width: 300px) 100vw, 300px\" \/>\t\t\t\t\t<\/div>\n\t\t\t\t<\/div>\n\t\t\t<\/div>\n\t\t\t\t<div class=\"icon-box-text last-reset\">\n\t\t\t\t\t\t\t\t\t\n\n<p style=\"text-align: center;\">Receive a quote for our products and services.<\/p>\n\n\t\t<\/div>\n\t<\/div>\n\t<\/a>\n\t\n\n\t\t<\/div>\n\t\t\t\t\t<\/div>\n\n\t\n\n\t<div id=\"col-552015310\" class=\"col medium-4 small-12 large-4\"  >\n\t\t\t\t<div class=\"col-inner\"  >\n\t\t\t\n\t\t\t\n\n\t<div id=\"text-999137860\" class=\"text\">\n\t\t\n\n<h3>Offices &amp; Factory<\/h3>\n\t\t\n<style>\n#text-999137860 {\n  text-align: center;\n}\n<\/style>\n\t<\/div>\n\t\n\n\t<a class=\"plain\" href=\"\/en\/contact\/\" >\t<div class=\"icon-box featured-box icon-box-center text-center\"  >\n\t\t\t\t\t<div class=\"icon-box-img\" style=\"width: 110px\">\n\t\t\t\t<div class=\"icon\">\n\t\t\t\t\t<div class=\"icon-inner\" >\n\t\t\t\t\t\t<img loading=\"lazy\" decoding=\"async\" width=\"300\" height=\"300\" src=\"https:\/\/arkvietnam.com\/wp-content\/uploads\/2021\/11\/z2961890505060_57359896b05e32cf5594f2e6232d2934-300x300.jpg\" class=\"attachment-medium size-medium\" alt=\"\" srcset=\"https:\/\/arkvietnam.com\/wp-content\/uploads\/2021\/11\/z2961890505060_57359896b05e32cf5594f2e6232d2934-300x300.jpg 300w, https:\/\/arkvietnam.com\/wp-content\/uploads\/2021\/11\/z2961890505060_57359896b05e32cf5594f2e6232d2934-100x100.jpg 100w, https:\/\/arkvietnam.com\/wp-content\/uploads\/2021\/11\/z2961890505060_57359896b05e32cf5594f2e6232d2934-510x510.jpg 510w, https:\/\/arkvietnam.com\/wp-content\/uploads\/2021\/11\/z2961890505060_57359896b05e32cf5594f2e6232d2934-150x150.jpg 150w, https:\/\/arkvietnam.com\/wp-content\/uploads\/2021\/11\/z2961890505060_57359896b05e32cf5594f2e6232d2934-12x12.jpg 12w, https:\/\/arkvietnam.com\/wp-content\/uploads\/2021\/11\/z2961890505060_57359896b05e32cf5594f2e6232d2934.jpg 600w\" sizes=\"auto, (max-width: 300px) 100vw, 300px\" \/>\t\t\t\t\t<\/div>\n\t\t\t\t<\/div>\n\t\t\t<\/div>\n\t\t\t\t<div class=\"icon-box-text last-reset\">\n\t\t\t\t\t\t\t\t\t\n\n\t<div id=\"text-1704293091\" class=\"text\">\n\t\t\n\n<p style=\"text-align: center;\">Receive our address and phone numbers.<\/p>\n\t\t\n<style>\n#text-1704293091 {\n  text-align: center;\n}\n<\/style>\n\t<\/div>\n\t\n\n\t\t<\/div>\n\t<\/div>\n\t<\/a>\n\t\n\n\t\t<\/div>\n\t\t\t\t\t<\/div>\n\n\t\n\n\t<div id=\"col-1769564200\" class=\"col medium-4 small-12 large-4\"  >\n\t\t\t\t<div class=\"col-inner\"  >\n\t\t\t\n\t\t\t\n\n\t<div id=\"text-1939170929\" class=\"text\">\n\t\t\n\n<h3>About us<\/h3>\n\t\t\n<style>\n#text-1939170929 {\n  text-align: center;\n}\n<\/style>\n\t<\/div>\n\t\n\n\t<a class=\"plain\" href=\"\/en\/about-us\/\" >\t<div class=\"icon-box featured-box icon-box-center text-center\"  >\n\t\t\t\t\t<div class=\"icon-box-img\" style=\"width: 110px\">\n\t\t\t\t<div class=\"icon\">\n\t\t\t\t\t<div class=\"icon-inner\" >\n\t\t\t\t\t\t<img loading=\"lazy\" decoding=\"async\" width=\"300\" height=\"300\" src=\"https:\/\/arkvietnam.com\/wp-content\/uploads\/2021\/11\/z2961890505067_071d10ca2381b68349e61538694528cf-300x300.jpg\" class=\"attachment-medium size-medium\" alt=\"\" srcset=\"https:\/\/arkvietnam.com\/wp-content\/uploads\/2021\/11\/z2961890505067_071d10ca2381b68349e61538694528cf-300x300.jpg 300w, https:\/\/arkvietnam.com\/wp-content\/uploads\/2021\/11\/z2961890505067_071d10ca2381b68349e61538694528cf-100x100.jpg 100w, https:\/\/arkvietnam.com\/wp-content\/uploads\/2021\/11\/z2961890505067_071d10ca2381b68349e61538694528cf-510x510.jpg 510w, https:\/\/arkvietnam.com\/wp-content\/uploads\/2021\/11\/z2961890505067_071d10ca2381b68349e61538694528cf-150x150.jpg 150w, https:\/\/arkvietnam.com\/wp-content\/uploads\/2021\/11\/z2961890505067_071d10ca2381b68349e61538694528cf-12x12.jpg 12w, https:\/\/arkvietnam.com\/wp-content\/uploads\/2021\/11\/z2961890505067_071d10ca2381b68349e61538694528cf.jpg 600w\" sizes=\"auto, (max-width: 300px) 100vw, 300px\" \/>\t\t\t\t\t<\/div>\n\t\t\t\t<\/div>\n\t\t\t<\/div>\n\t\t\t\t<div class=\"icon-box-text last-reset\">\n\t\t\t\t\t\t\t\t\t\n\n\t<div id=\"text-3445578382\" class=\"text\">\n\t\t\n\n<p style=\"text-align: center;\">Learn more about us.<\/p>\n\t\t\n<style>\n#text-3445578382 {\n  text-align: center;\n}\n<\/style>\n\t<\/div>\n\t\n\n\t\t<\/div>\n\t<\/div>\n\t<\/a>\n\t\n\n\t\t<\/div>\n\t\t\t\t\t<\/div>\n\n\t\n\n<\/div>\n<div class=\"container section-title-container\" ><h3 class=\"section-title section-title-center\"><b aria-hidden=\"true\"><\/b><span class=\"section-title-main\" style=\"color:rgb(58, 30, 127);\">PROTECT THE ENVIRONMENT WITH ARK VIETNAM<\/span><b aria-hidden=\"true\"><\/b><\/h3><\/div>","protected":false},"excerpt":{"rendered":"<p>D\u1ecaCH V\u1ee4 H\u1ed6 TR\u1ee2 K\u1ef8 THU\u1eacT H\u1ec6 TH\u1ed0NG X\u1eec L\u00dd B\u00d9N TH\u1ea2I ARK Vi\u1ec7t Nam t\u1ef1 h\u00e0o l\u00e0 \u0111\u01a1n v\u1ecb cung c\u1ea5p d\u1ecbch v\u1ee5 h\u1ed7 tr\u1ee3 k\u1ef9 thu\u1eadt, c\u01a1 s\u1edf h\u1ea1 t\u1ea7ng x\u1eed l\u00fd b\u00f9n th\u1ea3i. \u0110\u1ea3m b\u1ea3o uy t\u00edn, chuy\u00ean nghi\u1ec7p v\u1edbi \u0111\u1ed9i ng\u0169 nh\u00e2n s\u1ef1 v\u1eefng v\u00e0ng chuy\u00ean m\u00f4n, gi\u00e0u kinh nghi\u1ec7m. \u0110i&#8230;<\/p>","protected":false},"author":1,"featured_media":0,"parent":0,"menu_order":0,"comment_status":"closed","ping_status":"closed","template":"","meta":{"_acf_changed":false,"_gspb_post_css":"","footnotes":""},"class_list":["post-1640","page","type-page","status-publish","hentry"],"acf":[],"_links":{"self":[{"href":"https:\/\/arkvietnam.com\/en\/wp-json\/wp\/v2\/pages\/1640","targetHints":{"allow":["GET"]}}],"collection":[{"href":"https:\/\/arkvietnam.com\/en\/wp-json\/wp\/v2\/pages"}],"about":[{"href":"https:\/\/arkvietnam.com\/en\/wp-json\/wp\/v2\/types\/page"}],"author":[{"embeddable":true,"href":"https:\/\/arkvietnam.com\/en\/wp-json\/wp\/v2\/users\/1"}],"replies":[{"embeddable":true,"href":"https:\/\/arkvietnam.com\/en\/wp-json\/wp\/v2\/comments?post=1640"}],"version-history":[{"count":0,"href":"https:\/\/arkvietnam.com\/en\/wp-json\/wp\/v2\/pages\/1640\/revisions"}],"wp:attachment":[{"href":"https:\/\/arkvietnam.com\/en\/wp-json\/wp\/v2\/media?parent=1640"}],"curies":[{"name":"wp","href":"https:\/\/api.w.org\/{rel}","templated":true}]}}