{"id":1620,"date":"2022-01-03T05:44:40","date_gmt":"2022-01-03T05:44:40","guid":{"rendered":"https:\/\/arkvietnam.com\/?page_id=1620"},"modified":"2022-03-10T09:19:37","modified_gmt":"2022-03-10T02:19:37","slug":"maintenance-services-of-the-slude-dewatering-machine","status":"publish","type":"page","link":"https:\/\/arkvietnam.com\/en\/dich-vu-bao-tri-bao-duong-may-ep-bun\/","title":{"rendered":"Maintenance Services Of The Slude Dewatering Machine"},"content":{"rendered":"<h1 style=\"text-align: center;\"><strong>MAINTENANCE SERVICES OF THE SLUDE DEWATERING MACHINE<\/strong><\/h1>\n<p><strong>To ensure the machine operate stably and reliably, maintenance is a top priority. This work needs to be carried out regularly during the operation. In order to minimize the probability of incidents that may occur, causing economic losses to customers. ARK Vietnam provides routine maintenance services for sludge dewatering to all customers (including private and public enterprise).<\/strong><\/p>\n<h2><strong><span id=\"ly-do-nen-bao-duong-dinh-ky-may-phat-dien\">Reasons for periodic maintenance of sludge dewatering machine<\/span><\/strong><\/h2>\n<p>It is the most important terminal in the water and sludge treatment process.<\/p>\n<p>When the machine has a problem, it will affect the business process, production or other activities of the enterprise. Therefore, the machine must be ready to operate with the best performance!<\/p>\n<h3><strong><span id=\"giam-thieu-rui-ro-hong-hoc\">1. Minimize the risk of damage<\/span><\/strong><\/h3>\n<ul>\n<li>Regular maintenance helps increase machine lifetime<\/li>\n<li>Maintain stability every time you operate<\/li>\n<li>Minimize errors and damage during operation<\/li>\n<\/ul>\n<p>Regular maintenance increase the stability of all types of sludge dewatering machine, from any brand.<\/p>\n<h3><strong><span id=\"tiet-kiem-cac-khoan-chi-phi\">2. Cost saving<\/span><\/strong><\/h3>\n<p>When the maintenance of the sludge dewatering machine is negleted, not carried out periodically, the error rate in operation will be higher.<\/p>\n<p>Our service is more beneficial to your business than you think:<\/p>\n<ul>\n<li>Savings on operating costs<\/li>\n<li>Save the cost of repair and replacement of spare parts (if damage occurs)<\/li>\n<li>Save time (failure during operation)<\/li>\n<li>Production activities are not suspended, increasing production efficiency<\/li>\n<\/ul>\n<p>Therefore, the maintenance of sludge dewatering machine becomes more urgent than ever.<\/p>\n<p>When the mainternace is executed regularly, every 3 to 6 months, you can assure to operate without worrying too much about problems encountered during operation.<\/p>\n<h2><strong><span id=\"noi-dung-bao-tri-bao-duong\">Maintenance includes<\/span><\/strong><\/h2>\n<p>As the reasons mentioned above, in order to increase the lifetime of the machine, ensure smooth and trouble-free operation during operation. Businesses need to pay attention to the monitoring and periodic maintenance.<\/p>\n<h3><strong><span id=\"dong-co\">1. Motor<\/span><\/strong><\/h3>\n<p>The motor is where the power is generated to pull the entire system. It can be said that this is the most important part, which is <em>\"the heart\"<\/em> of the machine.<\/p>\n<p>Therefore, in order not to affect the operation, the engine needs to be closely monitored to avoid problems such as: motor jam due to lack of lubricating oil, ...<\/p>\n<h3><strong>2. Other important parts<\/strong><\/h3>\n<p>Depending on the type of sludge dewatering machine, it will include different parts.<\/p>\n<h4><em><strong>Parts of decanter centrifugal need maintenance:<\/strong><\/em><\/h4>\n<ul>\n<li>Screw<\/li>\n<li>Roller<\/li>\n<li>Centrifugal chamber<\/li>\n<li>Main motor<\/li>\n<li>Sub-motor<\/li>\n<li>Gear box<\/li>\n<li>Main\/sub motor temperature sensor<\/li>\n<li>Machine body<\/li>\n<li>Motor lubrication system.<\/li>\n<\/ul>\n<h4><em><strong>Components of screw-press machine need maintenance:<\/strong><\/em><\/h4>\n<ul>\n<li>Screw<\/li>\n<li>Slugde and polymer reactor<\/li>\n<li>Partial water filtration system and overflow valve<\/li>\n<li>Sludge feeding system<\/li>\n<li>Transmittor<\/li>\n<li>Screw driven motor<\/li>\n<li>Screw gearbox<\/li>\n<li>Mobile ring system<\/li>\n<li>Fixed ring system<\/li>\n<li>Water tank<\/li>\n<\/ul>\n<h4><em><strong>Components of the belt-press machine that need maintenance:<\/strong><\/em><\/h4>\n<ul>\n<li>Machine body<\/li>\n<li>Water tank<\/li>\n<li>Belt line<\/li>\n<li>Rollers<\/li>\n<li>Hydraulic Cylinders<\/li>\n<li>Washing system<\/li>\n<li>Belt line stretching system<\/li>\n<li>Gear system<\/li>\n<\/ul>\n<h4><em><strong>Parts of the filter-press machine need maintenance:<\/strong><\/em><\/h4>\n<ul>\n<li>Machine body<\/li>\n<li>Filter plate<\/li>\n<li>Filter cloth<\/li>\n<li>Hydraulic power pack<\/li>\n<li>Sludge conveyor<\/li>\n<li>Automatic sludge separation system<\/li>\n<li>Control cabinet<\/li>\n<\/ul>\n<h2><strong style=\"font-size: 23.04px;\"><span id=\"dich-vu-bao-tri-bao-duong-cua-may-phat-dien-mien-bac\">Maintenance service of sludge dewatering machine of ARK Vietnam<\/span><\/strong><\/h2>\n<ul>\n<li>Provide mainternace service of sludge dewatering machine with the best service quality.<\/li>\n<li>Always ensure the safety, cost savings and the most competitive price.<\/li>\n<li>Our maintenance service is tailored to the requirements of each business.<\/li>\n<li>Free all costs related to the process of surveying and consulting for customers.<\/li>\n<li>With a team of specialized and experienced technicians. Dedicated instructions on how to operate so that customers can handle the operation properly.<\/li>\n<li>There are transparent warranty policy.<\/li>\n<li>Rectify problems promptly and quickly during the warranty period.<\/li>\n<\/ul>\n\t<div id=\"gap-1579024240\" class=\"gap-element clearfix\" style=\"display:block; height:auto;\">\n\t\t\n<style>\n#gap-1579024240 {\n  padding-top: 30px;\n}\n<\/style>\n\t<\/div>\n\t\n\n<div class=\"container section-title-container\" ><h3 class=\"section-title section-title-center\"><b aria-hidden=\"true\"><\/b><span class=\"section-title-main\" style=\"color:rgb(58, 30, 127);\">ARK Vietnam<\/span><b aria-hidden=\"true\"><\/b><\/h3><\/div>\n\n\t<div id=\"text-2057838921\" class=\"text\">\n\t\t\n\n<p style=\"text-align: center;\"><span style=\"font-size: 130%;\">How can we help you ?<\/span><\/p>\n\t\t\n<style>\n#text-2057838921 {\n  text-align: center;\n}\n<\/style>\n\t<\/div>\n\t\n<div class=\"row\"  id=\"row-1634130590\">\n\n\n\t<div id=\"col-16830094\" class=\"col medium-4 small-12 large-4\"  >\n\t\t\t\t<div class=\"col-inner\"  >\n\t\t\t\n\t\t\t\n\n\t<div id=\"text-1702740361\" class=\"text\">\n\t\t\n\n<h3>Get a quote<\/h3>\n\t\t\n<style>\n#text-1702740361 {\n  text-align: center;\n}\n<\/style>\n\t<\/div>\n\t\n\n\t<a class=\"plain\" href=\"#tai-bao-gia\" >\t<div class=\"icon-box featured-box icon-box-center text-center\"  >\n\t\t\t\t\t<div class=\"icon-box-img\" style=\"width: 110px\">\n\t\t\t\t<div class=\"icon\">\n\t\t\t\t\t<div class=\"icon-inner\" >\n\t\t\t\t\t\t<img loading=\"lazy\" decoding=\"async\" width=\"300\" height=\"300\" src=\"https:\/\/arkvietnam.com\/wp-content\/uploads\/2021\/11\/z2961890500249_6a943e6102309506536c5e9a12322ddd-300x300.jpg\" class=\"attachment-medium size-medium\" alt=\"\" srcset=\"https:\/\/arkvietnam.com\/wp-content\/uploads\/2021\/11\/z2961890500249_6a943e6102309506536c5e9a12322ddd-300x300.jpg 300w, https:\/\/arkvietnam.com\/wp-content\/uploads\/2021\/11\/z2961890500249_6a943e6102309506536c5e9a12322ddd-100x100.jpg 100w, https:\/\/arkvietnam.com\/wp-content\/uploads\/2021\/11\/z2961890500249_6a943e6102309506536c5e9a12322ddd-510x510.jpg 510w, https:\/\/arkvietnam.com\/wp-content\/uploads\/2021\/11\/z2961890500249_6a943e6102309506536c5e9a12322ddd-150x150.jpg 150w, https:\/\/arkvietnam.com\/wp-content\/uploads\/2021\/11\/z2961890500249_6a943e6102309506536c5e9a12322ddd-12x12.jpg 12w, https:\/\/arkvietnam.com\/wp-content\/uploads\/2021\/11\/z2961890500249_6a943e6102309506536c5e9a12322ddd.jpg 600w\" sizes=\"auto, (max-width: 300px) 100vw, 300px\" \/>\t\t\t\t\t<\/div>\n\t\t\t\t<\/div>\n\t\t\t<\/div>\n\t\t\t\t<div class=\"icon-box-text last-reset\">\n\t\t\t\t\t\t\t\t\t\n\n<p style=\"text-align: center;\">Receive a quote for our products and services.<\/p>\n\n\t\t<\/div>\n\t<\/div>\n\t<\/a>\n\t\n\n\t\t<\/div>\n\t\t\t\t\t<\/div>\n\n\t\n\n\t<div id=\"col-1775202067\" class=\"col medium-4 small-12 large-4\"  >\n\t\t\t\t<div class=\"col-inner\"  >\n\t\t\t\n\t\t\t\n\n\t<div id=\"text-3564605802\" class=\"text\">\n\t\t\n\n<h3>Offices &amp; Factory<\/h3>\n\t\t\n<style>\n#text-3564605802 {\n  text-align: center;\n}\n<\/style>\n\t<\/div>\n\t\n\n\t<a class=\"plain\" href=\"\/en\/contact\/\" >\t<div class=\"icon-box featured-box icon-box-center text-center\"  >\n\t\t\t\t\t<div class=\"icon-box-img\" style=\"width: 110px\">\n\t\t\t\t<div class=\"icon\">\n\t\t\t\t\t<div class=\"icon-inner\" >\n\t\t\t\t\t\t<img loading=\"lazy\" decoding=\"async\" width=\"300\" height=\"300\" src=\"https:\/\/arkvietnam.com\/wp-content\/uploads\/2021\/11\/z2961890505060_57359896b05e32cf5594f2e6232d2934-300x300.jpg\" class=\"attachment-medium size-medium\" alt=\"\" srcset=\"https:\/\/arkvietnam.com\/wp-content\/uploads\/2021\/11\/z2961890505060_57359896b05e32cf5594f2e6232d2934-300x300.jpg 300w, https:\/\/arkvietnam.com\/wp-content\/uploads\/2021\/11\/z2961890505060_57359896b05e32cf5594f2e6232d2934-100x100.jpg 100w, https:\/\/arkvietnam.com\/wp-content\/uploads\/2021\/11\/z2961890505060_57359896b05e32cf5594f2e6232d2934-510x510.jpg 510w, https:\/\/arkvietnam.com\/wp-content\/uploads\/2021\/11\/z2961890505060_57359896b05e32cf5594f2e6232d2934-150x150.jpg 150w, https:\/\/arkvietnam.com\/wp-content\/uploads\/2021\/11\/z2961890505060_57359896b05e32cf5594f2e6232d2934-12x12.jpg 12w, https:\/\/arkvietnam.com\/wp-content\/uploads\/2021\/11\/z2961890505060_57359896b05e32cf5594f2e6232d2934.jpg 600w\" sizes=\"auto, (max-width: 300px) 100vw, 300px\" \/>\t\t\t\t\t<\/div>\n\t\t\t\t<\/div>\n\t\t\t<\/div>\n\t\t\t\t<div class=\"icon-box-text last-reset\">\n\t\t\t\t\t\t\t\t\t\n\n\t<div id=\"text-838965865\" class=\"text\">\n\t\t\n\n<p style=\"text-align: center;\">Receive our address and phone numbers.<\/p>\n\t\t\n<style>\n#text-838965865 {\n  text-align: center;\n}\n<\/style>\n\t<\/div>\n\t\n\n\t\t<\/div>\n\t<\/div>\n\t<\/a>\n\t\n\n\t\t<\/div>\n\t\t\t\t\t<\/div>\n\n\t\n\n\t<div id=\"col-171374517\" class=\"col medium-4 small-12 large-4\"  >\n\t\t\t\t<div class=\"col-inner\"  >\n\t\t\t\n\t\t\t\n\n\t<div id=\"text-3271749465\" class=\"text\">\n\t\t\n\n<h3>About us<\/h3>\n\t\t\n<style>\n#text-3271749465 {\n  text-align: center;\n}\n<\/style>\n\t<\/div>\n\t\n\n\t<a class=\"plain\" href=\"\/en\/about-us\/\" >\t<div class=\"icon-box featured-box icon-box-center text-center\"  >\n\t\t\t\t\t<div class=\"icon-box-img\" style=\"width: 110px\">\n\t\t\t\t<div class=\"icon\">\n\t\t\t\t\t<div class=\"icon-inner\" >\n\t\t\t\t\t\t<img loading=\"lazy\" decoding=\"async\" width=\"300\" height=\"300\" src=\"https:\/\/arkvietnam.com\/wp-content\/uploads\/2021\/11\/z2961890505067_071d10ca2381b68349e61538694528cf-300x300.jpg\" class=\"attachment-medium size-medium\" alt=\"\" srcset=\"https:\/\/arkvietnam.com\/wp-content\/uploads\/2021\/11\/z2961890505067_071d10ca2381b68349e61538694528cf-300x300.jpg 300w, https:\/\/arkvietnam.com\/wp-content\/uploads\/2021\/11\/z2961890505067_071d10ca2381b68349e61538694528cf-100x100.jpg 100w, https:\/\/arkvietnam.com\/wp-content\/uploads\/2021\/11\/z2961890505067_071d10ca2381b68349e61538694528cf-510x510.jpg 510w, https:\/\/arkvietnam.com\/wp-content\/uploads\/2021\/11\/z2961890505067_071d10ca2381b68349e61538694528cf-150x150.jpg 150w, https:\/\/arkvietnam.com\/wp-content\/uploads\/2021\/11\/z2961890505067_071d10ca2381b68349e61538694528cf-12x12.jpg 12w, https:\/\/arkvietnam.com\/wp-content\/uploads\/2021\/11\/z2961890505067_071d10ca2381b68349e61538694528cf.jpg 600w\" sizes=\"auto, (max-width: 300px) 100vw, 300px\" \/>\t\t\t\t\t<\/div>\n\t\t\t\t<\/div>\n\t\t\t<\/div>\n\t\t\t\t<div class=\"icon-box-text last-reset\">\n\t\t\t\t\t\t\t\t\t\n\n\t<div id=\"text-3992081097\" class=\"text\">\n\t\t\n\n<p style=\"text-align: center;\">Learn more about us.<\/p>\n\t\t\n<style>\n#text-3992081097 {\n  text-align: center;\n}\n<\/style>\n\t<\/div>\n\t\n\n\t\t<\/div>\n\t<\/div>\n\t<\/a>\n\t\n\n\t\t<\/div>\n\t\t\t\t\t<\/div>\n\n\t\n\n<\/div>\n<div class=\"container section-title-container\" ><h3 class=\"section-title section-title-center\"><b aria-hidden=\"true\"><\/b><span class=\"section-title-main\" style=\"color:rgb(58, 30, 127);\">PROTECT THE ENVIRONMENT WITH ARK VIETNAM<\/span><b aria-hidden=\"true\"><\/b><\/h3><\/div>","protected":false},"excerpt":{"rendered":"<p>D\u1ecaCH V\u1ee4 B\u1ea2O TR\u00cc, B\u1ea2O D\u01af\u1ee0NG M\u00c1Y \u00c9P B\u00d9N \u0110\u1ec3 m\u00e1y ho\u1ea1t \u0111\u1ed9ng b\u1ec1n b\u1ec9, \u1ed5n \u0111\u1ecbnh, b\u1ea3o tr\u00ec b\u1ea3o d\u01b0\u1ee1ng l\u00e0 \u01b0u ti\u00ean h\u00e0ng \u0111\u1ea7u. C\u00f4ng t\u00e1c n\u00e0y c\u1ea7n ph\u1ea3i ti\u1ebfn h\u00e0nh th\u01b0\u1eddng xuy\u00ean trong qu\u00e1 tr\u00ecnh s\u1eed d\u1ee5ng. Nh\u1eb1m gi\u1ea3m thi\u1ec3u x\u00e1c su\u1ea5t s\u1ef1 c\u1ed1 c\u00f3 th\u1ec3 x\u1ea3y ra, g\u00e2y thi\u1ec7t h\u1ea1i kinh&#8230;<\/p>","protected":false},"author":1,"featured_media":0,"parent":0,"menu_order":0,"comment_status":"closed","ping_status":"closed","template":"","meta":{"_acf_changed":false,"_gspb_post_css":"","footnotes":""},"class_list":["post-1620","page","type-page","status-publish","hentry"],"acf":[],"_links":{"self":[{"href":"https:\/\/arkvietnam.com\/en\/wp-json\/wp\/v2\/pages\/1620","targetHints":{"allow":["GET"]}}],"collection":[{"href":"https:\/\/arkvietnam.com\/en\/wp-json\/wp\/v2\/pages"}],"about":[{"href":"https:\/\/arkvietnam.com\/en\/wp-json\/wp\/v2\/types\/page"}],"author":[{"embeddable":true,"href":"https:\/\/arkvietnam.com\/en\/wp-json\/wp\/v2\/users\/1"}],"replies":[{"embeddable":true,"href":"https:\/\/arkvietnam.com\/en\/wp-json\/wp\/v2\/comments?post=1620"}],"version-history":[{"count":0,"href":"https:\/\/arkvietnam.com\/en\/wp-json\/wp\/v2\/pages\/1620\/revisions"}],"wp:attachment":[{"href":"https:\/\/arkvietnam.com\/en\/wp-json\/wp\/v2\/media?parent=1620"}],"curies":[{"name":"wp","href":"https:\/\/api.w.org\/{rel}","templated":true}]}}