{"id":15,"date":"2021-11-26T06:31:56","date_gmt":"2021-11-26T06:31:56","guid":{"rendered":"http:\/\/localhost\/ark-vn\/?page_id=15"},"modified":"2022-01-05T03:40:50","modified_gmt":"2022-01-05T03:40:50","slug":"warranty-policy","status":"publish","type":"page","link":"https:\/\/arkvietnam.com\/en\/chinh-sach-bao-hanh\/","title":{"rendered":"Warranty Policy"},"content":{"rendered":"<h1 style=\"text-align: center;\"><strong>WARRANTY METHOD<\/strong><\/h1>\r\n<h3><strong>Our policy<\/strong><\/h3>\r\n<p><strong>ARK Vietnam<\/strong> always do our best to bring the best service experience to customers. <em>Warranty Policy<\/em> is an indispensable part. We understand that in some force majeure cases, including both objective and subjective factors, you are not satisfied with the ordered product or have a need to change it. We always respect your decision and are dedicated to support with a policy of satisfaction and convenience.<\/p>\r\n<p><img loading=\"lazy\" decoding=\"async\" class=\"wp-image-628 aligncenter\" src=\"https:\/\/arkvietnam.com\/wp-content\/uploads\/2021\/11\/Chinh-sach-doi-tra-300x187.png\" alt=\"\" width=\"350\" height=\"218\" srcset=\"https:\/\/arkvietnam.com\/wp-content\/uploads\/2021\/11\/Chinh-sach-doi-tra-300x187.png 300w, https:\/\/arkvietnam.com\/wp-content\/uploads\/2021\/11\/Chinh-sach-doi-tra-510x318.png 510w, https:\/\/arkvietnam.com\/wp-content\/uploads\/2021\/11\/Chinh-sach-doi-tra-768x479.png 768w, https:\/\/arkvietnam.com\/wp-content\/uploads\/2021\/11\/Chinh-sach-doi-tra-18x12.png 18w, https:\/\/arkvietnam.com\/wp-content\/uploads\/2021\/11\/Chinh-sach-doi-tra-600x375.png 600w, https:\/\/arkvietnam.com\/wp-content\/uploads\/2021\/11\/Chinh-sach-doi-tra.png 801w\" sizes=\"auto, (max-width: 350px) 100vw, 350px\" \/><\/p>\r\n<p>ARK Vietnam always tries to simplify the warranty process, so as to save customers' time and money to the maximum. Below are our warranty options, to help customers understand their rights. Of course other remedies are included\u00a0<a href=\"https:\/\/thuvienphapluat.vn\/van-ban\/Thuong-mai\/Luat-bao-ve-quyen-loi-nguoi-tieu-dung-2010-115251.aspx\" target=\"_blank\" rel=\"noopener\"><em>Law protect the interests of consumers<\/em><\/a>.<\/p>\r\n<p>This policy is our overarching policy for all products. However, it can be adjusted depending on the actual situation of each specific case.<\/p>\r\n<h3><strong>Product is defective by the manufacturer\u00a0<\/strong><\/h3>\r\n<p>Although we always test products during production and run tests before packing. However, it is not possible to 100% guarantee that there will be no unnecessary errors caused by the production line.<\/p>\r\n<p>When this is the case, please contact us via our 24\/7 customer service hotline. After confirming the error caused by ARK Vietnam, you will be supported to replace the incorrect parts. All costs incurred are solely our responsibility.<\/p>\r\n<h3><strong>Damaged by transportation<\/strong><\/h3>\r\n<p>Similar to the above, customers please contact us via our 24\/7 customer service hotline. After confirming the error caused by the transportation unit, you will be replaced and repaired the damaged parts, ensuring the equipment returns to its original state. All costs incurred are solely our responsibility.<\/p>\r\n<h3><strong>The product has an error when operating within the warranty period<\/strong><\/h3>\r\n<p>When the product has a problem during the warranty period, our technical team will come to the place to check the damaged status. Repair work will be carried out quickly and easily thanks to spare parts available in Vietnam, skilled repair team, and long experience.<\/p>\r\n<h3><strong>You change your mind<\/strong><\/h3>\r\n<p>In case that during the inspection of the machine after placing an order, you change your mind because our product does not match the factory condition. Or simply your purpose has changed. Please contact us directly via the hotline or talk directly with the consulting team of ARK Vietnam.\u00a0<\/p>\r\n<p>After discussion and agreement between the two parties, we are ready to meet the needs of how to exchange for another item that you require.<\/p>\r\n<p>All shipping costs for return orders in this case will be paid by the customer.<\/p>\r\n<h3><em>For any other questions about Warranty, please contact directly at Hotline: <a href=\"tel:0977675754\">0977.675.754<\/a> (Mr Tr\u00fac).<\/em><\/h3>\r\n\t<div id=\"gap-1936380248\" class=\"gap-element clearfix\" style=\"display:block; height:auto;\">\n\t\t\n<style>\n#gap-1936380248 {\n  padding-top: 30px;\n}\n<\/style>\n\t<\/div>\n\t\n\n<div class=\"container section-title-container\" ><h3 class=\"section-title section-title-center\"><b aria-hidden=\"true\"><\/b><span class=\"section-title-main\" style=\"color:rgb(58, 30, 127);\">ARK Vietnam<\/span><b aria-hidden=\"true\"><\/b><\/h3><\/div>\n\n\t<div id=\"text-887797910\" class=\"text\">\n\t\t\n\n<p style=\"text-align: center;\"><span style=\"font-size: 130%;\">How can we help you ?<\/span><\/p>\n\t\t\n<style>\n#text-887797910 {\n  text-align: center;\n}\n<\/style>\n\t<\/div>\n\t\n<div class=\"row\"  id=\"row-1573656040\">\n\n\n\t<div id=\"col-364406905\" class=\"col medium-4 small-12 large-4\"  >\n\t\t\t\t<div class=\"col-inner\"  >\n\t\t\t\n\t\t\t\n\n\t<div id=\"text-2161545368\" class=\"text\">\n\t\t\n\n<h3>Get a quote<\/h3>\n\t\t\n<style>\n#text-2161545368 {\n  text-align: center;\n}\n<\/style>\n\t<\/div>\n\t\n\n\t<a class=\"plain\" href=\"#tai-bao-gia\" >\t<div class=\"icon-box featured-box icon-box-center text-center\"  >\n\t\t\t\t\t<div class=\"icon-box-img\" style=\"width: 110px\">\n\t\t\t\t<div class=\"icon\">\n\t\t\t\t\t<div class=\"icon-inner\" >\n\t\t\t\t\t\t<img loading=\"lazy\" decoding=\"async\" width=\"300\" height=\"300\" src=\"https:\/\/arkvietnam.com\/wp-content\/uploads\/2021\/11\/z2961890500249_6a943e6102309506536c5e9a12322ddd-300x300.jpg\" class=\"attachment-medium size-medium\" alt=\"\" srcset=\"https:\/\/arkvietnam.com\/wp-content\/uploads\/2021\/11\/z2961890500249_6a943e6102309506536c5e9a12322ddd-300x300.jpg 300w, https:\/\/arkvietnam.com\/wp-content\/uploads\/2021\/11\/z2961890500249_6a943e6102309506536c5e9a12322ddd-100x100.jpg 100w, https:\/\/arkvietnam.com\/wp-content\/uploads\/2021\/11\/z2961890500249_6a943e6102309506536c5e9a12322ddd-510x510.jpg 510w, https:\/\/arkvietnam.com\/wp-content\/uploads\/2021\/11\/z2961890500249_6a943e6102309506536c5e9a12322ddd-150x150.jpg 150w, https:\/\/arkvietnam.com\/wp-content\/uploads\/2021\/11\/z2961890500249_6a943e6102309506536c5e9a12322ddd-12x12.jpg 12w, https:\/\/arkvietnam.com\/wp-content\/uploads\/2021\/11\/z2961890500249_6a943e6102309506536c5e9a12322ddd.jpg 600w\" sizes=\"auto, (max-width: 300px) 100vw, 300px\" \/>\t\t\t\t\t<\/div>\n\t\t\t\t<\/div>\n\t\t\t<\/div>\n\t\t\t\t<div class=\"icon-box-text last-reset\">\n\t\t\t\t\t\t\t\t\t\n\n<p style=\"text-align: center;\">Receive a quote for our products and services.<\/p>\n\n\t\t<\/div>\n\t<\/div>\n\t<\/a>\n\t\n\n\t\t<\/div>\n\t\t\t\t\t<\/div>\n\n\t\n\n\t<div id=\"col-1689024454\" class=\"col medium-4 small-12 large-4\"  >\n\t\t\t\t<div class=\"col-inner\"  >\n\t\t\t\n\t\t\t\n\n\t<div id=\"text-3342909456\" class=\"text\">\n\t\t\n\n<h3>Offices &amp; Factory<\/h3>\n\t\t\n<style>\n#text-3342909456 {\n  text-align: center;\n}\n<\/style>\n\t<\/div>\n\t\n\n\t<a class=\"plain\" href=\"\/en\/contact\/\" >\t<div class=\"icon-box featured-box icon-box-center text-center\"  >\n\t\t\t\t\t<div class=\"icon-box-img\" style=\"width: 110px\">\n\t\t\t\t<div class=\"icon\">\n\t\t\t\t\t<div class=\"icon-inner\" >\n\t\t\t\t\t\t<img loading=\"lazy\" decoding=\"async\" width=\"300\" height=\"300\" src=\"https:\/\/arkvietnam.com\/wp-content\/uploads\/2021\/11\/z2961890505060_57359896b05e32cf5594f2e6232d2934-300x300.jpg\" class=\"attachment-medium size-medium\" alt=\"\" srcset=\"https:\/\/arkvietnam.com\/wp-content\/uploads\/2021\/11\/z2961890505060_57359896b05e32cf5594f2e6232d2934-300x300.jpg 300w, https:\/\/arkvietnam.com\/wp-content\/uploads\/2021\/11\/z2961890505060_57359896b05e32cf5594f2e6232d2934-100x100.jpg 100w, https:\/\/arkvietnam.com\/wp-content\/uploads\/2021\/11\/z2961890505060_57359896b05e32cf5594f2e6232d2934-510x510.jpg 510w, https:\/\/arkvietnam.com\/wp-content\/uploads\/2021\/11\/z2961890505060_57359896b05e32cf5594f2e6232d2934-150x150.jpg 150w, https:\/\/arkvietnam.com\/wp-content\/uploads\/2021\/11\/z2961890505060_57359896b05e32cf5594f2e6232d2934-12x12.jpg 12w, https:\/\/arkvietnam.com\/wp-content\/uploads\/2021\/11\/z2961890505060_57359896b05e32cf5594f2e6232d2934.jpg 600w\" sizes=\"auto, (max-width: 300px) 100vw, 300px\" \/>\t\t\t\t\t<\/div>\n\t\t\t\t<\/div>\n\t\t\t<\/div>\n\t\t\t\t<div class=\"icon-box-text last-reset\">\n\t\t\t\t\t\t\t\t\t\n\n\t<div id=\"text-1942710546\" class=\"text\">\n\t\t\n\n<p style=\"text-align: center;\">Receive our address and phone numbers.<\/p>\n\t\t\n<style>\n#text-1942710546 {\n  text-align: center;\n}\n<\/style>\n\t<\/div>\n\t\n\n\t\t<\/div>\n\t<\/div>\n\t<\/a>\n\t\n\n\t\t<\/div>\n\t\t\t\t\t<\/div>\n\n\t\n\n\t<div id=\"col-1640009301\" class=\"col medium-4 small-12 large-4\"  >\n\t\t\t\t<div class=\"col-inner\"  >\n\t\t\t\n\t\t\t\n\n\t<div id=\"text-3600703856\" class=\"text\">\n\t\t\n\n<h3>About us<\/h3>\n\t\t\n<style>\n#text-3600703856 {\n  text-align: center;\n}\n<\/style>\n\t<\/div>\n\t\n\n\t<a class=\"plain\" href=\"\/en\/about-us\/\" >\t<div class=\"icon-box featured-box icon-box-center text-center\"  >\n\t\t\t\t\t<div class=\"icon-box-img\" style=\"width: 110px\">\n\t\t\t\t<div class=\"icon\">\n\t\t\t\t\t<div class=\"icon-inner\" >\n\t\t\t\t\t\t<img loading=\"lazy\" decoding=\"async\" width=\"300\" height=\"300\" src=\"https:\/\/arkvietnam.com\/wp-content\/uploads\/2021\/11\/z2961890505067_071d10ca2381b68349e61538694528cf-300x300.jpg\" class=\"attachment-medium size-medium\" alt=\"\" srcset=\"https:\/\/arkvietnam.com\/wp-content\/uploads\/2021\/11\/z2961890505067_071d10ca2381b68349e61538694528cf-300x300.jpg 300w, https:\/\/arkvietnam.com\/wp-content\/uploads\/2021\/11\/z2961890505067_071d10ca2381b68349e61538694528cf-100x100.jpg 100w, https:\/\/arkvietnam.com\/wp-content\/uploads\/2021\/11\/z2961890505067_071d10ca2381b68349e61538694528cf-510x510.jpg 510w, https:\/\/arkvietnam.com\/wp-content\/uploads\/2021\/11\/z2961890505067_071d10ca2381b68349e61538694528cf-150x150.jpg 150w, https:\/\/arkvietnam.com\/wp-content\/uploads\/2021\/11\/z2961890505067_071d10ca2381b68349e61538694528cf-12x12.jpg 12w, https:\/\/arkvietnam.com\/wp-content\/uploads\/2021\/11\/z2961890505067_071d10ca2381b68349e61538694528cf.jpg 600w\" sizes=\"auto, (max-width: 300px) 100vw, 300px\" \/>\t\t\t\t\t<\/div>\n\t\t\t\t<\/div>\n\t\t\t<\/div>\n\t\t\t\t<div class=\"icon-box-text last-reset\">\n\t\t\t\t\t\t\t\t\t\n\n\t<div id=\"text-3206120254\" class=\"text\">\n\t\t\n\n<p style=\"text-align: center;\">Learn more about us.<\/p>\n\t\t\n<style>\n#text-3206120254 {\n  text-align: center;\n}\n<\/style>\n\t<\/div>\n\t\n\n\t\t<\/div>\n\t<\/div>\n\t<\/a>\n\t\n\n\t\t<\/div>\n\t\t\t\t\t<\/div>\n\n\t\n\n<\/div>\n<div class=\"container section-title-container\" ><h3 class=\"section-title section-title-center\"><b aria-hidden=\"true\"><\/b><span class=\"section-title-main\" style=\"color:rgb(58, 30, 127);\">PROTECT THE ENVIRONMENT WITH ARK VIETNAM<\/span><b aria-hidden=\"true\"><\/b><\/h3><\/div>","protected":false},"excerpt":{"rendered":"<p>PH\u01af\u01a0NG TH\u1ee8C B\u1ea2O H\u00c0NH Ph\u01b0\u01a1ng ch\u00e2m c\u1ee7a ch\u00fang t\u00f4i ARK Vi\u1ec7t Nam lu\u00f4n l\u00e0m h\u1ebft kh\u1ea3 n\u0103ng \u0111\u1ec3 mang \u0111\u1ebfn tr\u1ea3i nghi\u1ec7m d\u1ecbch v\u1ee5 t\u1ed1t nh\u1ea5t cho kh\u00e1ch h\u00e0ng. Trong \u0111\u00f3 b\u1ea3o h\u00e0nh s\u1ea3n ph\u1ea9m l\u00e0 m\u1ed9t ph\u1ea7n quan tr\u1ecdng kh\u00f4ng th\u1ec3 thi\u1ebfu. Ch\u00fang t\u00f4i hi\u1ec3u r\u1eb1ng trong m\u1ed9t v\u00e0i tr\u01b0\u1eddng h\u1ee3p b\u1ea5t kh\u1ea3 kh\u00e1ng,&#8230;<\/p>","protected":false},"author":1,"featured_media":628,"parent":0,"menu_order":0,"comment_status":"closed","ping_status":"closed","template":"","meta":{"_acf_changed":false,"_gspb_post_css":"","footnotes":""},"class_list":["post-15","page","type-page","status-publish","has-post-thumbnail","hentry"],"acf":[],"_links":{"self":[{"href":"https:\/\/arkvietnam.com\/en\/wp-json\/wp\/v2\/pages\/15","targetHints":{"allow":["GET"]}}],"collection":[{"href":"https:\/\/arkvietnam.com\/en\/wp-json\/wp\/v2\/pages"}],"about":[{"href":"https:\/\/arkvietnam.com\/en\/wp-json\/wp\/v2\/types\/page"}],"author":[{"embeddable":true,"href":"https:\/\/arkvietnam.com\/en\/wp-json\/wp\/v2\/users\/1"}],"replies":[{"embeddable":true,"href":"https:\/\/arkvietnam.com\/en\/wp-json\/wp\/v2\/comments?post=15"}],"version-history":[{"count":0,"href":"https:\/\/arkvietnam.com\/en\/wp-json\/wp\/v2\/pages\/15\/revisions"}],"wp:featuredmedia":[{"embeddable":true,"href":"https:\/\/arkvietnam.com\/en\/wp-json\/wp\/v2\/media\/628"}],"wp:attachment":[{"href":"https:\/\/arkvietnam.com\/en\/wp-json\/wp\/v2\/media?parent=15"}],"curies":[{"name":"wp","href":"https:\/\/api.w.org\/{rel}","templated":true}]}}