{"id":1210,"date":"2021-12-27T02:08:50","date_gmt":"2021-12-27T02:08:50","guid":{"rendered":"https:\/\/arkvietnam.com\/?page_id=1210"},"modified":"2022-11-25T08:31:32","modified_gmt":"2022-11-25T01:31:32","slug":"operational-guidance","status":"publish","type":"page","link":"https:\/\/arkvietnam.com\/en\/huong-dan-van-hanh\/","title":{"rendered":"Operation Guidance"},"content":{"rendered":"<section class=\"section dark\" id=\"section_834504526\">\n\t\t<div class=\"section-bg fill\" >\n\t\t\t<img loading=\"lazy\" decoding=\"async\" width=\"1542\" height=\"450\" src=\"https:\/\/arkvietnam.com\/wp-content\/uploads\/2021\/12\/category_post-1624904858-banner_congnghe.jpg\" class=\"bg attachment-original size-original\" alt=\"\" \/>\t\t\t\t\t\t\n\t\t\t\n\n\t\t<\/div>\n\n\t\t\n\n\t\t<div class=\"section-content relative\">\n\t\t\t\n<div class=\"row align-center row-box-shadow-2\"  id=\"row-916834561\">\n\n\t<div id=\"col-2010126718\" class=\"col medium-11 small-12 large-9\"  >\n\t\t\t\t<div class=\"col-inner\" style=\"background-color:rgba(1, 39, 78, 0.517);\" >\n\t\t\t\n\t\t\t\n\t<div id=\"text-2953593898\" class=\"text\">\n\t\t\n<h2><span style=\"font-size: 100%;\">OPERATIONAL GUIDANCE SERVICE FOR SLUDGE DEWATERING MACHINE<\/span><\/h2>\n\t\t\n<style>\n#text-2953593898 {\n  text-align: center;\n}\n<\/style>\n\t<\/div>\n\t\n<div class=\"text-center\"><div class=\"is-divider divider clearfix\" style=\"max-width:100px;height:5px;\"><\/div><\/div>\n\t<div id=\"text-1099743274\" class=\"text\">\n\t\t\n<p style=\"text-align: left;\">ARK Vietnam provides services to help you install, support the operation and use of all mud press equipment in the most dedicated way. Our goal is to achieve an effective technology transference to customers.<\/p>\n<p style=\"text-align: left;\">Machine operation support service can be separated or included in the after-sales package when customers buying ARK's sludge dewatering machines. If you have not found a manufacturer supporting installation of sludge presses for your wastewater treatment system, do not hesitate to contact us immediately.<\/p>\n\t\t\n<style>\n#text-1099743274 {\n  text-align: center;\n}\n<\/style>\n\t<\/div>\n\t\n\t\t<\/div>\n\t\t\t\t\n<style>\n#col-2010126718 > .col-inner {\n  padding: 10px 10px 10px 10px;\n}\n<\/style>\n\t<\/div>\n\n\t\n<\/div>\n\t\t<\/div>\n\n\t\t\n<style>\n#section_834504526 {\n  padding-top: 30px;\n  padding-bottom: 30px;\n  min-height: 350px;\n  background-color: rgba(1, 39, 78, 0.669);\n}\n<\/style>\n\t<\/section>\n\t\n\n\t<section class=\"section\" id=\"section_461371488\">\n\t\t<div class=\"section-bg fill\" >\n\t\t\t\t\t\t\t\t\t\n\t\t\t\n\n\t\t<\/div>\n\n\t\t\n\n\t\t<div class=\"section-content relative\">\n\t\t\t\n\t<div id=\"gap-899857924\" class=\"gap-element clearfix\" style=\"display:block; height:auto;\">\n\t\t\n<style>\n#gap-899857924 {\n  padding-top: 30px;\n}\n<\/style>\n\t<\/div>\n\t\n<div class=\"row row-large align-middle\" style=\"max-width:1300px\" id=\"row-1897222369\">\n\n\t<div id=\"col-65714995\" class=\"col medium-12 small-12 large-7\"  data-animate=\"fadeInLeft\">\n\t\t\t\t<div class=\"col-inner\"  >\n\t\t\t\n\t\t\t\n<div class=\"slider-wrapper relative\" id=\"slider-329409951\" >\n    <div class=\"slider slider-nav-simple slider-nav-normal slider-nav-light slider-style-normal slider-show-nav\"\n        data-flickity-options='{            \"cellAlign\": \"center\",            \"imagesLoaded\": true,            \"lazyLoad\": 1,            \"freeScroll\": false,            \"wrapAround\": true,            \"autoPlay\": 4000,            \"pauseAutoPlayOnHover\" : false,            \"prevNextButtons\": true,            \"contain\" : true,            \"adaptiveHeight\" : true,            \"dragThreshold\" : 10,            \"percentPosition\": true,            \"pageDots\": false,            \"rightToLeft\": false,            \"draggable\": true,            \"selectedAttraction\": 0.1,            \"parallax\" : 0,            \"friction\": 0.6        }'\n        >\n        \n\n  <div class=\"banner has-hover\" id=\"banner-1978900631\">\n          <div class=\"banner-inner fill\">\n        <div class=\"banner-bg fill\" >\n            <img loading=\"lazy\" decoding=\"async\" width=\"700\" height=\"500\" src=\"https:\/\/arkvietnam.com\/wp-content\/uploads\/2021\/12\/huong-dan-van-hanh-slide-1.jpg\" class=\"bg attachment-large size-large\" alt=\"\" \/>                                    \n                    <\/div>\n\t\t\n        <div class=\"banner-layers container\">\n            <div class=\"fill banner-link\"><\/div>            \n        <\/div>\n      <\/div>\n\n            \n<style>\n#banner-1978900631 {\n  padding-top: 300px;\n  background-color: rgb(255, 255, 255);\n}\n@media (min-width:550px) {\n  #banner-1978900631 {\n    padding-top: 500px;\n  }\n}\n<\/style>\n  <\/div>\n\n\n\n  <div class=\"banner has-hover\" id=\"banner-799666372\">\n          <div class=\"banner-inner fill\">\n        <div class=\"banner-bg fill\" >\n            <img loading=\"lazy\" decoding=\"async\" width=\"700\" height=\"500\" src=\"https:\/\/arkvietnam.com\/wp-content\/uploads\/2021\/12\/huong-dan-van-hanh-slide-2.jpg\" class=\"bg attachment-large size-large\" alt=\"\" \/>                                    \n                    <\/div>\n\t\t\n        <div class=\"banner-layers container\">\n            <div class=\"fill banner-link\"><\/div>            \n        <\/div>\n      <\/div>\n\n            \n<style>\n#banner-799666372 {\n  padding-top: 300px;\n  background-color: rgb(255, 255, 255);\n}\n@media (min-width:550px) {\n  #banner-799666372 {\n    padding-top: 500px;\n  }\n}\n<\/style>\n  <\/div>\n\n\n\n  <div class=\"banner has-hover\" id=\"banner-1569189701\">\n          <div class=\"banner-inner fill\">\n        <div class=\"banner-bg fill\" >\n            <img loading=\"lazy\" decoding=\"async\" width=\"700\" height=\"500\" src=\"https:\/\/arkvietnam.com\/wp-content\/uploads\/2021\/12\/huong-dan-van-hanh-slide-3.jpg\" class=\"bg attachment-large size-large\" alt=\"\" \/>                                    \n                    <\/div>\n\t\t\n        <div class=\"banner-layers container\">\n            <div class=\"fill banner-link\"><\/div>            \n        <\/div>\n      <\/div>\n\n            \n<style>\n#banner-1569189701 {\n  padding-top: 300px;\n  background-color: rgb(255, 255, 255);\n}\n@media (min-width:550px) {\n  #banner-1569189701 {\n    padding-top: 500px;\n  }\n}\n<\/style>\n  <\/div>\n\n\n\n  <div class=\"banner has-hover\" id=\"banner-1487997026\">\n          <div class=\"banner-inner fill\">\n        <div class=\"banner-bg fill\" >\n            <img loading=\"lazy\" decoding=\"async\" width=\"700\" height=\"500\" src=\"https:\/\/arkvietnam.com\/wp-content\/uploads\/2021\/12\/huong-dan-van-hanh-slide-4.jpg\" class=\"bg attachment-large size-large\" alt=\"\" \/>                                    \n                    <\/div>\n\t\t\n        <div class=\"banner-layers container\">\n            <div class=\"fill banner-link\"><\/div>            \n        <\/div>\n      <\/div>\n\n            \n<style>\n#banner-1487997026 {\n  padding-top: 300px;\n  background-color: rgb(255, 255, 255);\n}\n@media (min-width:550px) {\n  #banner-1487997026 {\n    padding-top: 500px;\n  }\n}\n<\/style>\n  <\/div>\n\n\n     <\/div>\n\n     <div class=\"loading-spin dark large centered\"><\/div>\n\n\t<\/div>\n\n\n\t\t<\/div>\n\t\t\t\t\t<\/div>\n\n\t\n\n\t<div id=\"col-546683182\" class=\"col medium-12 small-12 large-5\"  >\n\t\t\t\t<div class=\"col-inner\"  >\n\t\t\t\n\t\t\t\n\t<div id=\"gap-1174257503\" class=\"gap-element clearfix\" style=\"display:block; height:auto;\">\n\t\t\n<style>\n#gap-1174257503 {\n  padding-top: 30px;\n}\n<\/style>\n\t<\/div>\n\t\n<h2><span style=\"color: #3a1e7f;\">ARK Vietnam - a company provides the reliable operation support service<\/span><\/h2>\n<div class=\"is-divider divider clearfix\" style=\"max-width:100px;height:4px;background-color:rgb(58, 30, 127);\"><\/div>\n<p>The sludge dewatering machine is the ending equipment in the wastewater treatment line. ARK Vietnam provides all existing models.<\/p>\n<p>Each model has a different operating mechanism, so it needs its own operating methods. This can be an obstacle for customers.<\/p>\n<p>However, when Clients come to ARK Vietnam, we will make that difficulty disappear. A team of experienced technical experts is guiding you step-by-step through a meticulous and detailed technology handover process, thereby quickly master the device.<\/p>\n<p>In addition, the consulting team is always available 24\/7 whenever customers need ARK Vietnam's help.<\/p>\n\t\t<\/div>\n\t\t\t\t\n<style>\n#col-546683182 > .col-inner {\n  padding: 0px 0px 0px 0;\n}\n@media (min-width:550px) {\n  #col-546683182 > .col-inner {\n    padding: 0px 0px 0px 30px;\n  }\n}\n<\/style>\n\t<\/div>\n\n\t\n<\/div>\n<div class=\"row row-solid\" style=\"max-width:1300px\" id=\"row-1397122458\">\n\n\t<div id=\"col-945145651\" class=\"col medium-6 small-6 large-3\"  >\n\t\t\t\t<div class=\"col-inner\"  >\n\t\t\t\n\t\t\t\n\t<div id=\"text-2208229400\" class=\"text\">\n\t\t\n<h2><span class=\"count-up\">30<\/span><\/h2>\n\t\t\n<style>\n#text-2208229400 {\n  font-size: 2.5rem;\n  text-align: center;\n}\n<\/style>\n\t<\/div>\n\t\n\t<div id=\"text-1051425015\" class=\"text\">\n\t\t\n<p>Years of experience<br \/>\n\t\t\n<style>\n#text-1051425015 {\n  text-align: center;\n}\n<\/style>\n\t<\/div>\n\t\n\t\t<\/div>\n\t\t\t\t\t<\/div>\n\n\t\n\n\t<div id=\"col-1084586738\" class=\"col medium-6 small-6 large-3\"  >\n\t\t\t\t<div class=\"col-inner\"  >\n\t\t\t\n\t\t\t\n\t<div id=\"text-402850965\" class=\"text\">\n\t\t\n<h2><span class=\"count-up\">600<\/span><\/h2>\n\t\t\n<style>\n#text-402850965 {\n  font-size: 2.5rem;\n  text-align: center;\n}\n<\/style>\n\t<\/div>\n\t\n\t<div id=\"text-4284920084\" class=\"text\">\n\t\t\n<p>Co-operated Clients<br \/>\n\t\t\n<style>\n#text-4284920084 {\n  text-align: center;\n}\n<\/style>\n\t<\/div>\n\t\n\t\t<\/div>\n\t\t\t\t\t<\/div>\n\n\t\n\n\t<div id=\"col-585238866\" class=\"col medium-6 small-6 large-3\"  >\n\t\t\t\t<div class=\"col-inner\"  >\n\t\t\t\n\t\t\t\n\t<div id=\"text-723790761\" class=\"text\">\n\t\t\n<h2><span class=\"count-up\">11<\/span><\/h2>\n\t\t\n<style>\n#text-723790761 {\n  font-size: 2.5rem;\n  text-align: center;\n}\n<\/style>\n\t<\/div>\n\t\n\t<div id=\"text-770894237\" class=\"text\">\n\t\t\n<p>Present Nations<br \/>\n\t\t\n<style>\n#text-770894237 {\n  text-align: center;\n}\n<\/style>\n\t<\/div>\n\t\n\t\t<\/div>\n\t\t\t\t\t<\/div>\n\n\t\n\n\t<div id=\"col-1170775993\" class=\"col medium-6 small-6 large-3\"  >\n\t\t\t\t<div class=\"col-inner\"  >\n\t\t\t\n\t\t\t\n\t<div id=\"text-1867899817\" class=\"text\">\n\t\t\n<h2><span class=\"count-up\">12<\/span><\/h2>\n\t\t\n<style>\n#text-1867899817 {\n  font-size: 2.5rem;\n  text-align: center;\n}\n<\/style>\n\t<\/div>\n\t\n\t<div id=\"text-170339631\" class=\"text\">\n\t\t\n<p>International Certifications<br \/>\n\t\t\n<style>\n#text-170339631 {\n  text-align: center;\n}\n<\/style>\n\t<\/div>\n\t\n\t\t<\/div>\n\t\t\t\t\t<\/div>\n\n\t\n<\/div>\n\t\t<\/div>\n\n\t\t\n<style>\n#section_461371488 {\n  padding-top: 50px;\n  padding-bottom: 50px;\n}\n@media (min-width:550px) {\n  #section_461371488 {\n    padding-top: 30px;\n    padding-bottom: 30px;\n  }\n}\n<\/style>\n\t<\/section>\n\t\n\n\t<section class=\"section\" id=\"section_1711951744\">\n\t\t<div class=\"section-bg fill\" >\n\t\t\t\t\t\t\t\t\t\n\t\t\t\n\n\t\t<\/div>\n\n\t\t\n\n\t\t<div class=\"section-content relative\">\n\t\t\t\n<div class=\"row align-center row-box-shadow-3\" style=\"max-width:1300px\" id=\"row-1990187083\">\n\n\t<div id=\"col-1658422311\" class=\"col medium-12 small-12 large-12\"  >\n\t\t\t\t<div class=\"col-inner\"  >\n\t\t\t\n\t\t\t\n\t<div id=\"text-333438364\" class=\"text\">\n\t\t\n<h3>ARK Vietnam - Experienced team<\/h3>\n\t\t\n<style>\n#text-333438364 {\n  font-size: 1.75rem;\n  text-align: center;\n}\n<\/style>\n\t<\/div>\n\t\n<div class=\"text-center\"><div class=\"is-divider divider clearfix\" style=\"max-width:100px;height:4px;\"><\/div><\/div>\n\t<div id=\"text-1957911121\" class=\"text\">\n\t\t\n<ul>\n<li style=\"text-align: left;\">We have decades of experience in the industry, have deployed &amp; supplied sludge dewatering machines for many large domestic and international projects. Support 600+ businesses to operate the machine.<\/li>\n<li style=\"text-align: left;\">Highly qualified, experienced staff and engineers.<\/li>\n<li style=\"text-align: left;\">Customer care hotline operates 24\/7, supporting customers remotely anytime, anywhere.<\/li>\n<li style=\"text-align: left;\">100% feedback, positive reviews from partners.<\/li>\n<\/ul>\n\t\t\n<style>\n#text-1957911121 {\n  text-align: center;\n}\n<\/style>\n\t<\/div>\n\t\n\t<div id=\"gap-615814688\" class=\"gap-element clearfix\" style=\"display:block; height:auto;\">\n\t\t\n<style>\n#gap-615814688 {\n  padding-top: 40px;\n}\n@media (min-width:550px) {\n  #gap-615814688 {\n    padding-top: 150px;\n  }\n}\n@media (min-width:850px) {\n  #gap-615814688 {\n    padding-top: 101px;\n  }\n}\n<\/style>\n\t<\/div>\n\t\n\t\t<\/div>\n\t\t\t\t\t<\/div>\n\n\t\n\n<style>\n#row-1990187083 > .col > .col-inner {\n  padding: 0px 0px 0px 10px;\n}\n<\/style>\n<\/div>\n<div class=\"row\" style=\"max-width:1300px\" id=\"row-1350055830\">\n\n\t<div id=\"col-827119559\" class=\"col small-12 large-12\"  >\n\t\t\t\t<div class=\"col-inner\"  >\n\t\t\t\n\t\t\t\n\n  <div class=\"banner has-hover\" id=\"banner-2116331581\">\n          <div class=\"banner-inner fill\">\n        <div class=\"banner-bg fill\" >\n            <img loading=\"lazy\" decoding=\"async\" width=\"1920\" height=\"540\" src=\"https:\/\/arkvietnam.com\/wp-content\/uploads\/2021\/12\/image-slide-huong-dan-van-hanh-1.jpg\" class=\"bg attachment-original size-original\" alt=\"\" \/>                                    \n                    <\/div>\n\t\t\n        <div class=\"banner-layers container\">\n            <div class=\"fill banner-link\"><\/div>            \n        <\/div>\n      <\/div>\n\n            \n<style>\n#banner-2116331581 {\n  padding-top: 55%;\n  background-color: rgb(238, 238, 238);\n}\n@media (min-width:550px) {\n  #banner-2116331581 {\n    padding-top: 350px;\n  }\n}\n@media (min-width:850px) {\n  #banner-2116331581 {\n    padding-top: 550px;\n  }\n}\n<\/style>\n  <\/div>\n\n\n\t\t<\/div>\n\t\t\t\t\t<\/div>\n\n\t\n<\/div>\n<div class=\"row align-center\" style=\"max-width:1300px\" id=\"row-689020582\">\n\n\t<div id=\"col-1648908098\" class=\"col medium-11 small-11 large-9\"  >\n\t\t\t\t<div class=\"col-inner\"  >\n\t\t\t\n\t\t\t\n<div class=\"video video-fit mb\" style=\"padding-top:56.25%;\"><p><iframe loading=\"lazy\" title=\"M\u00e1y \u00e9p b\u00f9n ly t\u00e2m ARK ho\u1ea1t \u0111\u1ed9ng \u1ed5n \u0111\u1ecbnh t\u1ea1i Nh\u00e0 m\u00e1y c\u1ea5p n\u01b0\u1edbc t\u1ec9nh Ph\u00fa Th\u1ecd\" width=\"1020\" height=\"574\" src=\"https:\/\/www.youtube.com\/embed\/fU3Yr5NUs4Y?feature=oembed\" frameborder=\"0\" allow=\"accelerometer; autoplay; clipboard-write; encrypted-media; gyroscope; picture-in-picture; web-share\" referrerpolicy=\"strict-origin-when-cross-origin\" allowfullscreen><\/iframe><\/p>\n<\/div>\n\t\t<\/div>\n\t\t\t\t\n<style>\n#col-1648908098 > .col-inner {\n  margin: -270px 0px 0px 0px;\n}\n@media (min-width:550px) {\n  #col-1648908098 > .col-inner {\n    margin: -550px 0px 0px 0px;\n  }\n}\n@media (min-width:850px) {\n  #col-1648908098 > .col-inner {\n    margin: -690px 0px 0px 0px;\n  }\n}\n<\/style>\n\t<\/div>\n\n\t\n<\/div>\n\t\t<\/div>\n\n\t\t\n<style>\n#section_1711951744 {\n  padding-top: 30px;\n  padding-bottom: 30px;\n  background-color: rgb(230, 238, 239);\n}\n<\/style>\n\t<\/section>\n\t\n\n\t<section class=\"section\" id=\"section_1925826859\">\n\t\t<div class=\"section-bg fill\" >\n\t\t\t\t\t\t\t\t\t\n\t\t\t\n\n\t\t<\/div>\n\n\t\t\n\n\t\t<div class=\"section-content relative\">\n\t\t\t\n<div class=\"row align-center\" style=\"max-width:1300px\" id=\"row-307748943\">\n\n\t<div id=\"col-121211238\" class=\"col medium-12 small-12 large-12\"  >\n\t\t\t\t<div class=\"col-inner text-center\"  >\n\t\t\t\n\t\t\t\n\t<div id=\"text-1101856393\" class=\"text\">\n\t\t\n<h3><span style=\"color: #3a1e7f;\">Benefits of operational support services<\/span><\/h3>\n\t\t\n<style>\n#text-1101856393 {\n  font-size: 1.75rem;\n  text-align: center;\n}\n<\/style>\n\t<\/div>\n\t\n<div class=\"text-center\"><div class=\"is-divider divider clearfix\" style=\"max-width:100px;height:4px;background-color:rgb(58, 30, 127);\"><\/div><\/div>\n\t<div id=\"text-3161104664\" class=\"text\">\n\t\t\n<p>ARK Vietnam's support services bring more benefits to your businesses than you think:<\/p>\n<ul>\n<li>Helping customers to install, operate and control all kinds of sludge dewatering machines (which are very diverse in type, size and capacity) easily and quickly. Optimize machine efficiency.<\/li>\n<li>Quickly handle requests for maintenance, replacement of spare parts and components. Because we have a factory right in Vietnam.<\/li>\n<li>Develop a specific process documentation to address customer issues.<\/li>\n<li>Build tools, adjust settings, set up, write automated software for machines. Consulting to improve the wastewater treatment system accordingly.<\/li>\n<\/ul>\n\t\t\n<style>\n#text-3161104664 {\n  text-align: left;\n}\n<\/style>\n\t<\/div>\n\t\n\t\t<\/div>\n\t\t\t\t\t<\/div>\n\n\t\n<\/div>\n\t\t<\/div>\n\n\t\t\n<style>\n#section_1925826859 {\n  padding-top: 30px;\n  padding-bottom: 30px;\n}\n<\/style>\n\t<\/section>\n\t\n\n\t<section class=\"section\" id=\"section_1917991094\">\n\t\t<div class=\"section-bg fill\" >\n\t\t\t\t\t\t\t\t\t<div class=\"section-bg-overlay absolute fill\"><\/div>\n\t\t\t\n\n\t\t<\/div>\n\n\t\t\n\n\t\t<div class=\"section-content relative\">\n\t\t\t\n<div class=\"row row-collapse row-full-width align-middle\"  id=\"row-693380731\">\n\n\t<div id=\"col-1901828127\" class=\"col medium-6 small-12 large-6\"  >\n\t\t\t\t<div class=\"col-inner\"  >\n\t\t\t\n\t\t\t\n\t<div class=\"img has-hover x md-x lg-x y md-y lg-y\" id=\"image_1383831240\">\n\t\t\t\t\t\t<div data-animate=\"fadeInLeft\">\t\t<div class=\"img-inner dark\" >\n\t\t\t<img loading=\"lazy\" decoding=\"async\" width=\"1024\" height=\"684\" src=\"https:\/\/arkvietnam.com\/wp-content\/uploads\/2021\/12\/huong-dan-van-hanh-2-100.jpg\" class=\"attachment-original size-original\" alt=\"\" srcset=\"https:\/\/arkvietnam.com\/wp-content\/uploads\/2021\/12\/huong-dan-van-hanh-2-100.jpg 1024w, https:\/\/arkvietnam.com\/wp-content\/uploads\/2021\/12\/huong-dan-van-hanh-2-100-510x341.jpg 510w, https:\/\/arkvietnam.com\/wp-content\/uploads\/2021\/12\/huong-dan-van-hanh-2-100-300x200.jpg 300w, https:\/\/arkvietnam.com\/wp-content\/uploads\/2021\/12\/huong-dan-van-hanh-2-100-768x513.jpg 768w, https:\/\/arkvietnam.com\/wp-content\/uploads\/2021\/12\/huong-dan-van-hanh-2-100-18x12.jpg 18w, https:\/\/arkvietnam.com\/wp-content\/uploads\/2021\/12\/huong-dan-van-hanh-2-100-600x401.jpg 600w\" sizes=\"auto, (max-width: 1024px) 100vw, 1024px\" \/>\t\t\t\t\t\t\n\t\t\t\t\t<\/div>\n\t\t<\/div>\t\t\t\t\t\t\n<style>\n#image_1383831240 {\n  width: 100%;\n}\n<\/style>\n\t<\/div>\n\t\n\t\t<\/div>\n\t\t\t\t\t<\/div>\n\n\t\n\n\t<div id=\"col-1717518625\" class=\"col medium-6 small-12 large-6\"  >\n\t\t\t\t<div class=\"col-inner text-left box-shadow-3\"  >\n\t\t\t\n\t\t\t\n<p>If you are having trouble choosing a sludge dewatering machine, wondering how to operate it, ARK Vietnam will be a right choice that will certainly not disappoint you.<\/p>\n<p>For any questions or feedback, please contact ARK Vietnam immediately for detailed answers. Our hotline is available 24\/7.<\/p>\n<a href=\"\/en\/contact\/\" class=\"button primary reveal-icon\" style=\"border-radius:99px;\">\n\t<i class=\"icon-clock\" aria-hidden=\"true\"><\/i>\t<span>Make an appointment<\/span>\n\t<\/a>\n\n<a href=\"tel:0977675754\" class=\"button alert is-outline reveal-icon\" style=\"border-radius:99px;\">\n\t<i class=\"icon-phone\" aria-hidden=\"true\"><\/i>\t<span>Consultant<\/span>\n\t<\/a>\n\n\t\t<\/div>\n\t\t\t\t\n<style>\n#col-1717518625 > .col-inner {\n  padding: 10% 10% 10% 10%;\n  max-width: 600px;\n}\n<\/style>\n\t<\/div>\n\n\t\n<\/div>\n\t\t<\/div>\n\n\t\t\n<style>\n#section_1917991094 {\n  padding-top: 0px;\n  padding-bottom: 0px;\n  background-color: rgb(244, 244, 244);\n}\n#section_1917991094 .section-bg-overlay {\n  background-color: rgba(255, 255, 255, 0.85);\n}\n<\/style>\n\t<\/section>\n\t\n\n\t<section class=\"section\" id=\"section_1763128845\">\n\t\t<div class=\"section-bg fill\" >\n\t\t\t\t\t\t\t\t\t\n\t\t\t\n\n\t\t<\/div>\n\n\t\t\n\n\t\t<div class=\"section-content relative\">\n\t\t\t\n<h3 style=\"text-align: center;\"><span style=\"color: #3a1e7f; font-size: 115%;\">Why choose ARK Vietnam?<\/span><\/h3>\n<h3 style=\"text-align: center;\"><span style=\"color: #282828;\">OPERATIONAL GUIDANCE SERVICE FOR SLUDGE DEWATERING MACHINE<\/span><\/h3>\n<div class=\"row align-center row-dashed\"  id=\"row-1341355850\">\n\n\t<div id=\"col-1829427960\" class=\"col medium-3 small-6 large-3\"  >\n\t\t\t\t<div class=\"col-inner\"  >\n\t\t\t\n\t\t\t\n\n\t\t<div class=\"icon-box featured-box icon-box-center text-center\"  >\n\t\t\t\t\t<div class=\"icon-box-img\" style=\"width: 50px\">\n\t\t\t\t<div class=\"icon\">\n\t\t\t\t\t<div class=\"icon-inner\" >\n\t\t\t\t\t\t<img loading=\"lazy\" decoding=\"async\" width=\"64\" height=\"64\" src=\"https:\/\/arkvietnam.com\/wp-content\/uploads\/2021\/12\/man.jpg\" class=\"attachment-medium size-medium\" alt=\"\" srcset=\"https:\/\/arkvietnam.com\/wp-content\/uploads\/2021\/12\/man.jpg 64w, https:\/\/arkvietnam.com\/wp-content\/uploads\/2021\/12\/man-12x12.jpg 12w\" sizes=\"auto, (max-width: 64px) 100vw, 64px\" \/>\t\t\t\t\t<\/div>\n\t\t\t\t<\/div>\n\t\t\t<\/div>\n\t\t\t\t<div class=\"icon-box-text last-reset\">\n\t\t\t\t\t\t\t\t\t\n<h3 style=\"text-align: center;\">Satisfying customers<\/h3>\n<p style=\"text-align: center;\">The operational guidance is committed to satisfy the requirements of the customer.<\/p>\n\t\t<\/div>\n\t<\/div>\n\t\n\t\n\t\t<\/div>\n\t\t\t\t\t<\/div>\n\n\t\n\n\t<div id=\"col-157601770\" class=\"col medium-3 small-6 large-3\"  >\n\t\t\t\t<div class=\"col-inner\"  >\n\t\t\t\n\t\t\t\n\n\t\t<div class=\"icon-box featured-box icon-box-center text-center\"  >\n\t\t\t\t\t<div class=\"icon-box-img\" style=\"width: 50px\">\n\t\t\t\t<div class=\"icon\">\n\t\t\t\t\t<div class=\"icon-inner\" >\n\t\t\t\t\t\t<img loading=\"lazy\" decoding=\"async\" width=\"64\" height=\"64\" src=\"https:\/\/arkvietnam.com\/wp-content\/uploads\/2021\/12\/clock.jpg\" class=\"attachment-medium size-medium\" alt=\"\" srcset=\"https:\/\/arkvietnam.com\/wp-content\/uploads\/2021\/12\/clock.jpg 64w, https:\/\/arkvietnam.com\/wp-content\/uploads\/2021\/12\/clock-12x12.jpg 12w\" sizes=\"auto, (max-width: 64px) 100vw, 64px\" \/>\t\t\t\t\t<\/div>\n\t\t\t\t<\/div>\n\t\t\t<\/div>\n\t\t\t\t<div class=\"icon-box-text last-reset\">\n\t\t\t\t\t\t\t\t\t\n<h3>Quick process<\/h3>\n<p style=\"text-align: center;\">Plan as soon as receiving Client's the request. Quickly survey the actual situation and providing the quotation.<\/p>\n\t\t<\/div>\n\t<\/div>\n\t\n\t\n\t\t<\/div>\n\t\t\t\t\t<\/div>\n\n\t\n\n\t<div id=\"col-283453947\" class=\"col medium-3 small-6 large-3\"  >\n\t\t\t\t<div class=\"col-inner\"  >\n\t\t\t\n\t\t\t\n\n\t\t<div class=\"icon-box featured-box icon-box-center text-center\"  >\n\t\t\t\t\t<div class=\"icon-box-img\" style=\"width: 50px\">\n\t\t\t\t<div class=\"icon\">\n\t\t\t\t\t<div class=\"icon-inner\" >\n\t\t\t\t\t\t<img loading=\"lazy\" decoding=\"async\" width=\"64\" height=\"64\" src=\"https:\/\/arkvietnam.com\/wp-content\/uploads\/2021\/12\/hand.jpg\" class=\"attachment-medium size-medium\" alt=\"\" srcset=\"https:\/\/arkvietnam.com\/wp-content\/uploads\/2021\/12\/hand.jpg 64w, https:\/\/arkvietnam.com\/wp-content\/uploads\/2021\/12\/hand-12x12.jpg 12w\" sizes=\"auto, (max-width: 64px) 100vw, 64px\" \/>\t\t\t\t\t<\/div>\n\t\t\t\t<\/div>\n\t\t\t<\/div>\n\t\t\t\t<div class=\"icon-box-text last-reset\">\n\t\t\t\t\t\t\t\t\t\n<h3 style=\"text-align: center;\">Quality guarantee<\/h3>\n<p style=\"text-align: center;\">We own a professional technical team with many years of operating experience.<\/p>\n\t\t<\/div>\n\t<\/div>\n\t\n\t\n\t\t<\/div>\n\t\t\t\t\t<\/div>\n\n\t\n\n\t<div id=\"col-840403628\" class=\"col medium-3 small-6 large-3\"  >\n\t\t\t\t<div class=\"col-inner\"  >\n\t\t\t\n\t\t\t\n\n\t\t<div class=\"icon-box featured-box icon-box-center text-center\"  >\n\t\t\t\t\t<div class=\"icon-box-img\" style=\"width: 50px\">\n\t\t\t\t<div class=\"icon\">\n\t\t\t\t\t<div class=\"icon-inner\" >\n\t\t\t\t\t\t<img loading=\"lazy\" decoding=\"async\" width=\"64\" height=\"64\" src=\"https:\/\/arkvietnam.com\/wp-content\/uploads\/2021\/12\/z3060939415338_8db142392ffb2dd96fdc61f7c4852dda.jpg\" class=\"attachment-medium size-medium\" alt=\"\" srcset=\"https:\/\/arkvietnam.com\/wp-content\/uploads\/2021\/12\/z3060939415338_8db142392ffb2dd96fdc61f7c4852dda.jpg 64w, https:\/\/arkvietnam.com\/wp-content\/uploads\/2021\/12\/z3060939415338_8db142392ffb2dd96fdc61f7c4852dda-12x12.jpg 12w\" sizes=\"auto, (max-width: 64px) 100vw, 64px\" \/>\t\t\t\t\t<\/div>\n\t\t\t\t<\/div>\n\t\t\t<\/div>\n\t\t\t\t<div class=\"icon-box-text last-reset\">\n\t\t\t\t\t\t\t\t\t\n<h3 style=\"text-align: center;\">Guaranteed effect<\/h3>\n<p style=\"text-align: center;\">Products and services of ARK Vietnam are guaranteed by a team of highly specialized, dedicated and responsible technicians.<\/p>\n\t\t<\/div>\n\t<\/div>\n\t\n\t\n\t\t<\/div>\n\t\t\t\t\t<\/div>\n\n\t\n<\/div>\n\t\t<\/div>\n\n\t\t\n<style>\n#section_1763128845 {\n  padding-top: 30px;\n  padding-bottom: 30px;\n}\n<\/style>\n\t<\/section>","protected":false},"excerpt":{"rendered":"","protected":false},"author":1,"featured_media":0,"parent":0,"menu_order":0,"comment_status":"closed","ping_status":"closed","template":"page-blank.php","meta":{"_acf_changed":false,"_gspb_post_css":"","footnotes":""},"class_list":["post-1210","page","type-page","status-publish","hentry"],"acf":[],"_links":{"self":[{"href":"https:\/\/arkvietnam.com\/en\/wp-json\/wp\/v2\/pages\/1210","targetHints":{"allow":["GET"]}}],"collection":[{"href":"https:\/\/arkvietnam.com\/en\/wp-json\/wp\/v2\/pages"}],"about":[{"href":"https:\/\/arkvietnam.com\/en\/wp-json\/wp\/v2\/types\/page"}],"author":[{"embeddable":true,"href":"https:\/\/arkvietnam.com\/en\/wp-json\/wp\/v2\/users\/1"}],"replies":[{"embeddable":true,"href":"https:\/\/arkvietnam.com\/en\/wp-json\/wp\/v2\/comments?post=1210"}],"version-history":[{"count":0,"href":"https:\/\/arkvietnam.com\/en\/wp-json\/wp\/v2\/pages\/1210\/revisions"}],"wp:attachment":[{"href":"https:\/\/arkvietnam.com\/en\/wp-json\/wp\/v2\/media?parent=1210"}],"curies":[{"name":"wp","href":"https:\/\/api.w.org\/{rel}","templated":true}]}}